{"id":925,"date":"2021-03-21T22:29:46","date_gmt":"2021-03-22T02:29:46","guid":{"rendered":"https:\/\/fmahaiti.org\/site\/?page_id=925"},"modified":"2021-04-05T12:55:23","modified_gmt":"2021-04-05T16:55:23","slug":"nous-contacter","status":"publish","type":"page","link":"https:\/\/fmahaiti.org\/site\/blog\/nous-contacter\/","title":{"rendered":"Nous Contacter"},"content":{"rendered":"<p>Pour contacter les S\u0153urs Sal\u00e9siennes d&rsquo;Haiti \u00e9lectroniquement, veuillez remplir le formulaire suivant.<\/p>\n<ul>\n<li>Les champs obligatoires sont indiqu\u00e9s avec *<\/li>\n<li>Les informations soumises ne seront pas publi\u00e9es ou partag\u00e9es avec des tiers.<\/li>\n<\/ul>\n<div class=\"wpforms-container wpforms-container-full\" id=\"wpforms-924\"><form id=\"wpforms-form-924\" class=\"wpforms-validate wpforms-form\" data-formid=\"924\" method=\"post\" enctype=\"multipart\/form-data\" action=\"\/site\/wp-json\/wp\/v2\/pages\/925\" data-token=\"691ca8e0fcc414fc1b97d9c4b0db4594\" data-token-time=\"1777709282\"><noscript class=\"wpforms-error-noscript\">Veuillez activer JavaScript dans votre navigateur pour remplir ce formulaire.<\/noscript><div class=\"wpforms-field-container\"><div id=\"wpforms-924-field_0-container\" class=\"wpforms-field wpforms-field-name\" data-field-id=\"0\"><label class=\"wpforms-field-label\">Votre Nom <span class=\"wpforms-required-label\">*<\/span><\/label><div class=\"wpforms-field-row wpforms-field-medium\"><div class=\"wpforms-field-row-block wpforms-first wpforms-one-half\"><input type=\"text\" id=\"wpforms-924-field_0\" class=\"wpforms-field-name-first wpforms-field-required\" name=\"wpforms[fields][0][first]\" required><label for=\"wpforms-924-field_0\" class=\"wpforms-field-sublabel after\">Pr\u00e9nom<\/label><\/div><div class=\"wpforms-field-row-block wpforms-one-half\"><input type=\"text\" id=\"wpforms-924-field_0-last\" class=\"wpforms-field-name-last wpforms-field-required\" name=\"wpforms[fields][0][last]\" required><label for=\"wpforms-924-field_0-last\" class=\"wpforms-field-sublabel after\">Nom<\/label><\/div><\/div><\/div><div id=\"wpforms-924-field_1-container\" class=\"wpforms-field wpforms-field-email\" data-field-id=\"1\"><label class=\"wpforms-field-label\">Votre Email <span class=\"wpforms-required-label\">*<\/span><\/label><div class=\"wpforms-field-row wpforms-field-medium\"><div class=\"wpforms-field-row-block wpforms-one-half wpforms-first\"><input type=\"email\" id=\"wpforms-924-field_1\" class=\"wpforms-field-required wpforms-field-email-primary\" name=\"wpforms[fields][1][primary]\" spellcheck=\"false\" required><label for=\"wpforms-924-field_1\" class=\"wpforms-field-sublabel after\">E-mail<\/label><\/div><div class=\"wpforms-field-row-block wpforms-one-half\"><input type=\"email\" id=\"wpforms-924-field_1-secondary\" class=\"wpforms-field-email-secondary wpforms-field-required\" data-rule-confirm=\"#wpforms-924-field_1\" name=\"wpforms[fields][1][secondary]\" spellcheck=\"false\" required><label for=\"wpforms-924-field_1-secondary\" class=\"wpforms-field-sublabel after\">Confirmez l\u2019e-mail<\/label><\/div><\/div><\/div><div id=\"wpforms-924-field_7-container\" class=\"wpforms-field wpforms-field-text\" data-field-id=\"7\"><label class=\"wpforms-field-label\" for=\"wpforms-924-field_7\">Votre Pays de r\u00e9sidence <span class=\"wpforms-required-label\">*<\/span><\/label><input type=\"text\" id=\"wpforms-924-field_7\" class=\"wpforms-field-medium wpforms-field-required\" name=\"wpforms[fields][7]\" required><\/div><div id=\"wpforms-924-field_8-container\" class=\"wpforms-field wpforms-field-text\" data-field-id=\"8\"><label class=\"wpforms-field-label\" for=\"wpforms-924-field_8\">Sujet <span class=\"wpforms-required-label\">*<\/span><\/label><input type=\"text\" id=\"wpforms-924-field_8\" class=\"wpforms-field-medium wpforms-field-required\" name=\"wpforms[fields][8]\" required><\/div><div id=\"wpforms-924-field_2-container\" class=\"wpforms-field wpforms-field-textarea\" data-field-id=\"2\"><label class=\"wpforms-field-label\" for=\"wpforms-924-field_2\">Votre Message <span class=\"wpforms-required-label\">*<\/span><\/label><textarea id=\"wpforms-924-field_2\" class=\"wpforms-field-medium wpforms-field-required\" name=\"wpforms[fields][2]\" required><\/textarea><\/div><\/div><!-- .wpforms-field-container --><div class=\"wpforms-recaptcha-container wpforms-is-recaptcha wpforms-is-recaptcha-type-v2\" ><div class=\"g-recaptcha\" data-sitekey=\"6LfJp5IaAAAAABPVnKuoyrWhpnJSl58hos9sM_Ic\"><\/div><input type=\"text\" name=\"g-recaptcha-hidden\" class=\"wpforms-recaptcha-hidden\" style=\"position:absolute!important;clip:rect(0,0,0,0)!important;height:1px!important;width:1px!important;border:0!important;overflow:hidden!important;padding:0!important;margin:0!important;\" data-rule-recaptcha=\"1\"><\/div><div class=\"wpforms-submit-container\" ><input type=\"hidden\" name=\"wpforms[id]\" value=\"924\"><input type=\"hidden\" name=\"page_title\" value=\"\"><input type=\"hidden\" name=\"page_url\" value=\"https:\/\/fmahaiti.org\/site\/wp-json\/wp\/v2\/pages\/925\"><input type=\"hidden\" name=\"url_referer\" value=\"\"><button type=\"submit\" name=\"wpforms[submit]\" id=\"wpforms-submit-924\" class=\"wpforms-submit\" data-alt-text=\"Envoi...\" data-submit-text=\"Envoyer\" aria-live=\"assertive\" value=\"wpforms-submit\">Envoyer<\/button><\/div><\/form><\/div>  <!-- .wpforms-container -->\n","protected":false},"excerpt":{"rendered":"<p>Pour contacter les S\u0153urs Sal\u00e9siennes d&rsquo;Haiti \u00e9lectroniquement, veuillez remplir le formulaire suivant. Les champs obligatoires sont indiqu\u00e9s avec * Les informations soumises ne seront pas&hellip;<\/p>\n","protected":false},"author":1,"featured_media":0,"parent":584,"menu_order":10,"comment_status":"closed","ping_status":"closed","template":"contact.php","meta":{"footnotes":""},"class_list":["post-925","page","type-page","status-publish","hentry"],"jetpack_sharing_enabled":true,"jetpack_shortlink":"https:\/\/wp.me\/PcR5kd-eV","jetpack-related-posts":[{"id":1018,"url":"https:\/\/fmahaiti.org\/site\/merci-de-nous-contacter\/","url_meta":{"origin":925,"position":0},"title":"Merci de nous contacter","author":"fmahaiti","date":"28 mars 2021","format":false,"excerpt":"Bonjour, Merci de nous avoir contact\u00e9es. Nous vous contacterons si une r\u00e9ponse s'av\u00e8re n\u00e9cessaire. Que Marie Auxiliatrice vous b\u00e9nisse! Unions de pri\u00e8res, Les S\u0153urs Sal\u00e9siennes d'Haiti \u00a0 \u21ba Retour \u00e0 la Page d'accueil.","rel":"","context":"Article similaire","block_context":{"text":"Article similaire","link":""},"img":{"alt_text":"","src":"","width":0,"height":0},"classes":[]},{"id":512,"url":"https:\/\/fmahaiti.org\/site\/origine\/vocation-fma\/","url_meta":{"origin":925,"position":1},"title":"Devenir Fille de Marie Auxiliatrice\u00a0ou\u00a0Sal\u00e9sienne de Don Bosco","author":"fmahaiti","date":"11 mars 2021","format":false,"excerpt":"Quand une jeune s\u2019oriente vers notre Institut, nous nous mettons \u00e0 l\u2019\u00e9coute de ses motivations profondes, et nous l\u2019aidons progressivement \u00e0 les \u00e9claircir. Nous lui offrons un cheminement de formation initiale qui comprend diff\u00e9rentes \u00e9tapes...","rel":"","context":"Article similaire","block_context":{"text":"Article similaire","link":""},"img":{"alt_text":"","src":"https:\/\/i0.wp.com\/fmahaiti.org\/site\/wp-content\/uploads\/2024\/12\/Photo-Sta-1024x632.jpg?resize=350%2C200&ssl=1","width":350,"height":200,"srcset":"https:\/\/i0.wp.com\/fmahaiti.org\/site\/wp-content\/uploads\/2024\/12\/Photo-Sta-1024x632.jpg?resize=350%2C200&ssl=1 1x, https:\/\/i0.wp.com\/fmahaiti.org\/site\/wp-content\/uploads\/2024\/12\/Photo-Sta-1024x632.jpg?resize=525%2C300&ssl=1 1.5x, https:\/\/i0.wp.com\/fmahaiti.org\/site\/wp-content\/uploads\/2024\/12\/Photo-Sta-1024x632.jpg?resize=700%2C400&ssl=1 2x"},"classes":[]},{"id":631,"url":"https:\/\/fmahaiti.org\/site\/famille-salesienne\/bienfaiteurs-et-bienfaitrices\/","url_meta":{"origin":925,"position":2},"title":"Nos Bienfaiteurs et Bienfaitrices","author":"fmahaiti","date":"18 mars 2021","format":false,"excerpt":"Nos Bienfaiteurs et Bienfaitrices sont des hommes et des femmes, de toutes les couches epid\u00e9miques, de toutes les sph\u00e8res politiques, et de cr\u00e9dos divers, gagnant leur vie \u00e0 la sueur de leur front. Ils sont unis dans leur \u00e9lan de g\u00e9n\u00e9rosit\u00e9 et dans la reconnaissance de la valeur de notre\u2026","rel":"","context":"Article similaire","block_context":{"text":"Article similaire","link":""},"img":{"alt_text":"","src":"","width":0,"height":0},"classes":[]}],"_links":{"self":[{"href":"https:\/\/fmahaiti.org\/site\/wp-json\/wp\/v2\/pages\/925","targetHints":{"allow":["GET"]}}],"collection":[{"href":"https:\/\/fmahaiti.org\/site\/wp-json\/wp\/v2\/pages"}],"about":[{"href":"https:\/\/fmahaiti.org\/site\/wp-json\/wp\/v2\/types\/page"}],"author":[{"embeddable":true,"href":"https:\/\/fmahaiti.org\/site\/wp-json\/wp\/v2\/users\/1"}],"replies":[{"embeddable":true,"href":"https:\/\/fmahaiti.org\/site\/wp-json\/wp\/v2\/comments?post=925"}],"version-history":[{"count":4,"href":"https:\/\/fmahaiti.org\/site\/wp-json\/wp\/v2\/pages\/925\/revisions"}],"predecessor-version":[{"id":1210,"href":"https:\/\/fmahaiti.org\/site\/wp-json\/wp\/v2\/pages\/925\/revisions\/1210"}],"up":[{"embeddable":true,"href":"https:\/\/fmahaiti.org\/site\/wp-json\/wp\/v2\/pages\/584"}],"wp:attachment":[{"href":"https:\/\/fmahaiti.org\/site\/wp-json\/wp\/v2\/media?parent=925"}],"curies":[{"name":"wp","href":"https:\/\/api.w.org\/{rel}","templated":true}]}}