{"id":867,"date":"2021-03-21T16:28:29","date_gmt":"2021-03-21T20:28:29","guid":{"rendered":"https:\/\/fmahaiti.org\/site\/?page_id=867"},"modified":"2024-08-08T10:08:29","modified_gmt":"2024-08-08T14:08:29","slug":"multimedia-video","status":"publish","type":"page","link":"https:\/\/fmahaiti.org\/site\/blog\/multimedia-video\/","title":{"rendered":"Multimedia: Vid\u00e9os"},"content":{"rendered":"<h2 style=\"font-family: 'Chango'; color: #ff0000;\" align=\"center\">\u2261 De la Province \u2261<\/h2>\n<h1 class=\"style-scope ytd-watch-metadata\" style=\"text-align: center;\">Voeux Perp\u00e9tuels &#8211; Noces d&rsquo;argent<br \/>\nNoces d&rsquo;or &#8211; Filles de Marie Auxiliatrice 2024<\/h1>\n<p><span class=\"embed-youtube\" style=\"text-align:center; display: block;\"><iframe loading=\"lazy\" class=\"youtube-player\" width=\"843\" height=\"475\" src=\"https:\/\/www.youtube.com\/embed\/ipvzZDD7Sfw?version=3&#038;rel=1&#038;showsearch=0&#038;showinfo=1&#038;iv_load_policy=1&#038;fs=1&#038;hl=fr-FR&#038;autohide=2&#038;wmode=transparent\" allowfullscreen=\"true\" style=\"border:0;\" sandbox=\"allow-scripts allow-same-origin allow-popups allow-presentation allow-popups-to-escape-sandbox\"><\/iframe><\/span><\/p>\n<h2 class=\"style-scope ytd-watch-metadata\" style=\"text-align: center;\">Gratitude Provinciale 2024 \u2013 Partie culturelle<\/h2>\n<p><span class=\"embed-youtube\" style=\"text-align:center; display: block;\"><iframe loading=\"lazy\" class=\"youtube-player\" width=\"843\" height=\"475\" src=\"https:\/\/www.youtube.com\/embed\/FqAWdwOu9DI?version=3&#038;rel=1&#038;showsearch=0&#038;showinfo=1&#038;iv_load_policy=1&#038;fs=1&#038;hl=fr-FR&#038;autohide=2&#038;wmode=transparent\" allowfullscreen=\"true\" style=\"border:0;\" sandbox=\"allow-scripts allow-same-origin allow-popups allow-presentation allow-popups-to-escape-sandbox\"><\/iframe><\/span><\/p>\n<h2 class=\"style-scope ytd-watch-metadata\" style=\"text-align: center;\">Gratitude Provinciale 2024-\u00a0 Eucharistie<\/h2>\n<p><span class=\"embed-youtube\" style=\"text-align:center; display: block;\"><iframe loading=\"lazy\" class=\"youtube-player\" width=\"843\" height=\"475\" src=\"https:\/\/www.youtube.com\/embed\/aR_516r1L2Q?version=3&#038;rel=1&#038;showsearch=0&#038;showinfo=1&#038;iv_load_policy=1&#038;fs=1&#038;hl=fr-FR&#038;autohide=2&#038;wmode=transparent\" allowfullscreen=\"true\" style=\"border:0;\" sandbox=\"allow-scripts allow-same-origin allow-popups allow-presentation allow-popups-to-escape-sandbox\"><\/iframe><\/span><\/p>\n<h1 style=\"text-align: center;\">Dernier hommage \u00e0 sr Maxima<\/h1>\n<p><span class=\"embed-youtube\" style=\"text-align:center; display: block;\"><iframe loading=\"lazy\" class=\"youtube-player\" width=\"843\" height=\"475\" src=\"https:\/\/www.youtube.com\/embed\/sBWLe6VazhQ?version=3&#038;rel=1&#038;showsearch=0&#038;showinfo=1&#038;iv_load_policy=1&#038;fs=1&#038;hl=fr-FR&#038;autohide=2&#038;wmode=transparent\" allowfullscreen=\"true\" style=\"border:0;\" sandbox=\"allow-scripts allow-same-origin allow-popups allow-presentation allow-popups-to-escape-sandbox\"><\/iframe><\/span><\/p>\n<h2 style=\"text-align: center;\">Bonne F\u00eate \u00e0 sr Maxima Martinez pour ses 100 ans<\/h2>\n<p><span class=\"embed-youtube\" style=\"text-align:center; display: block;\"><iframe loading=\"lazy\" class=\"youtube-player\" width=\"843\" height=\"475\" src=\"https:\/\/www.youtube.com\/embed\/G7gz0AzMmZo?version=3&#038;rel=1&#038;showsearch=0&#038;showinfo=1&#038;iv_load_policy=1&#038;fs=1&#038;hl=fr-FR&#038;autohide=2&#038;wmode=transparent\" allowfullscreen=\"true\" style=\"border:0;\" sandbox=\"allow-scripts allow-same-origin allow-popups allow-presentation allow-popups-to-escape-sandbox\"><\/iframe><\/span><\/p>\n<h2 style=\"text-align: center;\"><strong>Bonne F\u00eate aux jubilaires de 2023<\/strong><\/h2>\n<p><span class=\"embed-youtube\" style=\"text-align:center; display: block;\"><iframe loading=\"lazy\" class=\"youtube-player\" width=\"843\" height=\"475\" src=\"https:\/\/www.youtube.com\/embed\/u8oOY6wcuDw?version=3&#038;rel=1&#038;showsearch=0&#038;showinfo=1&#038;iv_load_policy=1&#038;fs=1&#038;hl=fr-FR&#038;autohide=2&#038;wmode=transparent\" allowfullscreen=\"true\" style=\"border:0;\" sandbox=\"allow-scripts allow-same-origin allow-popups allow-presentation allow-popups-to-escape-sandbox\"><\/iframe><\/span><\/p>\n<p>&nbsp;<\/p>\n<h2 style=\"text-align: center;\">Hymne 150 ans Institut<\/h2>\n<p><span class=\"embed-youtube\" style=\"text-align:center; display: block;\"><iframe loading=\"lazy\" class=\"youtube-player\" width=\"843\" height=\"475\" src=\"https:\/\/www.youtube.com\/embed\/8LMCCzoFSZY?version=3&#038;rel=1&#038;showsearch=0&#038;showinfo=1&#038;iv_load_policy=1&#038;fs=1&#038;hl=fr-FR&#038;autohide=2&#038;wmode=transparent\" allowfullscreen=\"true\" style=\"border:0;\" sandbox=\"allow-scripts allow-same-origin allow-popups allow-presentation allow-popups-to-escape-sandbox\"><\/iframe><\/span><\/p>\n<h3 align=\"center\">Tremblement 14 ao\u00fbt 2021 de terre Cayes<\/h3>\n<p><span class=\"embed-youtube\" style=\"text-align:center; display: block;\"><iframe loading=\"lazy\" class=\"youtube-player\" width=\"843\" height=\"475\" src=\"https:\/\/www.youtube.com\/embed\/elkr0CnGaVY?version=3&#038;rel=1&#038;showsearch=0&#038;showinfo=1&#038;iv_load_policy=1&#038;fs=1&#038;hl=fr-FR&#038;autohide=2&#038;wmode=transparent\" allowfullscreen=\"true\" style=\"border:0;\" sandbox=\"allow-scripts allow-same-origin allow-popups allow-presentation allow-popups-to-escape-sandbox\"><\/iframe><\/span><\/p>\n<h3 align=\"center\">Tremblement 14 ao\u00fbt 2021 de terre &#8211; Cayes<\/h3>\n<p><span class=\"embed-youtube\" style=\"text-align:center; display: block;\"><iframe loading=\"lazy\" class=\"youtube-player\" width=\"843\" height=\"475\" src=\"https:\/\/www.youtube.com\/embed\/sAbOOUxXKUU?version=3&#038;rel=1&#038;showsearch=0&#038;showinfo=1&#038;iv_load_policy=1&#038;fs=1&#038;hl=fr-FR&#038;autohide=2&#038;wmode=transparent\" allowfullscreen=\"true\" style=\"border:0;\" sandbox=\"allow-scripts allow-same-origin allow-popups allow-presentation allow-popups-to-escape-sandbox\"><\/iframe><\/span><\/p>\n<h3 align=\"center\">Tremblement de terre 14 ao\u00fbt 2021 &#8211; Cayes<\/h3>\n<p style=\"text-align: center;\"><a href=\"http:\/\/https:\/\/fmahaiti.org\/site\/wp-content\/uploads\/2021\/08\/VID-20210826-WA0000.mp4?_=1\">http:\/\/https:\/\/fmahaiti.org\/site\/wp-content\/uploads\/2021\/08\/VID-20210826-WA0000.mp4?_=1<\/a><\/p>\n<h2 align=\"center\"><\/h2>\n<p><!--more--><\/p>\n<h2 style=\"font-family: 'Chango'; color: #ff0000;\" align=\"center\">\u2261 Nos S\u0153urs en action\u2261<\/h2>\n<p><img decoding=\"async\" class=\"aligncenter\" src=\"\/.\/images\/line_top.png\" \/><\/p>\n<p><span class=\"embed-youtube\" style=\"text-align:center; display: block;\"><iframe loading=\"lazy\" class=\"youtube-player\" width=\"843\" height=\"475\" src=\"https:\/\/www.youtube.com\/embed\/zyTgXfSJTqo?version=3&#038;rel=1&#038;showsearch=0&#038;showinfo=1&#038;iv_load_policy=1&#038;fs=1&#038;hl=fr-FR&#038;autohide=2&#038;start=1&#038;wmode=transparent\" allowfullscreen=\"true\" style=\"border:0;\" sandbox=\"allow-scripts allow-same-origin allow-popups allow-presentation allow-popups-to-escape-sandbox\"><\/iframe><\/span><\/p>\n<p><span class=\"embed-youtube\" style=\"text-align:center; display: block;\"><iframe loading=\"lazy\" class=\"youtube-player\" width=\"843\" height=\"475\" src=\"https:\/\/www.youtube.com\/embed\/Xy49P2bGKdY?version=3&#038;rel=1&#038;showsearch=0&#038;showinfo=1&#038;iv_load_policy=1&#038;fs=1&#038;hl=fr-FR&#038;autohide=2&#038;wmode=transparent\" allowfullscreen=\"true\" style=\"border:0;\" sandbox=\"allow-scripts allow-same-origin allow-popups allow-presentation allow-popups-to-escape-sandbox\"><\/iframe><\/span><\/p>\n<p><span class=\"embed-youtube\" style=\"text-align:center; display: block;\"><iframe loading=\"lazy\" class=\"youtube-player\" width=\"843\" height=\"475\" src=\"https:\/\/www.youtube.com\/embed\/AQjDUn6jr7E?version=3&#038;rel=1&#038;showsearch=0&#038;showinfo=1&#038;iv_load_policy=1&#038;fs=1&#038;hl=fr-FR&#038;autohide=2&#038;wmode=transparent\" allowfullscreen=\"true\" style=\"border:0;\" sandbox=\"allow-scripts allow-same-origin allow-popups allow-presentation allow-popups-to-escape-sandbox\"><\/iframe><\/span><\/p>\n<p><!--nextpage--><\/p>\n<h3 style=\"font-family: 'Chango'; color: #ff0000;\" align=\"center\">\u2261 Nos Soeurs en action: Section 2 \u2261<img decoding=\"async\" class=\"aligncenter\" src=\"\/.\/images\/line_top.png\" \/><\/h3>\n<p><span class=\"embed-youtube\" style=\"text-align:center; display: block;\"><iframe loading=\"lazy\" class=\"youtube-player\" width=\"843\" height=\"475\" src=\"https:\/\/www.youtube.com\/embed\/eUJ1vuv1vxM?version=3&#038;rel=1&#038;showsearch=0&#038;showinfo=1&#038;iv_load_policy=1&#038;fs=1&#038;hl=fr-FR&#038;autohide=2&#038;start=84&#038;wmode=transparent\" allowfullscreen=\"true\" style=\"border:0;\" sandbox=\"allow-scripts allow-same-origin allow-popups allow-presentation allow-popups-to-escape-sandbox\"><\/iframe><\/span><\/p>\n<p><span class=\"embed-youtube\" style=\"text-align:center; display: block;\"><iframe loading=\"lazy\" class=\"youtube-player\" width=\"843\" height=\"475\" src=\"https:\/\/www.youtube.com\/embed\/58pQ_T565og?version=3&#038;rel=1&#038;showsearch=0&#038;showinfo=1&#038;iv_load_policy=1&#038;fs=1&#038;hl=fr-FR&#038;autohide=2&#038;wmode=transparent\" allowfullscreen=\"true\" style=\"border:0;\" sandbox=\"allow-scripts allow-same-origin allow-popups allow-presentation allow-popups-to-escape-sandbox\"><\/iframe><\/span><\/p>\n<p><span class=\"embed-youtube\" style=\"text-align:center; display: block;\"><iframe loading=\"lazy\" class=\"youtube-player\" width=\"843\" height=\"475\" src=\"https:\/\/www.youtube.com\/embed\/fr0UdHJtdmA?version=3&#038;rel=1&#038;showsearch=0&#038;showinfo=1&#038;iv_load_policy=1&#038;fs=1&#038;hl=fr-FR&#038;autohide=2&#038;wmode=transparent\" allowfullscreen=\"true\" style=\"border:0;\" sandbox=\"allow-scripts allow-same-origin allow-popups allow-presentation allow-popups-to-escape-sandbox\"><\/iframe><\/span><\/p>\n<p><!--nextpage--><\/p>\n<h3 style=\"font-family: 'Chango'; color: #ff0000;\" align=\"center\">\u2261 De nos maisons: Section 3 \u2261<\/h3>\n<div><\/div>\n<div>\n<p><span class=\"embed-youtube\" style=\"text-align:center; display: block;\"><iframe loading=\"lazy\" class=\"youtube-player\" width=\"843\" height=\"475\" src=\"https:\/\/www.youtube.com\/embed\/jgvQtaQO-gc?version=3&#038;rel=1&#038;showsearch=0&#038;showinfo=1&#038;iv_load_policy=1&#038;fs=1&#038;hl=fr-FR&#038;autohide=2&#038;wmode=transparent\" allowfullscreen=\"true\" style=\"border:0;\" sandbox=\"allow-scripts allow-same-origin allow-popups allow-presentation allow-popups-to-escape-sandbox\"><\/iframe><\/span><\/p>\n<\/div>\n<div style=\"text-align: center;\">\n<p><span class=\"embed-youtube\" style=\"text-align:center; display: block;\"><iframe loading=\"lazy\" class=\"youtube-player\" width=\"843\" height=\"475\" src=\"https:\/\/www.youtube.com\/embed\/zVisfQgpUr8?version=3&#038;rel=1&#038;showsearch=0&#038;showinfo=1&#038;iv_load_policy=1&#038;fs=1&#038;hl=fr-FR&#038;autohide=2&#038;wmode=transparent\" allowfullscreen=\"true\" style=\"border:0;\" sandbox=\"allow-scripts allow-same-origin allow-popups allow-presentation allow-popups-to-escape-sandbox\"><\/iframe><\/span><\/p>\n<p><iframe loading=\"lazy\" style=\"border: none; overflow: hidden;\" src=\"https:\/\/www.facebook.com\/plugins\/video.php?height=415&amp;href=https%3A%2F%2Fwww.facebook.com%2Fsalesienneshaiti%2Fvideos%2F269727028051130%2F&amp;show_text=false&amp;width=560\" width=\"100%\" height=\"450\" frameborder=\"0\" scrolling=\"no\" allowfullscreen=\"allowfullscreen\"><\/iframe><\/p>\n<\/div>\n","protected":false},"excerpt":{"rendered":"<p>Vid\u00e9o des S\u0153urs sal\u00e9siennes d&rsquo;Haiti ou d&rsquo;ailleurs en action dans les diff\u00e9rents champs d&rsquo;apostolat ou montrant le dynamisme de l&rsquo;institut.<\/p>\n","protected":false},"author":1,"featured_media":0,"parent":584,"menu_order":1,"comment_status":"closed","ping_status":"closed","template":"","meta":{"footnotes":""},"class_list":["post-867","page","type-page","status-publish","hentry"],"jetpack_sharing_enabled":true,"jetpack_shortlink":"https:\/\/wp.me\/PcR5kd-dZ","jetpack-related-posts":[{"id":654,"url":"https:\/\/fmahaiti.org\/site\/origine\/nos-defuntes\/","url_meta":{"origin":867,"position":0},"title":"Nos D\u00e9funtes","author":"fmahaiti","date":"18 mars 2021","format":false,"excerpt":"La charit\u00e9, qui a maintenu les Filles de Marie Auxiliatrice dans la vie, ne cesse pas apr\u00e8s leur mort. Lorsqu'une s\u0153ur est appel\u00e9e \u00e0 l'\u00e9ternit\u00e9, sa mort sera d'abord communiqu\u00e9e \u00e0 toutes les maisons, de sorte que la sainte communion (par la messe et autres formes de pi\u00e9t\u00e9 dont la\u2026","rel":"","context":"Article similaire","block_context":{"text":"Article similaire","link":""},"img":{"alt_text":"","src":"https:\/\/i0.wp.com\/fmahaiti.org\/site\/wp-content\/uploads\/2025\/02\/Ti-Carme.jpg?resize=350%2C200&ssl=1","width":350,"height":200},"classes":[]},{"id":407,"url":"https:\/\/fmahaiti.org\/site\/origine\/animation-et-services\/","url_meta":{"origin":867,"position":1},"title":"Province NDPS: Animation et services","author":"fmahaiti","date":"11 mars 2021","format":false,"excerpt":"L'animation de la Province d'Haiti plac\u00e9e sous la protection de Notre-Dame du Perp\u00e9tuel secours est assur\u00e9e par un Conseil provincial assist\u00e9 d'une \u00e9quipe de coordinatrices et de plusieurs noyaux ou commissions...","rel":"","context":"Article similaire","block_context":{"text":"Article similaire","link":""},"img":{"alt_text":"","src":"https:\/\/i0.wp.com\/fmahaiti.org\/images\/title_line.png?resize=350%2C200&ssl=1","width":350,"height":200,"srcset":"https:\/\/i0.wp.com\/fmahaiti.org\/images\/title_line.png?resize=350%2C200&ssl=1 1x, https:\/\/i0.wp.com\/fmahaiti.org\/images\/title_line.png?resize=525%2C300&ssl=1 1.5x, https:\/\/i0.wp.com\/fmahaiti.org\/images\/title_line.png?resize=700%2C400&ssl=1 2x"},"classes":[]},{"id":670,"url":"https:\/\/fmahaiti.org\/site\/","url_meta":{"origin":867,"position":2},"title":"Bienvenue sur le site des FMA d&rsquo;Haiti","author":"fmahaiti","date":"3 octobre 2024","format":false,"excerpt":"Page d'accueil du site officiel des Filles de Marie Auxiliatrice ou S\u0153urs Sal\u00e9siennes de Don Bosco \u0153uvrant en Haiti et en Guadeloupe.","rel":"","context":"Article similaire","block_context":{"text":"Article similaire","link":""},"img":{"alt_text":"","src":"https:\/\/i0.wp.com\/fmahaiti.org\/site\/wp-content\/uploads\/2026\/05\/logo-reseau.png?resize=350%2C200&ssl=1","width":350,"height":200},"classes":[]},{"id":512,"url":"https:\/\/fmahaiti.org\/site\/origine\/vocation-fma\/","url_meta":{"origin":867,"position":3},"title":"Devenir Fille de Marie Auxiliatrice\u00a0ou\u00a0Sal\u00e9sienne de Don Bosco","author":"fmahaiti","date":"11 mars 2021","format":false,"excerpt":"Quand une jeune s\u2019oriente vers notre Institut, nous nous mettons \u00e0 l\u2019\u00e9coute de ses motivations profondes, et nous l\u2019aidons progressivement \u00e0 les \u00e9claircir. Nous lui offrons un cheminement de formation initiale qui comprend diff\u00e9rentes \u00e9tapes...","rel":"","context":"Article similaire","block_context":{"text":"Article similaire","link":""},"img":{"alt_text":"","src":"https:\/\/i0.wp.com\/fmahaiti.org\/site\/wp-content\/uploads\/2024\/12\/Photo-Sta-1024x632.jpg?resize=350%2C200&ssl=1","width":350,"height":200,"srcset":"https:\/\/i0.wp.com\/fmahaiti.org\/site\/wp-content\/uploads\/2024\/12\/Photo-Sta-1024x632.jpg?resize=350%2C200&ssl=1 1x, https:\/\/i0.wp.com\/fmahaiti.org\/site\/wp-content\/uploads\/2024\/12\/Photo-Sta-1024x632.jpg?resize=525%2C300&ssl=1 1.5x, https:\/\/i0.wp.com\/fmahaiti.org\/site\/wp-content\/uploads\/2024\/12\/Photo-Sta-1024x632.jpg?resize=700%2C400&ssl=1 2x"},"classes":[]},{"id":446,"url":"https:\/\/fmahaiti.org\/site\/famille-salesienne\/sdb\/","url_meta":{"origin":867,"position":4},"title":"Les Sal\u00e9siens de Don Bosco","author":"fmahaiti","date":"11 mars 2021","format":false,"excerpt":"Membres d\u2019un institut religieux de droit pontifical, consacr\u00e9 aux \u0153uvres apostoliques fond\u00e9 par Saint Jean Bosco le 8 d\u00e9cembre 1859 \u00e0 Turin (Italie) avec 17 jeunes d\u00e9sireux de se consacrer \u00e0 Dieu tout en s\u2019adonnant \u00e0 l\u2019\u00e9ducation de jeunes pauvres et abandonn\u00e9s...","rel":"","context":"Article similaire","block_context":{"text":"Article similaire","link":""},"img":{"alt_text":"","src":"https:\/\/i0.wp.com\/fmahaiti.org\/site\/wp-content\/uploads\/2021\/03\/sdb-logo-239x300.png?resize=350%2C200&ssl=1","width":350,"height":200},"classes":[]},{"id":614,"url":"https:\/\/fmahaiti.org\/site\/famille-salesienne\/anciennes\/","url_meta":{"origin":867,"position":5},"title":"Les Anciens et Anciennes \u00c9l\u00e8ves de Don Bosco","author":"fmahaiti","date":"16 mars 2021","format":false,"excerpt":"La\u00a0Conf\u00e9d\u00e9ration Mondiale des Anciennes et Anciens \u00e9l\u00e8ves des Filles de Marie-Auxiliatrice, appel\u00e9e aussi\u00a0Association par la suite, est une association la\u00efque \u00e0 but non lucratif, promue par l\u2019Institut des Filles de Marie-Auxiliatrice (ou Sal\u00e9siennes de Don Bosco). En tant que telle, elle fait partie de la Famille Sal\u00e9sienne, dans laquelle le\u2026","rel":"","context":"Article similaire","block_context":{"text":"Article similaire","link":""},"img":{"alt_text":"","src":"https:\/\/i0.wp.com\/fmahaiti.org\/site\/wp-content\/uploads\/2021\/03\/ae2018.jpg?resize=350%2C200&ssl=1","width":350,"height":200,"srcset":"https:\/\/i0.wp.com\/fmahaiti.org\/site\/wp-content\/uploads\/2021\/03\/ae2018.jpg?resize=350%2C200&ssl=1 1x, https:\/\/i0.wp.com\/fmahaiti.org\/site\/wp-content\/uploads\/2021\/03\/ae2018.jpg?resize=525%2C300&ssl=1 1.5x"},"classes":[]}],"_links":{"self":[{"href":"https:\/\/fmahaiti.org\/site\/wp-json\/wp\/v2\/pages\/867","targetHints":{"allow":["GET"]}}],"collection":[{"href":"https:\/\/fmahaiti.org\/site\/wp-json\/wp\/v2\/pages"}],"about":[{"href":"https:\/\/fmahaiti.org\/site\/wp-json\/wp\/v2\/types\/page"}],"author":[{"embeddable":true,"href":"https:\/\/fmahaiti.org\/site\/wp-json\/wp\/v2\/users\/1"}],"replies":[{"embeddable":true,"href":"https:\/\/fmahaiti.org\/site\/wp-json\/wp\/v2\/comments?post=867"}],"version-history":[{"count":4,"href":"https:\/\/fmahaiti.org\/site\/wp-json\/wp\/v2\/pages\/867\/revisions"}],"predecessor-version":[{"id":9329,"href":"https:\/\/fmahaiti.org\/site\/wp-json\/wp\/v2\/pages\/867\/revisions\/9329"}],"up":[{"embeddable":true,"href":"https:\/\/fmahaiti.org\/site\/wp-json\/wp\/v2\/pages\/584"}],"wp:attachment":[{"href":"https:\/\/fmahaiti.org\/site\/wp-json\/wp\/v2\/media?parent=867"}],"curies":[{"name":"wp","href":"https:\/\/api.w.org\/{rel}","templated":true}]}}