{"id":654,"date":"2021-03-18T16:25:48","date_gmt":"2021-03-18T20:25:48","guid":{"rendered":"https:\/\/fmahaiti.org\/site\/?page_id=654"},"modified":"2025-02-26T16:28:05","modified_gmt":"2025-02-26T21:28:05","slug":"nos-defuntes","status":"publish","type":"page","link":"https:\/\/fmahaiti.org\/site\/origine\/nos-defuntes\/","title":{"rendered":"Nos D\u00e9funtes"},"content":{"rendered":"<p style=\"font-size: 13pt; font-weight: bold;\">\u058e Sr Marie Carmel Mathieu<\/p>\n<hr \/>\n<p style=\"padding-left: 40px;\"><strong><span style=\"color: #993366;\"><img data-recalc-dims=\"1\" loading=\"lazy\" decoding=\"async\" class=\"wp-image-11603 alignleft\" src=\"https:\/\/i0.wp.com\/fmahaiti.org\/site\/wp-content\/uploads\/2025\/02\/Ti-Carme.jpg?resize=106%2C95&#038;ssl=1\" alt=\"\" width=\"106\" height=\"95\" \/>D\u00e9c\u00e8s:<\/span><\/strong> 23 Janvier2025<br \/>\n<span style=\"color: #993366;\"><strong>Lieu:<\/strong><\/span> H\u00f4pital du Canap\u00e9-Vert (Port-au-Prince)<br \/>\n<span style=\"color: #993366;\"><strong>Fun\u00e9railles:<\/strong><\/span> 1\u00b0\u00a0 F\u00e9vrier 2025 \u00e0 la Paroisse Saint G\u00e9rard (Carrefour-Feuille)<br \/>\n<strong><span style=\"color: #993366;\">Inhumation:<\/span><\/strong> Cimeti\u00e8re des Sal\u00e9siennes \u00e0 Thorland<\/p>\n<p>&nbsp;<\/p>\n<p style=\"font-size: 13pt; font-weight: bold;\">\u058e Sr Matinez Hiciano Maxima<\/p>\n<hr \/>\n<p style=\"padding-left: 40px;\"><strong><span style=\"color: #993366;\"><a href=\"https:\/\/fmahaiti.org\/site\/2023\/09\/17\/annonce-mortuaire\/\"><img data-recalc-dims=\"1\" loading=\"lazy\" decoding=\"async\" class=\"alignleft wp-image-5919 \" src=\"https:\/\/i0.wp.com\/fmahaiti.org\/site\/wp-content\/uploads\/2023\/09\/sr-Maxima.gif?resize=92%2C109&#038;ssl=1\" alt=\"\" width=\"92\" height=\"109\" \/><\/a>D\u00e9c\u00e8s:<\/span><\/strong> 12 septembre 2023<br \/>\n<span style=\"color: #993366;\"><strong>Lieu:<\/strong><\/span> Communaut\u00e9 Marie R\u00e9gine (Thorland)<br \/>\n<span style=\"color: #993366;\"><strong>Fun\u00e9railles:<\/strong><\/span> 22\u00a0 septembre 2023 \u00e0 Thorland<br \/>\n<strong><span style=\"color: #993366;\">Inhumation:<\/span><\/strong> Cimeti\u00e8re des Sal\u00e9siennes \u00e0 Thorland<\/p>\n<p>&nbsp;<\/p>\n<p style=\"font-size: 13pt; font-weight: bold;\">\u058e Sr Marie Lourdes Bernadette Jean-Charles<\/p>\n<hr \/>\n<p style=\"padding-left: 40px;\"><strong><span style=\"color: #993366;\"><a href=\"https:\/\/fmahaiti.org\/site\/2022\/08\/27\/une-salesienne-en-plus-au-paradis\/\"><img data-recalc-dims=\"1\" loading=\"lazy\" decoding=\"async\" class=\" wp-image-5908 alignleft\" src=\"https:\/\/i0.wp.com\/fmahaiti.org\/site\/wp-content\/uploads\/2023\/09\/Sr-Barnadette2.gif?resize=100%2C107&#038;ssl=1\" alt=\"\" width=\"100\" height=\"107\" \/><\/a>D\u00e9c\u00e8s:<\/span><\/strong> 27 Ao\u00fbt 2022<br \/>\n<span style=\"color: #993366;\"><strong>Lieu:<\/strong><\/span> H\u00f4pital du Canap\u00e9-Vert (Port-au-Prince)<br \/>\n<span style=\"color: #993366;\"><strong>Fun\u00e9railles:<\/strong><\/span> 1<sup>er<\/sup>\u00a0Septembre 2022, \u00e0 l\u2019\u00c9glise Saint Pierre de P\u00e9tion-Ville<br \/>\n<strong><span style=\"color: #993366;\">Inhumation:<\/span><\/strong> Cimeti\u00e8re des Sal\u00e9siennes \u00e0 Thorland<\/p>\n<p>&nbsp;<\/p>\n<p style=\"padding-left: 40px; text-align: left;\"><strong>\u058e Sr Anne-Marie Nicole Gaillard<\/strong><\/p>\n<hr \/>\n<p style=\"padding-left: 40px;\"><strong><span style=\"color: #993366;\"><a href=\"https:\/\/fmahaiti.org\/site\/2022\/03\/10\/sr-nicole-gaillard-1926-2022\/\"><img data-recalc-dims=\"1\" loading=\"lazy\" decoding=\"async\" class=\" wp-image-5906 alignleft\" src=\"https:\/\/i0.wp.com\/fmahaiti.org\/site\/wp-content\/uploads\/2023\/09\/sr-nicolle4.gif?resize=97%2C104&#038;ssl=1\" alt=\"\" width=\"97\" height=\"104\" \/><\/a>D\u00e9c\u00e8s:<\/span><\/strong> 10 Mars 2022<br \/>\n<span style=\"color: #993366;\"><strong>Lieu:<\/strong><\/span> Maison Provinciale (Port-au-Prince)<br \/>\n<span style=\"color: #993366;\"><strong>Fun\u00e9railles:<\/strong><\/span> 19 Mars 2022, \u00e0 l\u2019\u00c9glise Saint Pierre de P\u00e9tion-Ville<br \/>\n<strong><span style=\"color: #993366;\">Inhumation:<\/span><\/strong> Cimeti\u00e8re des Sal\u00e9siennes \u00e0 Thorland<\/p>\n<p>&nbsp;<\/p>\n<p style=\"font-size: 13pt; font-weight: bold;\">\u058e Sr Marie Th\u00e9r\u00e8se Lamaute<\/p>\n<hr \/>\n<p style=\"padding-left: 40px;\"><a href=\"https:\/\/fmahaiti.org\/site\/2021\/02\/25\/soeur-marie-annonce-de-deces\/\"><img decoding=\"async\" class=\"alignleft size-large\" src=\"\/.\/images\/vignettes\/vignette-mlamaute.png\" width=\"100\" \/><\/a><strong><span style=\"color: #993366;\">D\u00e9c\u00e8s:<\/span><\/strong> 25 f\u00e9vrier 2021<br \/>\n<span style=\"color: #993366;\"><strong>Lieu:<\/strong><\/span> Maison Provinciale (Port-au-Prince)<br \/>\n<span style=\"color: #993366;\"><strong>Fun\u00e9railles:<\/strong><\/span> 6 mars 2021 \u00e0 Thorland<br \/>\n<strong><span style=\"color: #993366;\">Inhumation:<\/span><\/strong> Cimeti\u00e8re des Sal\u00e9siennes \u00e0 Thorland<\/p>\n<p>&nbsp;<\/p>\n<p style=\"font-size: 13pt; font-weight: bold;\">\u058e S\u0153ur Maria De Las Nieves de la Cruz Cierra<\/p>\n<hr \/>\n<p style=\"padding-left: 40px;\"><img decoding=\"async\" class=\"alignleft size-large\" src=\"\/.\/images\/vignettes\/vignette-nieves.png\" width=\"100\" \/><strong><span style=\"color: #993366;\">D\u00e9c\u00e8s:<\/span><\/strong> 26 avril 2020<br \/>\n<span style=\"color: #993366;\"><strong>Lieu:<\/strong><\/span> Maison Provinciale (Port-au-Prince)<br \/>\n<span style=\"color: #993366;\"><strong>Fun\u00e9railles:<\/strong><\/span> Chant\u00e9es en stricte intimit\u00e9, \u00e0 cause du Covid-19 et du confinement pr\u00e9ventif.<br \/>\n<strong><span style=\"color: #993366;\">Inhumation:<\/span><\/strong> Cimeti\u00e8re des Sal\u00e9siennes \u00e0 Thorland<\/p>\n<p>&nbsp;<\/p>\n<p style=\"font-size: 13pt; font-weight: bold;\">\u058e Sr Antonia Colombo, ex-sup\u00e9rieure g\u00e9n\u00e9rale (1996-2008)<\/p>\n<hr \/>\n<p style=\"padding-left: 40px;\"><img decoding=\"async\" class=\"alignleft size-large\" src=\"\/.\/images\/vignettes\/vignette-antonia-columbo.png\" width=\"100\" \/><strong><span style=\"color: #993366;\">D\u00e9c\u00e8s:<\/span><\/strong> 1er juillet 2019<br \/>\n<span style=\"color: #993366;\"><strong>Lieu:<\/strong><\/span> Communaut\u00e9 \u201cMaria Ausiliatrice\u201d di Sant\u2019Ambrogio Olona (Varese, Italie)<br \/>\n<span style=\"color: #993366;\"><strong>Fun\u00e9railles:<\/strong><\/span> 3 juillet 2019 en l&rsquo;\u00c9glise paroissiale Saint Augustin de Milan<br \/>\n<strong><span style=\"color: #993366;\">Inhumation: <\/span><\/strong>\u00a0Cimeti\u00e8re de Nizza Monferrato.<\/p>\n<p>&nbsp;<\/p>\n<p style=\"font-size: 13pt; font-weight: bold;\">\u058e Sr Oliva Pia Colussi<\/p>\n<hr \/>\n<p style=\"padding-left: 40px;\"><img decoding=\"async\" class=\"alignleft size-large\" src=\"\/.\/images\/vignettes\/vignette-olive.png\" width=\"100\" \/><strong><span style=\"color: #993366;\">D\u00e9c\u00e8s:<\/span><\/strong> 10 juillet 2018<br \/>\n<span style=\"color: #993366;\"><strong>Lieu:<\/strong><\/span> Maison Provinciale \u00e0 Port-au-Prince<br \/>\n<span style=\"color: #993366;\"><strong>Fun\u00e9railles:<\/strong><\/span> Samedi 21 juillet 2018 \u00e0 Thorland<br \/>\n<strong><span style=\"color: #993366;\">Inhumation:<\/span><\/strong>\u00a0Cimeti\u00e8re des Sal\u00e9siennes \u00e0 Thorland<\/p>\n<p>&nbsp;<\/p>\n<p style=\"font-size: 13pt; font-weight: bold;\">\u058e Sr Anna D\u2019Angela<\/p>\n<hr \/>\n<p style=\"padding-left: 40px;\"><img decoding=\"async\" class=\"alignleft size-large\" src=\"\/.\/images\/vignettes\/vignette-anna.png\" width=\"100\" \/><strong><span style=\"color: #993366;\">D\u00e9c\u00e8s: <\/span><\/strong>23 juin 2016<br \/>\n<span style=\"color: #993366;\"><strong>Lieu:<\/strong><\/span> H\u00f4pital du Canap\u00e9 Vert, Port-au-Prince. Membre de la Communaut\u00e9 \u00ab\u00a0J\u00e9sus Enfant\u00a0\u00bb de Cit\u00e9 Militaire<br \/>\n<span style=\"color: #993366;\"><strong>Fun\u00e9railles:<\/strong><\/span> Jeudi 30 juin 2016 \u00e0 la Paroisse Notre Dame de Lourdes de la Cit\u00e9 Militaire<br \/>\n<strong><span style=\"color: #993366;\">Inhumation:<\/span><\/strong> Cimeti\u00e8re des Sal\u00e9siennes \u00e0 Thorland<\/p>\n<p>&nbsp;<\/p>\n<p style=\"font-size: 13pt; font-weight: bold;\">\u058e Sr Giuseppina Lamperti<\/p>\n<hr \/>\n<p style=\"padding-left: 40px;\"><img decoding=\"async\" class=\"alignleft size-large\" src=\"\/.\/images\/vignettes\/vignette-lamperti.png\" width=\"100\" \/><strong><span style=\"color: #993366;\">D\u00e9c\u00e8s: <\/span><\/strong>6 mai 2015<br \/>\n<span style=\"color: #993366;\"><strong>Lieu:<\/strong><\/span> Communaut\u00e9 \u00ab\u00a0Immacul\u00e9e Conception\u00a0\u00bb de Milan, Italie (Province \u00ab\u00a0Sacra Famiglia\u00a0\u00bb [ILO])<br \/>\n<span style=\"color: #993366;\"><strong>Fun\u00e9railles:<\/strong><\/span> 9 mai 2015 \u00e0 la Chapelle de la Communaut\u00e9 \u00ab\u00a0Immacul\u00e9e Conception\u00a0\u00bb de Milan, Italie.<br \/>\n<strong><span style=\"color: #993366;\">Inhumation:<\/span><\/strong> 9 mai 2015 au Cimeti\u00e8re Monumental de Milan<br \/>\n<span style=\"color: #993366;\"><strong>Note:<\/strong><\/span> S\u0153ur Lamperti se d\u00e9dia apostoliquement aux jeunes filles d&rsquo;Haiti pendant pr\u00e8s de 33 ans. Arriv\u00e9e en Haiti en 1962, on lui confia la charge d&rsquo;assistante des internes \u00e0 P\u00e9tion-Ville (Sainte Marie Dominique Mazzarello). En 1970, elle s&rsquo;installa \u00e0 la Communaut\u00e9 \u00ab\u00a0Marie Auxiliatrice\u00a0\u00bb de Port-au-Prince o\u00f9, apr\u00e8s un cours de sp\u00e9cialisation comme enseignante de broderie et de fabrication du linge, elle devint professeure de couture et de broderie \u00e0 l&rsquo;\u00e9cole professionnelle. Se transf\u00e9rant \u00e0 Milan pour des soins m\u00e9dicaux en 1995, elle y resta jusqu&rsquo;\u00e0 sa mort.<\/p>\n<p>&nbsp;<\/p>\n<p style=\"font-size: 13pt; font-weight: bold;\">\u058e Sr Philomena Telfort<\/p>\n<hr \/>\n<p style=\"padding-left: 40px;\"><img decoding=\"async\" class=\"alignleft size-large\" src=\"\/.\/images\/vignettes\/vignette-philomene.png\" width=\"100\" \/><strong><span style=\"color: #993366;\">D\u00e9c\u00e8s:<\/span><\/strong> Samedi 3 janvier 2015<br \/>\n<span style=\"color: #993366;\"><strong>Lieu:<\/strong><\/span> H\u00f4pital Plurimedics de Port-au-Prince, Membre de la Maison Provinciale<br \/>\n<span style=\"color: #993366;\"><strong>Fun\u00e9railles:<\/strong><\/span> Samedi 10 janvier 2015<br \/>\n<strong><span style=\"color: #993366;\">Inhumation:<\/span><\/strong> Cimeti\u00e8re des Sal\u00e9siennes \u00e0 Thorland<\/p>\n<p>&nbsp;<\/p>\n<p style=\"font-size: 13pt; font-weight: bold;\">\u058e Sr Bertilla Sasso<\/p>\n<hr \/>\n<p style=\"padding-left: 40px;\"><strong><span style=\"color: #993366;\"><img data-recalc-dims=\"1\" loading=\"lazy\" decoding=\"async\" class=\"wp-image-6036 alignleft\" src=\"https:\/\/i0.wp.com\/fmahaiti.org\/site\/wp-content\/uploads\/2023\/09\/sr-bertile3.jpg?resize=100%2C118&#038;ssl=1\" alt=\"\" width=\"100\" height=\"118\" srcset=\"https:\/\/i0.wp.com\/fmahaiti.org\/site\/wp-content\/uploads\/2023\/09\/sr-bertile3.jpg?resize=256%2C300&amp;ssl=1 256w, https:\/\/i0.wp.com\/fmahaiti.org\/site\/wp-content\/uploads\/2023\/09\/sr-bertile3.jpg?w=362&amp;ssl=1 362w\" sizes=\"auto, (max-width: 100px) 100vw, 100px\" \/>D\u00e9c\u00e8s:<\/span><\/strong> 7 septembre 2012<br \/>\n<span style=\"color: #993366;\"><strong>Lieu:<\/strong><\/span> H\u00f4pital Canap\u00e9-Vert, Port-au-Prince<br \/>\n<span style=\"color: #993366;\"><strong>Fun\u00e9railles:<\/strong><\/span> Thorland<br \/>\n<strong><span style=\"color: #993366;\">Inhumation:<\/span><\/strong> Cimeti\u00e8re des Sal\u00e9siennes \u00e0 Thorland<\/p>\n<p>&nbsp;<\/p>\n<p>&nbsp;<\/p>\n<p style=\"font-size: 13pt; font-weight: bold;\">\u058e Sr Enedina Orozco<\/p>\n<hr \/>\n<p style=\"padding-left: 40px;\"><strong><span style=\"color: #993366;\"><img loading=\"lazy\" decoding=\"async\" class=\"alignleft size-full\" src=\"\/.\/images\/vignettes\/vignette-eunedine.png\" width=\"100\" height=\"100\" \/>D\u00e9c\u00e8s:<\/span><\/strong> 28 f\u00e9vrier 2012<br \/>\n<span style=\"color: #993366;\"><strong>Lieu: <\/strong><\/span>Port-au-Prince, Cit\u00e9 Militaire<br \/>\n<span style=\"color: #993366;\"><strong>Fun\u00e9railles:<\/strong><\/span> Thorland<br \/>\n<span style=\"color: #993366;\"><strong>Inhumation:<\/strong><\/span> Cimeti\u00e8re des Sal\u00e9siennes \u00e0 Thorland<\/p>\n<p>&nbsp;<\/p>\n<p style=\"font-size: 13pt; font-weight: bold;\">\u058e Sr Elena Modonesi<\/p>\n<hr \/>\n<p style=\"padding-left: 40px;\"><strong><span style=\"color: #993366;\"><img data-recalc-dims=\"1\" loading=\"lazy\" decoding=\"async\" class=\"alignleft wp-image-1341\" src=\"https:\/\/i0.wp.com\/fmahaiti.org\/site\/wp-content\/uploads\/2021\/04\/srelenajeune.jpg?resize=107%2C114&#038;ssl=1\" alt=\"\" width=\"107\" height=\"114\" \/>D\u00e9c\u00e8s:<\/span><\/strong> 10 avril 2011<br \/>\n<span style=\"color: #993366;\"><strong>Lieu: <\/strong><\/span>H\u00f4pital du Canap\u00e9 Vert, Port-au-Prince.<br \/>\n<span style=\"color: #993366;\"><strong>Fun\u00e9railles:<\/strong><\/span> 15 avril 2011 \u00e0 Thorland<br \/>\n<span style=\"color: #993366;\"><strong>Inhumation:<\/strong><\/span> Cimeti\u00e8re des Sal\u00e9siennes \u00e0 Thorland<\/p>\n<p>&nbsp;<\/p>\n<p>&nbsp;<\/p>\n<p><strong>\u058e Sr. Paul\u00e8ne Brenneville<\/strong><\/p>\n<hr \/>\n<p style=\"padding-left: 40px;\"><img decoding=\"async\" class=\"alignleft size-large\" src=\"\/.\/images\/vignettes\/vignette-paulene.png\" width=\"100\" \/><strong><span style=\"color: #993366;\">D\u00e9c\u00e8s:<\/span><\/strong> 1er mai 2004<br \/>\n<span style=\"color: #993366;\"><strong>Lieu:<\/strong><\/span> Accident sur la Route nationale No 2.<br \/>\n<span style=\"color: #993366;\"><strong>Fun\u00e9railles:<\/strong><\/span> le 15 mai 2004 \u00e0 Thorland, Ha\u00efti<br \/>\n<span style=\"color: #993366;\"><strong>Inhumation:<\/strong><\/span> Cimeti\u00e8re des Sal\u00e9siennes \u00e0 Thorland<\/p>\n<p>&nbsp;<\/p>\n<p><strong>\u058e Sr Francesca Franchi<\/strong><\/p>\n<hr \/>\n<p style=\"padding-left: 40px;\"><img data-recalc-dims=\"1\" loading=\"lazy\" decoding=\"async\" class=\"alignleft wp-image-1170\" src=\"https:\/\/i0.wp.com\/fmahaiti.org\/site\/wp-content\/uploads\/2021\/03\/Franchi.gif?resize=90%2C101&#038;ssl=1\" alt=\"\" width=\"90\" height=\"101\" \/><strong><span style=\"color: #993366;\">D\u00e9c\u00e8s:<\/span><\/strong> 9 mars 2003<br \/>\n<span style=\"color: #993366;\"><strong>Lieu: <\/strong><\/span>Port-au-Prince, Marie Auxiliatrice<br \/>\n<span style=\"color: #993366;\"><strong>Fun\u00e9railles:<\/strong><\/span> Thorland<br \/>\n<span style=\"color: #993366;\"><strong>Inhumation:<\/strong><\/span> Cimeti\u00e8re des Sal\u00e9siennes \u00e0 Thorland<\/p>\n<p>&nbsp;<\/p>\n<p>&nbsp;<\/p>\n<p style=\"font-size: 13pt; font-weight: bold; text-align: left;\">\u058e Sr. Th\u00e9r\u00e9sine Girardo<\/p>\n<hr \/>\n<p style=\"padding-left: 40px;\"><img loading=\"lazy\" decoding=\"async\" class=\"alignleft size-full\" src=\"\/.\/images\/vignettes\/vignette-theresine.png\" width=\"100\" height=\"100\" \/><strong><span style=\"color: #993366;\">D\u00e9c\u00e8s:<\/span><\/strong> 13 f\u00e9vrier 2001<br \/>\n<span style=\"color: #993366;\"><strong>Lieu:<\/strong><\/span> Thorland, Ha\u00efti<br \/>\n<span style=\"color: #993366;\"><strong>Inhumation:<\/strong><\/span> Cimeti\u00e8re des Sal\u00e9siennes \u00e0 Thorland<\/p>\n<p>&nbsp;<\/p>\n<p>&nbsp;<\/p>\n<p style=\"font-size: 13pt; font-weight: bold;\">\u058e Sr. Marie-Th\u00e9r\u00e8se Nass<\/p>\n<hr \/>\n<p style=\"padding-left: 40px;\" data-wp-editing=\"1\"><img decoding=\"async\" class=\"alignleft size-large\" src=\"\/.\/images\/vignettes\/vignette-therese.png\" width=\"100\" \/><strong><span style=\"color: #993366;\">D\u00e9c\u00e8s:<\/span><\/strong> 19 mai 2000<br \/>\n<span style=\"color: #993366;\"><strong>Lieu:<\/strong><\/span> Thorland, Ha\u00efti<br \/>\n<span style=\"color: #993366;\"><strong>Inhumation:<\/strong><\/span> Cimeti\u00e8re des Sal\u00e9siennes \u00e0 Thorland<\/p>\n<p>&nbsp;<\/p>\n<p>&nbsp;<\/p>\n<p style=\"font-size: 13pt; font-weight: bold;\">\u058e Sr. Fernande Cantave<\/p>\n<hr \/>\n<p style=\"padding-left: 40px;\"><img decoding=\"async\" class=\"alignleft size-large\" src=\"\/.\/images\/vignettes\/vignette-fernande.png\" width=\"100\" \/><strong><span style=\"color: #993366;\">D\u00e9c\u00e8s: <\/span><\/strong>1er juillet 1994<br \/>\n<span style=\"color: #993366;\"><strong>Lieu:<\/strong><\/span> Port-au-Prince, Ha\u00efti<br \/>\n<span style=\"color: #993366;\"><strong>Inhumation:<\/strong><\/span> Cimeti\u00e8re des Sal\u00e9siennes \u00e0 Thorland<\/p>\n<p>&nbsp;<\/p>\n<p>&nbsp;<\/p>\n<p style=\"font-size: 13pt; font-weight: bold;\">\u058e Sr. Th\u00e9r\u00e8se Leonardi<\/p>\n<hr \/>\n<p style=\"padding-left: 40px;\"><strong><span style=\"color: #993366;\">D\u00e9c\u00e8s:<\/span><\/strong> 9 ao\u00fbt 1989<br \/>\n<span style=\"color: #993366;\"><strong>Lieu:<\/strong><\/span> Port-au-Prince, Ha\u00efti<br \/>\n<strong><span style=\"color: #993366;\">Fun\u00e9railles:<\/span><\/strong> Thorland<br \/>\n<span style=\"color: #993366;\"><strong>Inhumation:<\/strong><\/span> Cimeti\u00e8re des Sal\u00e9siennes \u00e0 Thorland<\/p>\n<p>&nbsp;<\/p>\n<p style=\"font-size: 13pt; font-weight: bold;\">\u058e Sr. Catherine Barabino<\/p>\n<hr \/>\n<p style=\"padding-left: 40px;\"><img decoding=\"async\" class=\"alignleft size-large\" src=\"\/.\/images\/vignettes\/vignette-catherine.png\" width=\"100\" \/><strong><span style=\"color: #993366;\">D\u00e9c\u00e8s:<\/span><\/strong> 25 mai 1987<br \/>\n<span style=\"color: #993366;\"><strong>Lieu:<\/strong><\/span> P\u00e9tion-Ville, Ha\u00efti<br \/>\n<span style=\"color: #993366;\"><strong>Inhumation:<\/strong><\/span> Cimeti\u00e8re des Sal\u00e9siennes \u00e0 Thorland<\/p>\n<p>&nbsp;<\/p>\n<p>&nbsp;<\/p>\n<p style=\"font-size: 13pt; font-weight: bold;\">\u058e Sr. Rose Previde<\/p>\n<hr \/>\n<p style=\"padding-left: 40px;\"><strong><span style=\"color: #993366;\">D\u00e9c\u00e8s:<\/span><\/strong> 15 mai 1980<br \/>\n<span style=\"color: #993366;\"><strong>Lieu:<\/strong><\/span> Thorland, Ha\u00efti<br \/>\n<strong><span style=\"color: #993366;\">Fun\u00e9railles:<\/span><\/strong> \u00c9glise Saint Anne de Port-au-Prince<br \/>\n<strong><span style=\"color: #993366;\">Inhumation:<\/span> <\/strong>Grand Cimeti\u00e8re de Port-au-Pau-Prince. Restes transfer\u00e9s plus tard au Cim\u00e9ti\u00e8re des Sal\u00e9siennes \u00e0 Thorland<\/p>\n<p>&nbsp;<\/p>\n<p style=\"font-size: 13pt; font-weight: bold;\">\u058e Sr. Augustine Cayoli<\/p>\n<hr \/>\n<p style=\"padding-left: 40px;\"><strong><span style=\"color: #993366;\">D\u00e9c\u00e8s:<\/span><\/strong> 23 d\u00e9cembre 1962<br \/>\n<span style=\"color: #993366;\"><strong>Lieu:<\/strong><\/span> Port-au-Prince<br \/>\n<strong><span style=\"color: #993366;\">Inhumation:<\/span><\/strong> Grand Cimeti\u00e8re de Port-au-Pau-Prince. Restes transfer\u00e9s plus tard au Cim\u00e9ti\u00e8re des Sal\u00e9siennes \u00e0 Thorland<\/p>\n","protected":false},"excerpt":{"rendered":"<p>La charit\u00e9, qui a maintenu les Filles de Marie Auxiliatrice dans la vie, ne cesse pas apr\u00e8s leur mort. Lorsqu&rsquo;une s\u0153ur est appel\u00e9e \u00e0 l&rsquo;\u00e9ternit\u00e9, sa mort sera d&rsquo;abord communiqu\u00e9e \u00e0 toutes les maisons, de sorte que la sainte communion (par la messe et autres formes de pi\u00e9t\u00e9 dont la r\u00e9citation du rosaire) puisse se faire au suffrage de son \u00e2me [R\u00e8gles et d\u00e9lib\u00e9rations de l&rsquo;Institut (1894), No 23]&#8230;<\/p>\n","protected":false},"author":1,"featured_media":0,"parent":213,"menu_order":7,"comment_status":"closed","ping_status":"closed","template":"","meta":{"footnotes":""},"class_list":["post-654","page","type-page","status-publish","hentry"],"jetpack_sharing_enabled":true,"jetpack_shortlink":"https:\/\/wp.me\/PcR5kd-ay","jetpack-related-posts":[{"id":407,"url":"https:\/\/fmahaiti.org\/site\/origine\/animation-et-services\/","url_meta":{"origin":654,"position":0},"title":"Province NDPS: Animation et services","author":"fmahaiti","date":"11 mars 2021","format":false,"excerpt":"L'animation de la Province d'Haiti plac\u00e9e sous la protection de Notre-Dame du Perp\u00e9tuel secours est assur\u00e9e par un Conseil provincial assist\u00e9 d'une \u00e9quipe de coordinatrices et de plusieurs noyaux ou commissions...","rel":"","context":"Article similaire","block_context":{"text":"Article similaire","link":""},"img":{"alt_text":"","src":"https:\/\/i0.wp.com\/fmahaiti.org\/images\/title_line.png?resize=350%2C200&ssl=1","width":350,"height":200,"srcset":"https:\/\/i0.wp.com\/fmahaiti.org\/images\/title_line.png?resize=350%2C200&ssl=1 1x, https:\/\/i0.wp.com\/fmahaiti.org\/images\/title_line.png?resize=525%2C300&ssl=1 1.5x, https:\/\/i0.wp.com\/fmahaiti.org\/images\/title_line.png?resize=700%2C400&ssl=1 2x"},"classes":[]},{"id":11339,"url":"https:\/\/fmahaiti.org\/site\/livre-dor-pour-rendre-hommage-a-sr-marie-carmel-mathieu\/","url_meta":{"origin":654,"position":1},"title":"Livre d&rsquo;or pour rendre hommage \u00e0 sr Marie Carmel Mathieu","author":"Sr Martha Seide","date":"28 janvier 2025","format":false,"excerpt":"Merci sr Marie Carmel pour ce que tu as \u00e9t\u00e9 pour nous \u00a0","rel":"","context":"Article similaire","block_context":{"text":"Article similaire","link":""},"img":{"alt_text":"","src":"","width":0,"height":0},"classes":[]},{"id":224,"url":"https:\/\/fmahaiti.org\/site\/origine\/fondateurs\/","url_meta":{"origin":654,"position":2},"title":"Nos Fondateurs","author":"fmahaiti","date":"7 mars 2021","format":false,"excerpt":"Profils de nos fondateurs: Saint Jean Bosco, le 16 aout 1815, dans un petit village pr\u00e8s de Turin (Italie) et d\u00e9c\u00e9d\u00e9 le 31 janvier 1888 \u00e0 Turin, et Sainte Marie Dominique Mazzarello, n\u00e9e le 9 mai 1837 \u00e0 Mornese (Italie) et d\u00e9c\u00e9d\u00e9e le 14 mai 1881 \u00e0 Nizza Monferrato (Italie)...","rel":"","context":"Article similaire","block_context":{"text":"Article similaire","link":""},"img":{"alt_text":"Photo de Dominique Mazzarello","src":"https:\/\/i0.wp.com\/fmahaiti.org\/images\/mazzarello.jpg?resize=350%2C200&ssl=1","width":350,"height":200},"classes":[]},{"id":1935,"url":"https:\/\/fmahaiti.org\/site\/education\/carte-didentite-de-lecole-salesienne-en-amerique\/","url_meta":{"origin":654,"position":3},"title":"Carte d&rsquo;identit\u00e9 de l&rsquo;\u00e9cole sal\u00e9sienne en Am\u00e9rique","author":"Sr Martha Seide","date":"7 ao\u00fbt 2021","format":false,"excerpt":"L\u2019\u00c9cole Sal\u00e9sienne am\u00e9ricaine, pr\u00e9sente sur tout le continent, est compos\u00e9e des \u00e9coles des Provinces am\u00e9ricaines, organis\u00e9es en quatre r\u00e9gions: Nous d\u00e9veloppons notre mission au Canada, aux \u00c9tats-Unis d\u2019Am\u00e9rique et dans tous les pays d\u2019Am\u00e9rique latine, avec une pr\u00e9sence \u00e9ducative de plus de 900 \u00e9coles et Centres de Formation Technique professionnelle,\u2026","rel":"","context":"Article similaire","block_context":{"text":"Article similaire","link":""},"img":{"alt_text":"","src":"https:\/\/i0.wp.com\/fmahaiti.org\/site\/wp-content\/uploads\/2021\/08\/carte-didentite-de-lecole-salesienne-en-Amerique.jpg?fit=952%2C415&ssl=1&resize=350%2C200","width":350,"height":200,"srcset":"https:\/\/i0.wp.com\/fmahaiti.org\/site\/wp-content\/uploads\/2021\/08\/carte-didentite-de-lecole-salesienne-en-Amerique.jpg?fit=952%2C415&ssl=1&resize=350%2C200 1x, https:\/\/i0.wp.com\/fmahaiti.org\/site\/wp-content\/uploads\/2021\/08\/carte-didentite-de-lecole-salesienne-en-Amerique.jpg?fit=952%2C415&ssl=1&resize=525%2C300 1.5x, https:\/\/i0.wp.com\/fmahaiti.org\/site\/wp-content\/uploads\/2021\/08\/carte-didentite-de-lecole-salesienne-en-Amerique.jpg?fit=952%2C415&ssl=1&resize=700%2C400 2x"},"classes":[]},{"id":233,"url":"https:\/\/fmahaiti.org\/site\/origine\/fma-haiti\/","url_meta":{"origin":654,"position":4},"title":"Les FMA en Haiti","author":"fmahaiti","date":"7 mars 2021","format":false,"excerpt":"Les S\u0153urs Sal\u00e9siennes se sont \u00e9tablies en Haiti en 1935. Aujourd\u2019hui, elles comptent 18 maisons reparties \u00e0 travers le pays et en Guadeloupe. Rattach\u00e9es, jusqu\u2019en 1991 \u00e0 la Province des Antilles dont le si\u00e8ge se trouve \u00e0 Santo Domingo, R\u00e9publique Dominicaine, elles sont devenues d\u2019abord une Pr\u00e9-Province, et en 1997\u2026","rel":"","context":"Article similaire","block_context":{"text":"Article similaire","link":""},"img":{"alt_text":"","src":"https:\/\/i0.wp.com\/fmahaiti.org\/images\/perpetuel-secours.jpg?resize=350%2C200&ssl=1","width":350,"height":200},"classes":[]},{"id":339,"url":"https:\/\/fmahaiti.org\/site\/nos-communautes\/","url_meta":{"origin":654,"position":5},"title":"Nos Communaut\u00e9s","author":"fmahaiti","date":"9 mars 2021","format":false,"excerpt":"Les Filles de Marie Auxiliatrice d\u2019Ha\u00efti animent 18 communaut\u00e9s \u00e9ducatives avec une pr\u00e9sence dans 8 des 10 d\u00e9partements de la R\u00e9publique d'Haiti et en Guadeloupe (Saint-Martin \u2013 Marigot)...","rel":"","context":"Article similaire","block_context":{"text":"Article similaire","link":""},"img":{"alt_text":"","src":"https:\/\/i0.wp.com\/fmahaiti.org\/site\/wp-content\/uploads\/2024\/12\/IMG-20240201-WA0018-300x225.jpg?resize=350%2C200&ssl=1","width":350,"height":200},"classes":[]}],"_links":{"self":[{"href":"https:\/\/fmahaiti.org\/site\/wp-json\/wp\/v2\/pages\/654","targetHints":{"allow":["GET"]}}],"collection":[{"href":"https:\/\/fmahaiti.org\/site\/wp-json\/wp\/v2\/pages"}],"about":[{"href":"https:\/\/fmahaiti.org\/site\/wp-json\/wp\/v2\/types\/page"}],"author":[{"embeddable":true,"href":"https:\/\/fmahaiti.org\/site\/wp-json\/wp\/v2\/users\/1"}],"replies":[{"embeddable":true,"href":"https:\/\/fmahaiti.org\/site\/wp-json\/wp\/v2\/comments?post=654"}],"version-history":[{"count":4,"href":"https:\/\/fmahaiti.org\/site\/wp-json\/wp\/v2\/pages\/654\/revisions"}],"predecessor-version":[{"id":11604,"href":"https:\/\/fmahaiti.org\/site\/wp-json\/wp\/v2\/pages\/654\/revisions\/11604"}],"up":[{"embeddable":true,"href":"https:\/\/fmahaiti.org\/site\/wp-json\/wp\/v2\/pages\/213"}],"wp:attachment":[{"href":"https:\/\/fmahaiti.org\/site\/wp-json\/wp\/v2\/media?parent=654"}],"curies":[{"name":"wp","href":"https:\/\/api.w.org\/{rel}","templated":true}]}}