{"id":631,"date":"2021-03-18T15:55:51","date_gmt":"2021-03-18T19:55:51","guid":{"rendered":"https:\/\/fmahaiti.org\/site\/?page_id=631"},"modified":"2021-04-11T14:12:33","modified_gmt":"2021-04-11T18:12:33","slug":"bienfaiteurs-et-bienfaitrices","status":"publish","type":"page","link":"https:\/\/fmahaiti.org\/site\/famille-salesienne\/bienfaiteurs-et-bienfaitrices\/","title":{"rendered":"Nos Bienfaiteurs et Bienfaitrices"},"content":{"rendered":"<p>Le service au jeunes et le maintien de nos oeuvres n\u00e9cessitent non seulement d\u2019abondantes ressources humaines mais aussi, d\u2019intarissables ressources financi\u00e8res. De 1935, ann\u00e9e \u00e0 laquelle les Filles de Marie Auxiliatrice se sont \u00e9tablies en Haiti, \u00e0 nos jours, nous avons pu subsister et cro\u00eetre gr\u00e2ce \u00e0 la g\u00e9n\u00e9rosit\u00e9 de nos bienfaiteurs \u00e9parpill\u00e9s \u00e0 travers le monde. En ce sens, nous marchons sur les sillons de Don Bosco qui, pour financer ses oeuvres, fit appel \u00e0 la g\u00e9n\u00e9rosit\u00e9 de ses amis et admirateurs.<span id=\"more-46\"><\/span><\/p>\n<h4><span style=\"color: #ff0000;\"><strong>\ud83d\udc9d Qui sont donc nos bienfaiteurs et nos bienfaitrices?<\/strong><\/span><\/h4>\n<hr \/>\n<p>Ce sont des hommes et des femmes, de toutes les couches epid\u00e9miques, de toutes les sph\u00e8res politiques, et de cr\u00e9dos divers, gagnant leur vie \u00e0 la sueur de leur front. Ils sont unis dans leur \u00e9lan de g\u00e9n\u00e9rosit\u00e9 et dans la reconnaissance de la valeur de notre travail apostolique en Haiti. Ils ont pris le ferme engagement de nous venir en aide moyennant leur situation \u00e9conomique. Ils savent bien que chacun de leurs gestes est hautement appr\u00e9ci\u00e9 et g\u00e9r\u00e9 ad\u00e9quatement.<\/p>\n<p>Certains choisissent de rester dans l\u2019anonymat quoique l\u2019anonymat ne nous emp\u00eache pas d\u2019avoir une pens\u00e9e particuli\u00e8re \u00e0 leur intention. D\u2019autres se retrouvent corps et \u00e2me engag\u00e9s dans nos oeuvres et nos activit\u00e9s ou nous visitent, \u00e0 l\u2019occasion, pour prendre acte de nos progr\u00e8s et d\u00e9terminer les nouvelles exigences auxquelles nous faisons face en vue d\u2019un ajustement de leur aide.<\/p>\n<p>Quel qu\u2019ils soient, nos bienfaiteurs constituent un groupe incontournable dans la trame de nos services et de nos activit\u00e9s. A eux tous et elles toutes, notre ineffable et ind\u00e9l\u00e9bile gratitude appuy\u00e9e par nos ferventes pri\u00e8res.<\/p>\n<h4><span style=\"color: #ff0000;\"><strong>\ud83d\udc9d Comment devenir un bienfaiteur?<\/strong><\/span><\/h4>\n<hr \/>\n<p>VOUS POUVEZ, VOUS AUSSI, DEVENIR UN BIENFAITEUR OU UNE BIENFAITRICE. Vous rejoindrez ainsi le groupe de nos ami(e)s, de nos admirateurs et admiratrices, de nos reconnaisantes anciennes \u00e9l\u00e8ves qui se sont engag\u00e9s librement \u00e0 nous soutenir. Les options sont multiples.<\/p>\n<p>Vous pouvez nous aider:<\/p>\n<ul>\n<li style=\"list-style-type: none;\">\n<ul>\n<li>Par la pri\u00e8re;<\/li>\n<li>Par une cotisation mensuelle ou annuelle;<\/li>\n<li>Par la prise en charge des frais de scolarit\u00e9 d\u2019un de nos \u00e9l\u00e8ves;<\/li>\n<li>Par le parrainnage d\u2019un de nos enfants d\u00e9munis;<\/li>\n<li>A travers un legs testamentaire;<\/li>\n<li>A travers une rente viag\u00e8re;<\/li>\n<li>En faisant connaitre davantage notre travail apostolique en Haiti.<\/li>\n<\/ul>\n<\/li>\n<\/ul>\n<p>Pour ce, il vous suffit de nous contacter par\u00a0<strong><a title=\"Remplir le formulaire pour nous envoyer un message\" href=\"\/\/fmahaiti.org\/site\/blog\/nous-contacter\/\">courrier \u00e9lectronique<\/a> <\/strong>ou par les services postaux r\u00e9guliers:<\/p>\n<p style=\"padding-left: 15px; margin-left: 15px; border-left: 4px double #996633;\">Maison Provinciale des S\u0153urs Sal\u00e9siennes en Ha\u00efti<br \/>\nAvenue du Chili 22<br \/>\nBoite Postale 228<br \/>\nPort-au-Prince, HA\u00cfTI<\/p>\n<p>Votre aide ou support fera certainement la diff\u00e9rence dans la vie de nos destinataires.<\/p>\n","protected":false},"excerpt":{"rendered":"<p>Nos Bienfaiteurs et Bienfaitrices sont des hommes et des femmes, de toutes les couches epid\u00e9miques, de toutes les sph\u00e8res politiques, et de cr\u00e9dos divers, gagnant leur vie \u00e0 la sueur de leur front. Ils sont unis dans leur \u00e9lan de g\u00e9n\u00e9rosit\u00e9 et dans la reconnaissance de la valeur de notre travail apostolique en Haiti&#8230;<\/p>\n","protected":false},"author":1,"featured_media":0,"parent":439,"menu_order":5,"comment_status":"closed","ping_status":"closed","template":"","meta":{"footnotes":""},"class_list":["post-631","page","type-page","status-publish","hentry"],"jetpack_sharing_enabled":true,"jetpack_shortlink":"https:\/\/wp.me\/PcR5kd-ab","jetpack-related-posts":[{"id":233,"url":"https:\/\/fmahaiti.org\/site\/origine\/fma-haiti\/","url_meta":{"origin":631,"position":0},"title":"Les FMA en Haiti","author":"fmahaiti","date":"7 mars 2021","format":false,"excerpt":"Les S\u0153urs Sal\u00e9siennes se sont \u00e9tablies en Haiti en 1935. Aujourd\u2019hui, elles comptent 18 maisons reparties \u00e0 travers le pays et en Guadeloupe. Rattach\u00e9es, jusqu\u2019en 1991 \u00e0 la Province des Antilles dont le si\u00e8ge se trouve \u00e0 Santo Domingo, R\u00e9publique Dominicaine, elles sont devenues d\u2019abord une Pr\u00e9-Province, et en 1997\u2026","rel":"","context":"Article similaire","block_context":{"text":"Article similaire","link":""},"img":{"alt_text":"","src":"https:\/\/i0.wp.com\/fmahaiti.org\/images\/perpetuel-secours.jpg?resize=350%2C200&ssl=1","width":350,"height":200},"classes":[]},{"id":446,"url":"https:\/\/fmahaiti.org\/site\/famille-salesienne\/sdb\/","url_meta":{"origin":631,"position":1},"title":"Les Sal\u00e9siens de Don Bosco","author":"fmahaiti","date":"11 mars 2021","format":false,"excerpt":"Membres d\u2019un institut religieux de droit pontifical, consacr\u00e9 aux \u0153uvres apostoliques fond\u00e9 par Saint Jean Bosco le 8 d\u00e9cembre 1859 \u00e0 Turin (Italie) avec 17 jeunes d\u00e9sireux de se consacrer \u00e0 Dieu tout en s\u2019adonnant \u00e0 l\u2019\u00e9ducation de jeunes pauvres et abandonn\u00e9s...","rel":"","context":"Article similaire","block_context":{"text":"Article similaire","link":""},"img":{"alt_text":"","src":"https:\/\/i0.wp.com\/fmahaiti.org\/site\/wp-content\/uploads\/2021\/03\/sdb-logo-239x300.png?resize=350%2C200&ssl=1","width":350,"height":200},"classes":[]},{"id":670,"url":"https:\/\/fmahaiti.org\/site\/","url_meta":{"origin":631,"position":2},"title":"Bienvenue sur le site des FMA d&rsquo;Haiti","author":"fmahaiti","date":"3 octobre 2024","format":false,"excerpt":"Page d'accueil du site officiel des Filles de Marie Auxiliatrice ou S\u0153urs Sal\u00e9siennes de Don Bosco \u0153uvrant en Haiti et en Guadeloupe.","rel":"","context":"Article similaire","block_context":{"text":"Article similaire","link":""},"img":{"alt_text":"","src":"https:\/\/i0.wp.com\/fmahaiti.org\/site\/wp-content\/uploads\/2026\/05\/logo-reseau.png?resize=350%2C200&ssl=1","width":350,"height":200},"classes":[]},{"id":1190,"url":"https:\/\/fmahaiti.org\/site\/education\/bureau-pedagogique-et-de-developpement-des-fma-en-haiti\/","url_meta":{"origin":631,"position":3},"title":"Bureau P\u00e9dagogique et de D\u00e9veloppement des FMA en Ha\u00efti","author":"Sr Martha Seide","date":"5 avril 2021","format":false,"excerpt":"Apr\u00e8s le s\u00e9isme d\u00e9vastateur du 12 janvier 2010,\u00a0 en \u00e9troite collaboration avec des Organisations telles ACTEC et Via Don Bosco, les FMA d'Haiti ont mis en place un Bureau P\u00e9dagogique et de D\u00e9veloppement. Le bureau p\u00e9dagogique a pour but de favoriser: L'am\u00e9lioration de la qualit\u00e9 de l'Enseignement, la mise \u00e0\u2026","rel":"","context":"Article similaire","block_context":{"text":"Article similaire","link":""},"img":{"alt_text":"","src":"https:\/\/i0.wp.com\/fmahaiti.org\/site\/wp-content\/uploads\/2021\/08\/logocombine.jpg?resize=350%2C200&ssl=1","width":350,"height":200,"srcset":"https:\/\/i0.wp.com\/fmahaiti.org\/site\/wp-content\/uploads\/2021\/08\/logocombine.jpg?resize=350%2C200&ssl=1 1x, https:\/\/i0.wp.com\/fmahaiti.org\/site\/wp-content\/uploads\/2021\/08\/logocombine.jpg?resize=525%2C300&ssl=1 1.5x, https:\/\/i0.wp.com\/fmahaiti.org\/site\/wp-content\/uploads\/2021\/08\/logocombine.jpg?resize=700%2C400&ssl=1 2x, https:\/\/i0.wp.com\/fmahaiti.org\/site\/wp-content\/uploads\/2021\/08\/logocombine.jpg?resize=1050%2C600&ssl=1 3x, https:\/\/i0.wp.com\/fmahaiti.org\/site\/wp-content\/uploads\/2021\/08\/logocombine.jpg?resize=1400%2C800&ssl=1 4x"},"classes":[]},{"id":654,"url":"https:\/\/fmahaiti.org\/site\/origine\/nos-defuntes\/","url_meta":{"origin":631,"position":4},"title":"Nos D\u00e9funtes","author":"fmahaiti","date":"18 mars 2021","format":false,"excerpt":"La charit\u00e9, qui a maintenu les Filles de Marie Auxiliatrice dans la vie, ne cesse pas apr\u00e8s leur mort. Lorsqu'une s\u0153ur est appel\u00e9e \u00e0 l'\u00e9ternit\u00e9, sa mort sera d'abord communiqu\u00e9e \u00e0 toutes les maisons, de sorte que la sainte communion (par la messe et autres formes de pi\u00e9t\u00e9 dont la\u2026","rel":"","context":"Article similaire","block_context":{"text":"Article similaire","link":""},"img":{"alt_text":"","src":"https:\/\/i0.wp.com\/fmahaiti.org\/site\/wp-content\/uploads\/2025\/02\/Ti-Carme.jpg?resize=350%2C200&ssl=1","width":350,"height":200},"classes":[]},{"id":339,"url":"https:\/\/fmahaiti.org\/site\/nos-communautes\/","url_meta":{"origin":631,"position":5},"title":"Nos Communaut\u00e9s","author":"fmahaiti","date":"9 mars 2021","format":false,"excerpt":"Les Filles de Marie Auxiliatrice d\u2019Ha\u00efti animent 18 communaut\u00e9s \u00e9ducatives avec une pr\u00e9sence dans 8 des 10 d\u00e9partements de la R\u00e9publique d'Haiti et en Guadeloupe (Saint-Martin \u2013 Marigot)...","rel":"","context":"Article similaire","block_context":{"text":"Article similaire","link":""},"img":{"alt_text":"","src":"https:\/\/i0.wp.com\/fmahaiti.org\/site\/wp-content\/uploads\/2024\/12\/IMG-20240201-WA0018-300x225.jpg?resize=350%2C200&ssl=1","width":350,"height":200},"classes":[]}],"_links":{"self":[{"href":"https:\/\/fmahaiti.org\/site\/wp-json\/wp\/v2\/pages\/631","targetHints":{"allow":["GET"]}}],"collection":[{"href":"https:\/\/fmahaiti.org\/site\/wp-json\/wp\/v2\/pages"}],"about":[{"href":"https:\/\/fmahaiti.org\/site\/wp-json\/wp\/v2\/types\/page"}],"author":[{"embeddable":true,"href":"https:\/\/fmahaiti.org\/site\/wp-json\/wp\/v2\/users\/1"}],"replies":[{"embeddable":true,"href":"https:\/\/fmahaiti.org\/site\/wp-json\/wp\/v2\/comments?post=631"}],"version-history":[{"count":3,"href":"https:\/\/fmahaiti.org\/site\/wp-json\/wp\/v2\/pages\/631\/revisions"}],"predecessor-version":[{"id":1407,"href":"https:\/\/fmahaiti.org\/site\/wp-json\/wp\/v2\/pages\/631\/revisions\/1407"}],"up":[{"embeddable":true,"href":"https:\/\/fmahaiti.org\/site\/wp-json\/wp\/v2\/pages\/439"}],"wp:attachment":[{"href":"https:\/\/fmahaiti.org\/site\/wp-json\/wp\/v2\/media?parent=631"}],"curies":[{"name":"wp","href":"https:\/\/api.w.org\/{rel}","templated":true}]}}