{"id":614,"date":"2021-03-16T12:39:36","date_gmt":"2021-03-16T16:39:36","guid":{"rendered":"https:\/\/fmahaiti.org\/site\/?page_id=614"},"modified":"2021-03-16T13:01:09","modified_gmt":"2021-03-16T17:01:09","slug":"anciennes","status":"publish","type":"page","link":"https:\/\/fmahaiti.org\/site\/famille-salesienne\/anciennes\/","title":{"rendered":"Les Anciens et Anciennes \u00c9l\u00e8ves de Don Bosco"},"content":{"rendered":"<p>La\u00a0<strong>Conf\u00e9d\u00e9ration Mondiale des Anciennes et Anciens \u00e9l\u00e8ves des Filles de Marie-Auxiliatrice<\/strong>, appel\u00e9e aussi\u00a0<strong>Association<\/strong> par la suite, est une association la\u00efque \u00e0 but non lucratif, promue par l\u2019Institut des Filles de Marie-Auxiliatrice (ou Sal\u00e9siennes de Don Bosco). En tant que telle, elle fait partie de la Famille Sal\u00e9sienne, dans laquelle le Recteur Majeur, successeur de Don Bosco, est p\u00e8re et fait office de trait-d\u2019union au sein de de la Famille. Font partie de l\u2019Association les personnes de tout \u00e2ge, culture, religion, statut social, dans chaque partie du monde<\/p>\n<figure style=\"width: 424px\" class=\"wp-caption alignnone\"><img data-recalc-dims=\"1\" loading=\"lazy\" decoding=\"async\" src=\"https:\/\/i0.wp.com\/fmahaiti.org\/site\/wp-content\/uploads\/2021\/03\/3eleves.jpg?resize=424%2C410&#038;ssl=1\" alt=\"\" width=\"424\" height=\"410\" \/><figcaption class=\"wp-caption-text\">Aujourd&rsquo;hui \u00e9l\u00e8ves ou \u00e9tudiantes&#8230;<\/figcaption><\/figure>\n<p>Bon nombre d\u2019entre eux choisissent de participer officiellement \u00e0 l\u2019Association, en y adh\u00e9rant en tant que membres effectifs et en se rendant aussi disponibles pour des r\u00f4les de guide et d\u2019animation. Chaque Ancienne et Ancien \u00e9l\u00e8ve s\u2019engage \u00e0 grandir en tant que personne, d\u2019apr\u00e8s le trin\u00f4me du Syst\u00e8me de Pr\u00e9vention de Don Bosco:\u00a0<strong>RAISON \u2013 RELIGION \u2013 AFFECTION<\/strong>, qui peut se traduire en des valeurs humaines de\u00a0<strong>DIGNIT\u00c9, FOI et SOLIDARIT\u00c9<\/strong>, en y associant la sensibilit\u00e9 et l\u2019attention port\u00e9es au charisme morn\u00e9sien de Marie Dominique Mazzarello, co-fondatrice de l\u2019Institut des Filles de Marie-Auxiliatrice.<\/p>\n<figure id=\"attachment_618\" aria-describedby=\"caption-attachment-618\" style=\"width: 640px\" class=\"wp-caption aligncenter\"><img data-recalc-dims=\"1\" loading=\"lazy\" decoding=\"async\" class=\"wp-image-618 size-full\" src=\"https:\/\/i0.wp.com\/fmahaiti.org\/site\/wp-content\/uploads\/2021\/03\/ae2018.jpg?resize=640%2C363&#038;ssl=1\" alt=\"\" width=\"640\" height=\"363\" srcset=\"https:\/\/i0.wp.com\/fmahaiti.org\/site\/wp-content\/uploads\/2021\/03\/ae2018.jpg?w=640&amp;ssl=1 640w, https:\/\/i0.wp.com\/fmahaiti.org\/site\/wp-content\/uploads\/2021\/03\/ae2018.jpg?resize=300%2C170&amp;ssl=1 300w\" sizes=\"auto, (max-width: 640px) 100vw, 640px\" \/><figcaption id=\"caption-attachment-618\" class=\"wp-caption-text\">&#8230;Demain Anciennes<br \/>Quelques anciennes, lors de la c\u00e9l\u00e9bration des 61 ans du CMDM, le dimanche 13 mai 2018<\/figcaption><\/figure>\n<p>Chaque Ancien\/ne \u00e9l\u00e8ve contribue de mani\u00e8re responsable \u00e0 l\u2019affirmation des valeurs sur lesquelles se fonde la dignit\u00e9 de la personne, en travaillant sur les plus diff\u00e9rents champs d\u2019action\u00a0:<\/p>\n<ul>\n<li>la famille;<\/li>\n<li>l\u2019environnement de travail et d\u2019\u00e9tude<\/li>\n<li>le monde politique et social;<\/li>\n<li>dans le cadre de l\u2019\u00e9cole, du temps libre, de la communication sociale.<\/li>\n<\/ul>\n","protected":false},"excerpt":{"rendered":"<p>La\u00a0Conf\u00e9d\u00e9ration Mondiale des Anciennes et Anciens \u00e9l\u00e8ves des Filles de Marie-Auxiliatrice, appel\u00e9e aussi\u00a0Association par la suite, est une association la\u00efque \u00e0 but non lucratif, promue&hellip;<\/p>\n","protected":false},"author":1,"featured_media":0,"parent":439,"menu_order":4,"comment_status":"closed","ping_status":"closed","template":"","meta":{"footnotes":""},"class_list":["post-614","page","type-page","status-publish","hentry"],"jetpack_sharing_enabled":true,"jetpack_shortlink":"https:\/\/wp.me\/PcR5kd-9U","jetpack-related-posts":[{"id":439,"url":"https:\/\/fmahaiti.org\/site\/famille-salesienne\/","url_meta":{"origin":614,"position":0},"title":"La Famille sal\u00e9sienne","author":"fmahaiti","date":"11 mars 2021","format":false,"excerpt":"Famille aux ramifications nombreuses, la famille sal\u00e9sienne fut fond\u00e9e par Don Bosco lui-m\u00eame qui a voulu que chacune de ses composantes ait sa propre physionomie et ses propres activit\u00e9s tout en\u00a0 restant fortement unies par le partage de l\u2019esprit sal\u00e9sien, le v\u00e9cu d\u2019un m\u00eame id\u00e9al missionnaire cultivant la collaboration en\u2026","rel":"","context":"Article similaire","block_context":{"text":"Article similaire","link":""},"img":{"alt_text":"","src":"","width":0,"height":0},"classes":[]},{"id":339,"url":"https:\/\/fmahaiti.org\/site\/nos-communautes\/","url_meta":{"origin":614,"position":1},"title":"Nos Communaut\u00e9s","author":"fmahaiti","date":"9 mars 2021","format":false,"excerpt":"Les Filles de Marie Auxiliatrice d\u2019Ha\u00efti animent 18 communaut\u00e9s \u00e9ducatives avec une pr\u00e9sence dans 8 des 10 d\u00e9partements de la R\u00e9publique d'Haiti et en Guadeloupe (Saint-Martin \u2013 Marigot)...","rel":"","context":"Article similaire","block_context":{"text":"Article similaire","link":""},"img":{"alt_text":"","src":"https:\/\/i0.wp.com\/fmahaiti.org\/site\/wp-content\/uploads\/2024\/12\/IMG-20240201-WA0018-300x225.jpg?resize=350%2C200&ssl=1","width":350,"height":200},"classes":[]},{"id":494,"url":"https:\/\/fmahaiti.org\/site\/famille-salesienne\/coop\/","url_meta":{"origin":614,"position":2},"title":"Sal\u00e9siens Coop\u00e9rateurs et Coop\u00e9ratrices","author":"fmahaiti","date":"11 mars 2021","format":false,"excerpt":"L\u2019Association des Sal\u00e9siens Coop\u00e9rateurs et Coop\u00e9ratrices est fond\u00e9e par Don Bosco en 1841. Elle est l\u2019un des groupes composant la Famille Sal\u00e9sienne, avec la Soci\u00e9t\u00e9 de Saint Fran\u00e7ois de Sales, l\u2019Institut des Filles de Marie Auxiliatrice et d\u2019autres groupes reconnus officiellement.\u00a0 Approuv\u00e9e par le Saint-Si\u00e8ge comme Association publique de fid\u00e8les,\u2026","rel":"","context":"Article similaire","block_context":{"text":"Article similaire","link":""},"img":{"alt_text":"","src":"https:\/\/i0.wp.com\/fmahaiti.org\/site\/wp-content\/uploads\/2021\/03\/cooperateur-2019-300x202.jpg?resize=350%2C200&ssl=1","width":350,"height":200},"classes":[]},{"id":213,"url":"https:\/\/fmahaiti.org\/site\/origine\/","url_meta":{"origin":614,"position":3},"title":"Qui sommes-nous?","author":"fmahaiti","date":"7 mars 2021","format":false,"excerpt":"Page sur l'origine des Filles de Marie Auxiliatrice, une congr\u00e9gation de droit pontifical, pour l'\u00e9ducation de la jeunesse, fond\u00e9e en Italie par Saint Jean Bosco (1815-1888) et Sainte Marie Dominique Mazzarello ( 1837-1872). Les Filles de Marie Auxiliatrice sont surtout connues en Haiti sous le nom de \u00ab\u00a0S\u0153urs Sal\u00e9siennes\u00a0\u00bb...","rel":"","context":"Article similaire","block_context":{"text":"Article similaire","link":""},"img":{"alt_text":"Photo de Dominique Mazzarello","src":"https:\/\/i0.wp.com\/fmahaiti.org\/images\/mazzarello.jpg?resize=350%2C200&ssl=1","width":350,"height":200},"classes":[]},{"id":670,"url":"https:\/\/fmahaiti.org\/site\/","url_meta":{"origin":614,"position":4},"title":"Bienvenue sur le site des FMA d&rsquo;Haiti","author":"fmahaiti","date":"3 octobre 2024","format":false,"excerpt":"Page d'accueil du site officiel des Filles de Marie Auxiliatrice ou S\u0153urs Sal\u00e9siennes de Don Bosco \u0153uvrant en Haiti et en Guadeloupe.","rel":"","context":"Article similaire","block_context":{"text":"Article similaire","link":""},"img":{"alt_text":"","src":"https:\/\/i0.wp.com\/fmahaiti.org\/site\/wp-content\/uploads\/2026\/05\/logo-reseau.png?resize=350%2C200&ssl=1","width":350,"height":200},"classes":[]},{"id":224,"url":"https:\/\/fmahaiti.org\/site\/origine\/fondateurs\/","url_meta":{"origin":614,"position":5},"title":"Nos Fondateurs","author":"fmahaiti","date":"7 mars 2021","format":false,"excerpt":"Profils de nos fondateurs: Saint Jean Bosco, le 16 aout 1815, dans un petit village pr\u00e8s de Turin (Italie) et d\u00e9c\u00e9d\u00e9 le 31 janvier 1888 \u00e0 Turin, et Sainte Marie Dominique Mazzarello, n\u00e9e le 9 mai 1837 \u00e0 Mornese (Italie) et d\u00e9c\u00e9d\u00e9e le 14 mai 1881 \u00e0 Nizza Monferrato (Italie)...","rel":"","context":"Article similaire","block_context":{"text":"Article similaire","link":""},"img":{"alt_text":"Photo de Dominique Mazzarello","src":"https:\/\/i0.wp.com\/fmahaiti.org\/images\/mazzarello.jpg?resize=350%2C200&ssl=1","width":350,"height":200},"classes":[]}],"_links":{"self":[{"href":"https:\/\/fmahaiti.org\/site\/wp-json\/wp\/v2\/pages\/614","targetHints":{"allow":["GET"]}}],"collection":[{"href":"https:\/\/fmahaiti.org\/site\/wp-json\/wp\/v2\/pages"}],"about":[{"href":"https:\/\/fmahaiti.org\/site\/wp-json\/wp\/v2\/types\/page"}],"author":[{"embeddable":true,"href":"https:\/\/fmahaiti.org\/site\/wp-json\/wp\/v2\/users\/1"}],"replies":[{"embeddable":true,"href":"https:\/\/fmahaiti.org\/site\/wp-json\/wp\/v2\/comments?post=614"}],"version-history":[{"count":2,"href":"https:\/\/fmahaiti.org\/site\/wp-json\/wp\/v2\/pages\/614\/revisions"}],"predecessor-version":[{"id":630,"href":"https:\/\/fmahaiti.org\/site\/wp-json\/wp\/v2\/pages\/614\/revisions\/630"}],"up":[{"embeddable":true,"href":"https:\/\/fmahaiti.org\/site\/wp-json\/wp\/v2\/pages\/439"}],"wp:attachment":[{"href":"https:\/\/fmahaiti.org\/site\/wp-json\/wp\/v2\/media?parent=614"}],"curies":[{"name":"wp","href":"https:\/\/api.w.org\/{rel}","templated":true}]}}