{"id":602,"date":"2021-03-14T18:38:55","date_gmt":"2021-03-14T22:38:55","guid":{"rendered":"https:\/\/fmahaiti.org\/site\/?page_id=602"},"modified":"2021-03-15T10:17:29","modified_gmt":"2021-03-15T14:17:29","slug":"vdb","status":"publish","type":"page","link":"https:\/\/fmahaiti.org\/site\/famille-salesienne\/vdb\/","title":{"rendered":"Les Volontaires de Don Bosco"},"content":{"rendered":"<p><strong>Les<\/strong><strong>\u00a0VDB (Volontaires de Don Bosco),\u00a0<\/strong><strong>sont<\/strong><strong>\u00a0des la\u00efques consacr\u00e9es\u00a0<\/strong><strong>qui\u00a0<\/strong>vivent la spiritualit\u00e9 sal\u00e9sienne tout en \u00e9tant enti\u00e8rement plong\u00e9es parmi les gens. Elles ont des occupations ordinaires, des activit\u00e9s professionnelles diverses, pour rendre pr\u00e9sent l\u2019amour de Dieu dans tous les milieux s\u00e9culiers. Sensibles aux signes des temps et attentives aux exigences du territoire, elles visent \u00e0 <strong>apporter la joie<\/strong>, vivre authentiquement\u00a0<strong>toutes les valeurs humaines et chr\u00e9tiennes<\/strong>, mettre\u00a0<strong>notre vie au service de tous<\/strong>, sp\u00e9cialement\u00a0<strong>des jeunes<\/strong>\u00a0et des pauvres, en cherchant des espaces o\u00f9 elles peuvent intervenir avec souplesse et cr\u00e9ativit\u00e9.<\/p>\n<p>Consacr\u00e9es par la profession des\u00a0<strong>conseils \u00e9vang\u00e9liques<\/strong>\u00a0v\u00e9cus dans le monde, elles font\u00a0<strong>v\u0153u<\/strong><strong>\u00a0de chastet\u00e9, pauvret\u00e9 et ob\u00e9issance<\/strong> et s&rsquo;engagent \u00e0 \u00eatre des t\u00e9moins de la radicalit\u00e9 de l\u2019amour, sans se distinguer des gens de leur milieu. Une des caract\u00e9ristiques des Instituts S\u00e9culiers est justement celle de pratiquer une <strong>discr\u00e9tion<\/strong>\u00a0raisonnable sur l\u2019appartenance de ses membres, afin de pouvoir travailler avec plus d\u2019efficacit\u00e9 dans les diff\u00e9rents milieux o\u00f9 ils sont ins\u00e9r\u00e9s. Elles veulent \u00eatre le sel qui se dissout et donne du go\u00fbt, ou comme le levain qui dispara\u00eet dans la masse, mais qui bonifie le pain. Leurs champs d\u2019action privil\u00e9gi\u00e9s sont les\u00a0<strong>\u00absituations fronti\u00e8res<\/strong>\u00bb, les\u00a0<strong>nouvelles pauvret\u00e9s<\/strong>, les domaines\u00a0<strong>\u00e9ducatif et social<\/strong>, les milieux dans lesquels la justice et les droits humains sont bafou\u00e9s\u2026<\/p>\n<p>Nourries par une\u00a0<strong>profonde vie de pri\u00e8re<\/strong>, elles portent une\u00a0<strong>attention particuli\u00e8re aux jeunes et aux pauvres<\/strong>, en s\u2019 engageant \u00e0 leur service avec la m\u00eame passion que\u00a0<strong>Don Bosco.<\/strong>\u00a0<strong>Elles\u00a0<\/strong><strong>n\u2019<\/strong><strong>ont\u00a0<\/strong><strong>pas de vie commune, mais\u00a0<\/strong><strong>vivent<\/strong><strong>\u00a0en communion de vie,\u00a0<\/strong>dans des groupes de r\u00e9f\u00e9rence dans lesquels elles se retrouvent pour la formation et l\u2019encouragement mutuel. Elles comptent actuellement dans le monde 1308 membres.<\/p>\n<p>Les VDB sont pr\u00e9sentes en\u00a0Haiti.<\/p>\n<p>Pour plus d\u2019informations, consultez leur site \u00e0 cette adresse:\u00a0 <strong><a href=\"https:\/\/www.volontariedonbosco.org\/fr\/\">https:\/\/www.volontariedonbosco.org\/fr\/<\/a><\/strong><\/p>\n","protected":false},"excerpt":{"rendered":"<p>Consacr\u00e9es par la profession des\u00a0conseils \u00e9vang\u00e9liques\u00a0v\u00e9cus dans le monde, elles font\u00a0v\u0153u\u00a0de chastet\u00e9, pauvret\u00e9 et ob\u00e9issance\u00a0et s\u2019engagent \u00e0 \u00eatre des t\u00e9moins de la radicalit\u00e9 de l\u2019amour, sans se distinguer des gens de leur milieu&#8230;<\/p>\n","protected":false},"author":1,"featured_media":0,"parent":439,"menu_order":3,"comment_status":"closed","ping_status":"closed","template":"","meta":{"footnotes":""},"class_list":["post-602","page","type-page","status-publish","hentry"],"jetpack_sharing_enabled":true,"jetpack_shortlink":"https:\/\/wp.me\/PcR5kd-9I","jetpack-related-posts":[{"id":213,"url":"https:\/\/fmahaiti.org\/site\/origine\/","url_meta":{"origin":602,"position":0},"title":"Qui sommes-nous?","author":"fmahaiti","date":"7 mars 2021","format":false,"excerpt":"Page sur l'origine des Filles de Marie Auxiliatrice, une congr\u00e9gation de droit pontifical, pour l'\u00e9ducation de la jeunesse, fond\u00e9e en Italie par Saint Jean Bosco (1815-1888) et Sainte Marie Dominique Mazzarello ( 1837-1872). Les Filles de Marie Auxiliatrice sont surtout connues en Haiti sous le nom de \u00ab\u00a0S\u0153urs Sal\u00e9siennes\u00a0\u00bb...","rel":"","context":"Article similaire","block_context":{"text":"Article similaire","link":""},"img":{"alt_text":"Photo de Dominique Mazzarello","src":"https:\/\/i0.wp.com\/fmahaiti.org\/images\/mazzarello.jpg?resize=350%2C200&ssl=1","width":350,"height":200},"classes":[]},{"id":439,"url":"https:\/\/fmahaiti.org\/site\/famille-salesienne\/","url_meta":{"origin":602,"position":1},"title":"La Famille sal\u00e9sienne","author":"fmahaiti","date":"11 mars 2021","format":false,"excerpt":"Famille aux ramifications nombreuses, la famille sal\u00e9sienne fut fond\u00e9e par Don Bosco lui-m\u00eame qui a voulu que chacune de ses composantes ait sa propre physionomie et ses propres activit\u00e9s tout en\u00a0 restant fortement unies par le partage de l\u2019esprit sal\u00e9sien, le v\u00e9cu d\u2019un m\u00eame id\u00e9al missionnaire cultivant la collaboration en\u2026","rel":"","context":"Article similaire","block_context":{"text":"Article similaire","link":""},"img":{"alt_text":"","src":"","width":0,"height":0},"classes":[]},{"id":233,"url":"https:\/\/fmahaiti.org\/site\/origine\/fma-haiti\/","url_meta":{"origin":602,"position":2},"title":"Les FMA en Haiti","author":"fmahaiti","date":"7 mars 2021","format":false,"excerpt":"Les S\u0153urs Sal\u00e9siennes se sont \u00e9tablies en Haiti en 1935. Aujourd\u2019hui, elles comptent 18 maisons reparties \u00e0 travers le pays et en Guadeloupe. Rattach\u00e9es, jusqu\u2019en 1991 \u00e0 la Province des Antilles dont le si\u00e8ge se trouve \u00e0 Santo Domingo, R\u00e9publique Dominicaine, elles sont devenues d\u2019abord une Pr\u00e9-Province, et en 1997\u2026","rel":"","context":"Article similaire","block_context":{"text":"Article similaire","link":""},"img":{"alt_text":"","src":"https:\/\/i0.wp.com\/fmahaiti.org\/images\/perpetuel-secours.jpg?resize=350%2C200&ssl=1","width":350,"height":200},"classes":[]},{"id":1038,"url":"https:\/\/fmahaiti.org\/site\/education\/","url_meta":{"origin":602,"position":3},"title":"Education","author":"fmahaiti","date":"28 mars 2021","format":false,"excerpt":"La mission sal\u00e9sienne privil\u00e9gie l\u2019\u00e9ducation de ceux qui se trouvent en situation de pauvret\u00e9 et de risque.\u00a0 Pour cela, elle implique tous ceux qui sont engag\u00e9s dans la promotion de la formation int\u00e9grale. Suivant les traces de Saint Jean Bosco et Sainte Marie Dominique Mazzarello, les FMA ont toujours d\u00e9montr\u00e9\u2026","rel":"","context":"Article similaire","block_context":{"text":"Article similaire","link":""},"img":{"alt_text":"","src":"https:\/\/i0.wp.com\/fmahaiti.org\/site\/wp-content\/uploads\/2021\/08\/logocombine.jpg?resize=350%2C200&ssl=1","width":350,"height":200,"srcset":"https:\/\/i0.wp.com\/fmahaiti.org\/site\/wp-content\/uploads\/2021\/08\/logocombine.jpg?resize=350%2C200&ssl=1 1x, https:\/\/i0.wp.com\/fmahaiti.org\/site\/wp-content\/uploads\/2021\/08\/logocombine.jpg?resize=525%2C300&ssl=1 1.5x, https:\/\/i0.wp.com\/fmahaiti.org\/site\/wp-content\/uploads\/2021\/08\/logocombine.jpg?resize=700%2C400&ssl=1 2x, https:\/\/i0.wp.com\/fmahaiti.org\/site\/wp-content\/uploads\/2021\/08\/logocombine.jpg?resize=1050%2C600&ssl=1 3x, https:\/\/i0.wp.com\/fmahaiti.org\/site\/wp-content\/uploads\/2021\/08\/logocombine.jpg?resize=1400%2C800&ssl=1 4x"},"classes":[]},{"id":446,"url":"https:\/\/fmahaiti.org\/site\/famille-salesienne\/sdb\/","url_meta":{"origin":602,"position":4},"title":"Les Sal\u00e9siens de Don Bosco","author":"fmahaiti","date":"11 mars 2021","format":false,"excerpt":"Membres d\u2019un institut religieux de droit pontifical, consacr\u00e9 aux \u0153uvres apostoliques fond\u00e9 par Saint Jean Bosco le 8 d\u00e9cembre 1859 \u00e0 Turin (Italie) avec 17 jeunes d\u00e9sireux de se consacrer \u00e0 Dieu tout en s\u2019adonnant \u00e0 l\u2019\u00e9ducation de jeunes pauvres et abandonn\u00e9s...","rel":"","context":"Article similaire","block_context":{"text":"Article similaire","link":""},"img":{"alt_text":"","src":"https:\/\/i0.wp.com\/fmahaiti.org\/site\/wp-content\/uploads\/2021\/03\/sdb-logo-239x300.png?resize=350%2C200&ssl=1","width":350,"height":200},"classes":[]},{"id":224,"url":"https:\/\/fmahaiti.org\/site\/origine\/fondateurs\/","url_meta":{"origin":602,"position":5},"title":"Nos Fondateurs","author":"fmahaiti","date":"7 mars 2021","format":false,"excerpt":"Profils de nos fondateurs: Saint Jean Bosco, le 16 aout 1815, dans un petit village pr\u00e8s de Turin (Italie) et d\u00e9c\u00e9d\u00e9 le 31 janvier 1888 \u00e0 Turin, et Sainte Marie Dominique Mazzarello, n\u00e9e le 9 mai 1837 \u00e0 Mornese (Italie) et d\u00e9c\u00e9d\u00e9e le 14 mai 1881 \u00e0 Nizza Monferrato (Italie)...","rel":"","context":"Article similaire","block_context":{"text":"Article similaire","link":""},"img":{"alt_text":"Photo de Dominique Mazzarello","src":"https:\/\/i0.wp.com\/fmahaiti.org\/images\/mazzarello.jpg?resize=350%2C200&ssl=1","width":350,"height":200},"classes":[]}],"_links":{"self":[{"href":"https:\/\/fmahaiti.org\/site\/wp-json\/wp\/v2\/pages\/602","targetHints":{"allow":["GET"]}}],"collection":[{"href":"https:\/\/fmahaiti.org\/site\/wp-json\/wp\/v2\/pages"}],"about":[{"href":"https:\/\/fmahaiti.org\/site\/wp-json\/wp\/v2\/types\/page"}],"author":[{"embeddable":true,"href":"https:\/\/fmahaiti.org\/site\/wp-json\/wp\/v2\/users\/1"}],"replies":[{"embeddable":true,"href":"https:\/\/fmahaiti.org\/site\/wp-json\/wp\/v2\/comments?post=602"}],"version-history":[{"count":3,"href":"https:\/\/fmahaiti.org\/site\/wp-json\/wp\/v2\/pages\/602\/revisions"}],"predecessor-version":[{"id":613,"href":"https:\/\/fmahaiti.org\/site\/wp-json\/wp\/v2\/pages\/602\/revisions\/613"}],"up":[{"embeddable":true,"href":"https:\/\/fmahaiti.org\/site\/wp-json\/wp\/v2\/pages\/439"}],"wp:attachment":[{"href":"https:\/\/fmahaiti.org\/site\/wp-json\/wp\/v2\/media?parent=602"}],"curies":[{"name":"wp","href":"https:\/\/api.w.org\/{rel}","templated":true}]}}