{"id":512,"date":"2021-03-11T22:24:10","date_gmt":"2021-03-12T03:24:10","guid":{"rendered":"https:\/\/fmahaiti.org\/site\/?page_id=512"},"modified":"2024-12-16T15:19:31","modified_gmt":"2024-12-16T20:19:31","slug":"vocation-fma","status":"publish","type":"page","link":"https:\/\/fmahaiti.org\/site\/origine\/vocation-fma\/","title":{"rendered":"Devenir Fille de Marie Auxiliatrice\u00a0ou\u00a0Sal\u00e9sienne de Don Bosco"},"content":{"rendered":"<p>Pour devenir une Fille de Marie Auxiliatrice, il faut, avant tout, sentir l\u2019appel du Seigneur \u00e0 la vie consacr\u00e9e et vouloir r\u00e9pondre au Projet de Dieu.<\/p>\n<p>Quand une jeune s\u2019oriente vers notre Institut, nous nous mettons \u00e0 l\u2019\u00e9coute de ses motivations profondes, et nous l\u2019aidons progressivement \u00e0 les \u00e9claircir. Nous lui offrons un cheminement de formation initiale qui comprend diff\u00e9rentes \u00e9tapes. Ces diff\u00e9rentes \u00e9tapes constituent un processus ouvert et les passages d\u2019une \u00e9tape \u00e0 l\u2019autre d\u00e9pendent du degr\u00e9 de maturit\u00e9 et du chemin parcouru par chaque personne.<\/p>\n<p><img data-recalc-dims=\"1\" loading=\"lazy\" decoding=\"async\" class=\"aligncenter wp-image-10579 size-large\" src=\"https:\/\/i0.wp.com\/fmahaiti.org\/site\/wp-content\/uploads\/2024\/12\/Photo-Sta.jpg?resize=843%2C520&#038;ssl=1\" alt=\"\" width=\"843\" height=\"520\" srcset=\"https:\/\/i0.wp.com\/fmahaiti.org\/site\/wp-content\/uploads\/2024\/12\/Photo-Sta.jpg?resize=1024%2C632&amp;ssl=1 1024w, https:\/\/i0.wp.com\/fmahaiti.org\/site\/wp-content\/uploads\/2024\/12\/Photo-Sta.jpg?resize=300%2C185&amp;ssl=1 300w, https:\/\/i0.wp.com\/fmahaiti.org\/site\/wp-content\/uploads\/2024\/12\/Photo-Sta.jpg?resize=768%2C474&amp;ssl=1 768w, https:\/\/i0.wp.com\/fmahaiti.org\/site\/wp-content\/uploads\/2024\/12\/Photo-Sta.jpg?resize=1536%2C947&amp;ssl=1 1536w, https:\/\/i0.wp.com\/fmahaiti.org\/site\/wp-content\/uploads\/2024\/12\/Photo-Sta.jpg?resize=2048%2C1263&amp;ssl=1 2048w, https:\/\/i0.wp.com\/fmahaiti.org\/site\/wp-content\/uploads\/2024\/12\/Photo-Sta.jpg?w=1686&amp;ssl=1 1686w, https:\/\/i0.wp.com\/fmahaiti.org\/site\/wp-content\/uploads\/2024\/12\/Photo-Sta.jpg?w=2529&amp;ssl=1 2529w\" sizes=\"auto, (max-width: 843px) 100vw, 843px\" \/><\/p>\n<h4>La formation initiale comprend :<\/h4>\n<p>1.- La<em><strong>\u00a0P\u00e9riode de v\u00e9rification et d\u2019orientation<\/strong>\u00a0<\/em>\u00a0qui a la dur\u00e9e minimum d\u2019un an.<img data-recalc-dims=\"1\" loading=\"lazy\" decoding=\"async\" class=\"alignright wp-image-10583 size-medium\" src=\"https:\/\/i0.wp.com\/fmahaiti.org\/site\/wp-content\/uploads\/2024\/12\/Aspirantes.jpg?resize=300%2C190&#038;ssl=1\" alt=\"\" width=\"300\" height=\"190\" srcset=\"https:\/\/i0.wp.com\/fmahaiti.org\/site\/wp-content\/uploads\/2024\/12\/Aspirantes.jpg?resize=300%2C190&amp;ssl=1 300w, https:\/\/i0.wp.com\/fmahaiti.org\/site\/wp-content\/uploads\/2024\/12\/Aspirantes.jpg?resize=768%2C487&amp;ssl=1 768w, https:\/\/i0.wp.com\/fmahaiti.org\/site\/wp-content\/uploads\/2024\/12\/Aspirantes.jpg?w=978&amp;ssl=1 978w\" sizes=\"auto, (max-width: 300px) 100vw, 300px\" \/><\/p>\n<p style=\"padding-left: 40px;\">C\u2019est un temps o\u00f9 la jeune fille v\u00e9rifie son projet de vie, et de son c\u00f4t\u00e9 l\u2019Institut s\u2019assure qu\u2019elle a bien les qualit\u00e9s n\u00e9cessaires pour vivre la vocation sal\u00e9sienne.<\/p>\n<p><img data-recalc-dims=\"1\" loading=\"lazy\" decoding=\"async\" class=\"alignleft wp-image-10582 size-medium\" src=\"https:\/\/i0.wp.com\/fmahaiti.org\/site\/wp-content\/uploads\/2024\/12\/Postulantes.jpg?resize=300%2C251&#038;ssl=1\" alt=\"\" width=\"300\" height=\"251\" srcset=\"https:\/\/i0.wp.com\/fmahaiti.org\/site\/wp-content\/uploads\/2024\/12\/Postulantes.jpg?resize=300%2C251&amp;ssl=1 300w, https:\/\/i0.wp.com\/fmahaiti.org\/site\/wp-content\/uploads\/2024\/12\/Postulantes.jpg?w=763&amp;ssl=1 763w\" sizes=\"auto, (max-width: 300px) 100vw, 300px\" \/>2.- Le\u00a0<em><strong>Postulat<\/strong>\u00a0<\/em>\u00a0dure au moins 10 mois.<\/p>\n<p style=\"padding-left: 40px;\">C\u2019est l\u2019\u00e9tape de pr\u00e9paration au Noviciat o\u00f9 l\u2019exp\u00e9rience vocationnelle assume un caract\u00e8re de plus grande profondeur, et une nuance plus explicitement charismatique.<\/p>\n<p>3.- Le<em><strong>\u00a0Noviciat<\/strong>\u00a0<\/em>dure 2 ans.<img data-recalc-dims=\"1\" loading=\"lazy\" decoding=\"async\" class=\"alignright wp-image-10584 size-medium\" src=\"https:\/\/i0.wp.com\/fmahaiti.org\/site\/wp-content\/uploads\/2024\/12\/Nopho.jpg?resize=300%2C149&#038;ssl=1\" alt=\"\" width=\"300\" height=\"149\" srcset=\"https:\/\/i0.wp.com\/fmahaiti.org\/site\/wp-content\/uploads\/2024\/12\/Nopho.jpg?resize=300%2C149&amp;ssl=1 300w, https:\/\/i0.wp.com\/fmahaiti.org\/site\/wp-content\/uploads\/2024\/12\/Nopho.jpg?resize=1024%2C507&amp;ssl=1 1024w, https:\/\/i0.wp.com\/fmahaiti.org\/site\/wp-content\/uploads\/2024\/12\/Nopho.jpg?resize=768%2C380&amp;ssl=1 768w, https:\/\/i0.wp.com\/fmahaiti.org\/site\/wp-content\/uploads\/2024\/12\/Nopho.jpg?resize=1536%2C761&amp;ssl=1 1536w, https:\/\/i0.wp.com\/fmahaiti.org\/site\/wp-content\/uploads\/2024\/12\/Nopho.jpg?resize=2048%2C1014&amp;ssl=1 2048w, https:\/\/i0.wp.com\/fmahaiti.org\/site\/wp-content\/uploads\/2024\/12\/Nopho.jpg?w=1686&amp;ssl=1 1686w\" sizes=\"auto, (max-width: 300px) 100vw, 300px\" \/><\/p>\n<p style=\"padding-left: 40px;\">Dans cette phase la jeune apprend ce que signifie vivre en FMA, elle conna\u00eet plus \u00e0 fond la vie et la spiritualit\u00e9 sal\u00e9sienne, elle int\u00e9riorise les valeurs \u00e9vang\u00e9liques et sal\u00e9siennes, elle s\u2019applique \u00e0 l\u2019\u00e9tude et \u00e0 l\u2019approfondissement de la R\u00e8gle de vie de l\u2019Institut.<\/p>\n<p>4.- Le <strong><em>Juniorat\u00a0<\/em><\/strong>dure entre 6 et 9 ans.<\/p>\n<p style=\"padding-left: 40px;\">Cette p\u00e9riode suit imm\u00e9diatement la premi\u00e8re profession. Au terme de cette \u00e9tape marqu\u00e9e par l&rsquo;accompagnement, les \u00e9tudes, la pratique e la vie des Filles de Marie Auxiliatrice, la jeune s\u0153ur peut d\u00e9cider de faire sa profession perp\u00e9tuelle.<\/p>\n<p>Apr\u00e8s ce temps de formation initiale (qui dure au moins 10 ans), elle fait d\u00e9finitivement partie de l\u2019Institut.<\/p>\n<p>&nbsp;<\/p>\n<p><img data-recalc-dims=\"1\" loading=\"lazy\" decoding=\"async\" class=\"aligncenter wp-image-10581 size-large\" src=\"https:\/\/i0.wp.com\/fmahaiti.org\/site\/wp-content\/uploads\/2024\/12\/Juniores.jpg?resize=843%2C594&#038;ssl=1\" alt=\"\" width=\"843\" height=\"594\" srcset=\"https:\/\/i0.wp.com\/fmahaiti.org\/site\/wp-content\/uploads\/2024\/12\/Juniores.jpg?resize=1024%2C721&amp;ssl=1 1024w, https:\/\/i0.wp.com\/fmahaiti.org\/site\/wp-content\/uploads\/2024\/12\/Juniores.jpg?resize=300%2C211&amp;ssl=1 300w, https:\/\/i0.wp.com\/fmahaiti.org\/site\/wp-content\/uploads\/2024\/12\/Juniores.jpg?resize=768%2C541&amp;ssl=1 768w, https:\/\/i0.wp.com\/fmahaiti.org\/site\/wp-content\/uploads\/2024\/12\/Juniores.jpg?resize=1536%2C1081&amp;ssl=1 1536w, https:\/\/i0.wp.com\/fmahaiti.org\/site\/wp-content\/uploads\/2024\/12\/Juniores.jpg?resize=2048%2C1442&amp;ssl=1 2048w, https:\/\/i0.wp.com\/fmahaiti.org\/site\/wp-content\/uploads\/2024\/12\/Juniores.jpg?w=1686&amp;ssl=1 1686w, https:\/\/i0.wp.com\/fmahaiti.org\/site\/wp-content\/uploads\/2024\/12\/Juniores.jpg?w=2529&amp;ssl=1 2529w\" sizes=\"auto, (max-width: 843px) 100vw, 843px\" \/><\/p>\n<h4 style=\"text-align: center; color: #ff0000;\">SENS-TU DANS TON\u00a0C\u0152UR\u00a0LA VOIX DU CHRIST QUI T\u2019APPELLE \u00c0 LUI DONNER TA VIE AU SERVICE DES JEUNES?<\/h4>\n<p>Pour d\u00e9couvrir ton projet de vie, nous t\u2019offrons\u00a0:<\/p>\n<ul>\n<li>Un accompagnement personnel<\/li>\n<li>Un accompagnement de groupe<\/li>\n<\/ul>\n<h4 style=\"text-align: center;\">Tu peux contacter une de nos\u00a0<a title=\"Nos communaut\u00e9s\" href=\"https:\/\/fmahaiti.org\/site\/nos-communautes\/\">communaut\u00e9s<\/a>.<\/h4>\n","protected":false},"excerpt":{"rendered":"<p>Quand une jeune s\u2019oriente vers notre Institut, nous nous mettons \u00e0 l\u2019\u00e9coute de ses motivations profondes, et nous l\u2019aidons progressivement \u00e0 les \u00e9claircir. Nous lui offrons un cheminement de formation initiale qui comprend diff\u00e9rentes \u00e9tapes&#8230;<\/p>\n","protected":false},"author":1,"featured_media":0,"parent":213,"menu_order":6,"comment_status":"closed","ping_status":"closed","template":"","meta":{"footnotes":""},"class_list":["post-512","page","type-page","status-publish","hentry"],"jetpack_sharing_enabled":true,"jetpack_shortlink":"https:\/\/wp.me\/PcR5kd-8g","jetpack-related-posts":[{"id":224,"url":"https:\/\/fmahaiti.org\/site\/origine\/fondateurs\/","url_meta":{"origin":512,"position":0},"title":"Nos Fondateurs","author":"fmahaiti","date":"7 mars 2021","format":false,"excerpt":"Profils de nos fondateurs: Saint Jean Bosco, le 16 aout 1815, dans un petit village pr\u00e8s de Turin (Italie) et d\u00e9c\u00e9d\u00e9 le 31 janvier 1888 \u00e0 Turin, et Sainte Marie Dominique Mazzarello, n\u00e9e le 9 mai 1837 \u00e0 Mornese (Italie) et d\u00e9c\u00e9d\u00e9e le 14 mai 1881 \u00e0 Nizza Monferrato (Italie)...","rel":"","context":"Article similaire","block_context":{"text":"Article similaire","link":""},"img":{"alt_text":"Photo de Dominique Mazzarello","src":"https:\/\/i0.wp.com\/fmahaiti.org\/images\/mazzarello.jpg?resize=350%2C200&ssl=1","width":350,"height":200},"classes":[]},{"id":213,"url":"https:\/\/fmahaiti.org\/site\/origine\/","url_meta":{"origin":512,"position":1},"title":"Qui sommes-nous?","author":"fmahaiti","date":"7 mars 2021","format":false,"excerpt":"Page sur l'origine des Filles de Marie Auxiliatrice, une congr\u00e9gation de droit pontifical, pour l'\u00e9ducation de la jeunesse, fond\u00e9e en Italie par Saint Jean Bosco (1815-1888) et Sainte Marie Dominique Mazzarello ( 1837-1872). Les Filles de Marie Auxiliatrice sont surtout connues en Haiti sous le nom de \u00ab\u00a0S\u0153urs Sal\u00e9siennes\u00a0\u00bb...","rel":"","context":"Article similaire","block_context":{"text":"Article similaire","link":""},"img":{"alt_text":"Photo de Dominique Mazzarello","src":"https:\/\/i0.wp.com\/fmahaiti.org\/images\/mazzarello.jpg?resize=350%2C200&ssl=1","width":350,"height":200},"classes":[]},{"id":614,"url":"https:\/\/fmahaiti.org\/site\/famille-salesienne\/anciennes\/","url_meta":{"origin":512,"position":2},"title":"Les Anciens et Anciennes \u00c9l\u00e8ves de Don Bosco","author":"fmahaiti","date":"16 mars 2021","format":false,"excerpt":"La\u00a0Conf\u00e9d\u00e9ration Mondiale des Anciennes et Anciens \u00e9l\u00e8ves des Filles de Marie-Auxiliatrice, appel\u00e9e aussi\u00a0Association par la suite, est une association la\u00efque \u00e0 but non lucratif, promue par l\u2019Institut des Filles de Marie-Auxiliatrice (ou Sal\u00e9siennes de Don Bosco). En tant que telle, elle fait partie de la Famille Sal\u00e9sienne, dans laquelle le\u2026","rel":"","context":"Article similaire","block_context":{"text":"Article similaire","link":""},"img":{"alt_text":"","src":"https:\/\/i0.wp.com\/fmahaiti.org\/site\/wp-content\/uploads\/2021\/03\/ae2018.jpg?resize=350%2C200&ssl=1","width":350,"height":200,"srcset":"https:\/\/i0.wp.com\/fmahaiti.org\/site\/wp-content\/uploads\/2021\/03\/ae2018.jpg?resize=350%2C200&ssl=1 1x, https:\/\/i0.wp.com\/fmahaiti.org\/site\/wp-content\/uploads\/2021\/03\/ae2018.jpg?resize=525%2C300&ssl=1 1.5x"},"classes":[]},{"id":439,"url":"https:\/\/fmahaiti.org\/site\/famille-salesienne\/","url_meta":{"origin":512,"position":3},"title":"La Famille sal\u00e9sienne","author":"fmahaiti","date":"11 mars 2021","format":false,"excerpt":"Famille aux ramifications nombreuses, la famille sal\u00e9sienne fut fond\u00e9e par Don Bosco lui-m\u00eame qui a voulu que chacune de ses composantes ait sa propre physionomie et ses propres activit\u00e9s tout en\u00a0 restant fortement unies par le partage de l\u2019esprit sal\u00e9sien, le v\u00e9cu d\u2019un m\u00eame id\u00e9al missionnaire cultivant la collaboration en\u2026","rel":"","context":"Article similaire","block_context":{"text":"Article similaire","link":""},"img":{"alt_text":"","src":"","width":0,"height":0},"classes":[]},{"id":670,"url":"https:\/\/fmahaiti.org\/site\/","url_meta":{"origin":512,"position":4},"title":"Bienvenue sur le site des FMA d&rsquo;Haiti","author":"fmahaiti","date":"3 octobre 2024","format":false,"excerpt":"Page d'accueil du site officiel des Filles de Marie Auxiliatrice ou S\u0153urs Sal\u00e9siennes de Don Bosco \u0153uvrant en Haiti et en Guadeloupe.","rel":"","context":"Article similaire","block_context":{"text":"Article similaire","link":""},"img":{"alt_text":"","src":"https:\/\/i0.wp.com\/fmahaiti.org\/site\/wp-content\/uploads\/2026\/05\/logo-reseau.png?resize=350%2C200&ssl=1","width":350,"height":200},"classes":[]},{"id":339,"url":"https:\/\/fmahaiti.org\/site\/nos-communautes\/","url_meta":{"origin":512,"position":5},"title":"Nos Communaut\u00e9s","author":"fmahaiti","date":"9 mars 2021","format":false,"excerpt":"Les Filles de Marie Auxiliatrice d\u2019Ha\u00efti animent 18 communaut\u00e9s \u00e9ducatives avec une pr\u00e9sence dans 8 des 10 d\u00e9partements de la R\u00e9publique d'Haiti et en Guadeloupe (Saint-Martin \u2013 Marigot)...","rel":"","context":"Article similaire","block_context":{"text":"Article similaire","link":""},"img":{"alt_text":"","src":"https:\/\/i0.wp.com\/fmahaiti.org\/site\/wp-content\/uploads\/2024\/12\/IMG-20240201-WA0018-300x225.jpg?resize=350%2C200&ssl=1","width":350,"height":200},"classes":[]}],"_links":{"self":[{"href":"https:\/\/fmahaiti.org\/site\/wp-json\/wp\/v2\/pages\/512","targetHints":{"allow":["GET"]}}],"collection":[{"href":"https:\/\/fmahaiti.org\/site\/wp-json\/wp\/v2\/pages"}],"about":[{"href":"https:\/\/fmahaiti.org\/site\/wp-json\/wp\/v2\/types\/page"}],"author":[{"embeddable":true,"href":"https:\/\/fmahaiti.org\/site\/wp-json\/wp\/v2\/users\/1"}],"replies":[{"embeddable":true,"href":"https:\/\/fmahaiti.org\/site\/wp-json\/wp\/v2\/comments?post=512"}],"version-history":[{"count":4,"href":"https:\/\/fmahaiti.org\/site\/wp-json\/wp\/v2\/pages\/512\/revisions"}],"predecessor-version":[{"id":10585,"href":"https:\/\/fmahaiti.org\/site\/wp-json\/wp\/v2\/pages\/512\/revisions\/10585"}],"up":[{"embeddable":true,"href":"https:\/\/fmahaiti.org\/site\/wp-json\/wp\/v2\/pages\/213"}],"wp:attachment":[{"href":"https:\/\/fmahaiti.org\/site\/wp-json\/wp\/v2\/media?parent=512"}],"curies":[{"name":"wp","href":"https:\/\/api.w.org\/{rel}","templated":true}]}}