{"id":407,"date":"2021-03-11T13:44:57","date_gmt":"2021-03-11T18:44:57","guid":{"rendered":"https:\/\/fmahaiti.org\/site\/?page_id=407"},"modified":"2024-12-20T17:55:57","modified_gmt":"2024-12-20T22:55:57","slug":"animation-et-services","status":"publish","type":"page","link":"https:\/\/fmahaiti.org\/site\/origine\/animation-et-services\/","title":{"rendered":"Province NDPS: Animation et services"},"content":{"rendered":"<h4 style=\"text-align: center;\">CONSEIL 2024-2025<\/h4>\n<p><img data-recalc-dims=\"1\" loading=\"lazy\" decoding=\"async\" class=\"size-full aligncenter\" src=\"https:\/\/i0.wp.com\/fmahaiti.org\/images\/title_line.png?resize=825%2C23&#038;ssl=1\" width=\"825\" height=\"23\" \/><\/p>\n<ul>\n<li>Sr Altagr\u00e2ce Mathias\u00a0\u00a0 \u00a0\u00a0\u00a0\u00a0\u00a0\u00a0\u00a0\u00a0\u00a0\u00a0\u00a0\u00a0\u00a0 : <strong>Provinciale<\/strong><\/li>\n<li>Sr Marie Adline Clerg\u00e9\u00a0 \u00a0 \u00a0 \u00a0 \u00a0 \u00a0 \u00a0 : <strong>Vicaire Prov.\u00a0 et conseill\u00e8re pour la formation<\/strong><\/li>\n<li>Sr Flora Fanfan\u00a0\u00a0\u00a0\u00a0\u00a0\u00a0\u00a0\u00a0\u00a0\u00a0\u00a0 \u00a0\u00a0\u00a0\u00a0\u00a0\u00a0\u00a0\u00a0\u00a0\u00a0\u00a0\u00a0\u00a0 : <strong>Conseill\u00e8re pour l\u2019Education<\/strong><\/li>\n<li>Sr Rose Dominique Giraud\u00a0 \u00a0 \u00a0 : <strong>Conseill\u00e8re pour la Famille Sal\u00e9sienne<\/strong><\/li>\n<li>Sr Mathilde Piard\u00a0 \u00a0 \u00a0 \u00a0 \u00a0 \u00a0 \u00a0 \u00a0 \u00a0 \u00a0 \u00a0 \u00a0: C<strong>onseill\u00e8re pour la Pastorale<\/strong><\/li>\n<li>Sr Bernadette Monvilus\u00a0 \u00a0 \u00a0 \u00a0 \u00a0 \u00a0 : <strong>Econome et Conseill\u00e8re<\/strong><\/li>\n<li>Sr Monette Octave\u00a0 \u00a0 \u00a0 \u00a0 \u00a0 \u00a0 \u00a0 \u00a0 \u00a0 \u00a0 \u00a0 : S<strong>ecr\u00e9taire<\/strong><\/li>\n<\/ul>\n<p>&nbsp;<\/p>\n<h1 style=\"text-align: center;\">L\u2019EQUIPE PROVINCIALE<\/h1>\n<p><img data-recalc-dims=\"1\" decoding=\"async\" class=\"aligncenter\" src=\"https:\/\/i0.wp.com\/fmahaiti.org\/images\/title_line.png?w=843&#038;ssl=1\" \/><\/p>\n<ul>\n<li>Coordinatrice de l\u2019Equipe\u00a0 Pastorale\u00a0 \u00a0 \u00a0 \u00a0 \u00a0 \u00a0 \u00a0 \u00a0 \u00a0 \u00a0 \u00a0 <strong>\u00a0: Sr Mathilde Piard<\/strong><\/li>\n<li>Coordinatrice culturelle et formation\u00a0 prof.\u00a0 \u00a0 \u00a0 \u00a0 \u00a0 \u00a0: Sr Flora Fanfan<\/li>\n<li>Responsable de la formation initiale\u00a0 \u00a0 \u00a0 \u00a0 \u00a0 \u00a0 \u00a0 \u00a0 \u00a0 \u00a0 \u00a0 \u00a0: Sr Marie Adline Clerg\u00e9<\/li>\n<li>Responsable des juniores\u00a0 \u00a0 \u00a0 \u00a0 \u00a0 \u00a0 \u00a0 \u00a0 \u00a0 \u00a0 \u00a0 \u00a0 \u00a0 \u00a0 \u00a0 \u00a0 \u00a0 \u00a0 \u00a0 \u00a0 \u00a0 \u00a0: Sr Marie Claire Jean<\/li>\n<li>Cat\u00e9ch\u00e8se\u00a0 \u00a0 \u00a0 \u00a0 \u00a0 \u00a0 \u00a0 \u00a0 \u00a0 \u00a0 \u00a0 \u00a0 \u00a0 \u00a0 \u00a0 \u00a0 \u00a0 \u00a0 \u00a0 \u00a0 \u00a0 \u00a0 \u00a0 \u00a0 \u00a0 \u00a0 \u00a0 \u00a0 \u00a0 \u00a0 \u00a0 \u00a0 \u00a0 \u00a0 \u00a0 \u00a0: Sr Emilienne Michel<\/li>\n<li>Communication\u00a0 \u00a0 \u00a0 \u00a0 \u00a0 \u00a0 \u00a0 \u00a0 \u00a0 \u00a0 \u00a0 \u00a0 \u00a0 \u00a0 \u00a0 \u00a0 \u00a0 \u00a0 \u00a0 \u00a0 \u00a0 \u00a0 \u00a0 \u00a0 \u00a0 \u00a0 \u00a0 \u00a0 \u00a0 \u00a0 : Sr Marie-Pierrette Louijuste\/ Sr Monette Octave<\/li>\n<li>Famille Sal\u00e9sienne\u00a0 \u00a0 \u00a0 \u00a0 \u00a0 \u00a0 \u00a0 \u00a0 \u00a0 \u00a0 \u00a0 \u00a0 \u00a0 \u00a0 \u00a0 \u00a0 \u00a0 \u00a0 \u00a0 \u00a0 \u00a0 \u00a0 \u00a0 \u00a0 \u00a0 \u00a0 \u00a0 \u00a0: Sr Rose Dominique Giraud<\/li>\n<li>Accompagnatrice des Sal\u00e9siens Coop\u00e9rateurs\u00a0 \u00a0 \u00a0 \u00a0: Sr Rose Monique Jolicoeur<\/li>\n<li>Accompagnatrice des Anciens El\u00e8ves\u00a0 \u00a0 \u00a0 \u00a0 \u00a0 \u00a0 \u00a0 \u00a0 \u00a0 \u00a0 \u00a0 : Sr Marie Monique Bellegarde<\/li>\n<li>Responsable\u00a0 nationale ADMA\u00a0 \u00a0 \u00a0 \u00a0 \u00a0 \u00a0 \u00a0 \u00a0 \u00a0 \u00a0 \u00a0 \u00a0 \u00a0 \u00a0 \u00a0 \u00a0 \u00a0: Sr Francoise Accim\u00e9\/Sr Faniola Gerisma<\/li>\n<li>Responsable nationale des gr. Missionnaires\u00a0 \u00a0 \u00a0 \u00a0 : Sr Micheleine Germeille \/ Sr. Ansuse-Line E.<\/li>\n<li>Responsables nationales des groupes MEJ\u00a0 \u00a0 \u00a0 \u00a0 \u00a0 \u00a0 : Sr Mireille Pierre Villiat<\/li>\n<li>Responsables nationales CACH\u00a0 \u00a0 \u00a0 \u00a0 \u00a0 \u00a0 \u00a0 \u00a0 \u00a0 \u00a0 \u00a0 \u00a0 \u00a0 \u00a0 \u00a0 \u00a0 : Sr Monette Octave. et Sr CarolLe Cl\u00e9ment<\/li>\n<li>Responsables nationales VIDES\u00a0 \u00a0 \u00a0 \u00a0 \u00a0 \u00a0 \u00a0 \u00a0 \u00a0 \u00a0 \u00a0 \u00a0 \u00a0 \u00a0 \u00a0 \u00a0: Sr Carole Jeune<\/li>\n<li>\u00a0Responsables nationales Patronage\u00a0 \u00a0 \u00a0 \u00a0 \u00a0 \u00a0 \u00a0 \u00a0 \u00a0 \u00a0 \u00a0 \u00a0 : Sr Marie Mode Jolibois<\/li>\n<\/ul>\n<h4><\/h4>\n<h2 style=\"text-align: center;\"><strong>LES DIFF\u00c9RENTS NOYAUX ET COMMISSIONS<\/strong><\/h2>\n<p><img data-recalc-dims=\"1\" loading=\"lazy\" decoding=\"async\" class=\"alignnone\" src=\"https:\/\/i0.wp.com\/fmahaiti.org\/images\/title_line.png?resize=843%2C15&#038;ssl=1\" alt=\"\" width=\"843\" height=\"15\" \/><\/p>\n<div class=\"subtitle\" style=\"padding-left: 15px;\"><strong>\u2261 Bureau \u00c9ducation<\/strong><\/div>\n<hr \/>\n<ul>\n<li style=\"list-style-type: none;\">\n<ul>\n<li>\n<table style=\"height: 174px;\" width=\"420\">\n<tbody>\n<tr>\n<td width=\"354\">\n<ul>\n<li><b>Sr Flora Fanfan: Coordinatrice<\/b><\/li>\n<li>Sr Franceline Normil\u00a0 \u00a0Pastorale Ens. Sup. )<\/li>\n<li>Sr Mikerlyne Cadet\u00a0 (Ecole Professionnelle)<\/li>\n<li>Sr Pierre Myrl\u00e8ne F\u00e9lix (Bureau P\u00e9dagogique<\/li>\n<li>Sr Mathilde Piard\u00a0 \u00a0(Pastorale)<\/li>\n<li>Sr Pierrette Louijuste (communication)<\/li>\n<li>Les Conseillers P\u00e9dagogiques<\/li>\n<li>La Secr\u00e9taire du Bureau P\u00e9dagogique<\/li>\n<\/ul>\n<\/td>\n<\/tr>\n<\/tbody>\n<\/table>\n<\/li>\n<\/ul>\n<\/li>\n<\/ul>\n<div class=\"subtitle\" style=\"padding-left: 15px;\"><strong>\u2261 Noyau \u00c9cole Professionnelle<\/strong><\/div>\n<hr \/>\n<ul>\n<li style=\"list-style-type: none;\">\n<ul>\n<li>\n<table style=\"height: 105px;\" width=\"292\">\n<tbody>\n<tr>\n<td width=\"379\">\n<ul>\n<li><b>Sr Pierre Myrl\u00e8ne F<\/b><b>\u00e9<\/b><b>lix<\/b><\/li>\n<li>Sr Aline Nicolas<\/li>\n<li>Sr Mikerlyne Cadet<\/li>\n<li>Sr Suzanne Gar\u00e7on<\/li>\n<li>Sr Marie Carolle Cl\u00e9ment<\/li>\n<li>Sr Marie Monique Bellegarde<\/li>\n<\/ul>\n<\/td>\n<\/tr>\n<\/tbody>\n<\/table>\n<\/li>\n<\/ul>\n<\/li>\n<\/ul>\n<div class=\"subtitle\" style=\"padding-left: 15px;\"><strong>\u2261 Noyau Formation<\/strong><\/div>\n<hr \/>\n<ul>\n<li style=\"list-style-type: none;\">\n<ul>\n<li>\n<table style=\"height: 62px;\" width=\"279\">\n<tbody>\n<tr>\n<td width=\"324\">\n<ul>\n<li><b>Sr Marie Adline Clerg\u00e9 <\/b><\/li>\n<li>Sr Solange Jacques<\/li>\n<li>Sr Marie Claire Jean<\/li>\n<li>Sr Marie Bonite No\u00eblfils<\/li>\n<li>Sr. Carole Jeune<\/li>\n<\/ul>\n<\/td>\n<\/tr>\n<\/tbody>\n<\/table>\n<\/li>\n<\/ul>\n<\/li>\n<\/ul>\n<div class=\"subtitle\" style=\"padding-left: 15px;\"><strong>\u2261 Noyau Cat\u00e9ch\u00e8se<\/strong><\/div>\n<hr \/>\n<ul>\n<li><b>Sr Emilienne Michel<\/b><\/li>\n<li>Sr Jennifer Jean-Fran\u00e7ois<\/li>\n<li>Sr Pierre Myrl\u00e8ne F\u00e9lix<\/li>\n<li><\/li>\n<li>Sr Mineuve F\u00e9lix<\/li>\n<\/ul>\n<div>\n<div class=\"subtitle\" style=\"padding-left: 15px;\">\u2261<strong> Commission Liturgie<\/strong><\/div>\n<hr \/>\n<ul>\n<li><b>Sr Carline Laguerre<\/b><\/li>\n<li>Sr Lucienne Fran\u00e7ois<\/li>\n<li>Sr Aline Nicolas<\/li>\n<li>Sr. Sylvita Claude<\/li>\n<li>Sr Bernadette Monvilus<\/li>\n<li>Sr Charitable Edouard<\/li>\n<li>Sr Junie Moncher<\/li>\n<\/ul>\n<\/div>\n<div class=\"subtitle\" style=\"padding-left: 15px;\"><strong>\u2261 Commission Communication<\/strong><\/div>\n<hr \/>\n<ul>\n<li><b>Sr Marie-Pierrette Louijuste<\/b><\/li>\n<li>Sr Monette Octave<\/li>\n<li>Sr Marie Linda Jn Gilles<\/li>\n<li>Sr Ansuse-Line Etienne<br \/>\n<table style=\"height: 143px;\" width=\"285\">\n<tbody>\n<tr>\n<td width=\"311\"><b>Equipe Ecologique<\/b><\/p>\n<ul>\n<li><b>Sr Monette Octave<\/b><\/li>\n<li>Sr Ansuse-Line Etienne<\/li>\n<li>Sr M. Pierrette Louijuste<\/li>\n<\/ul>\n<\/td>\n<\/tr>\n<\/tbody>\n<\/table>\n<\/li>\n<\/ul>\n<p>&nbsp;<\/p>\n<div>\n<div class=\"subtitle\" style=\"padding-left: 15px;\">\u2261<strong> Commission Animation Vocationnelle<\/strong><\/div>\n<hr \/>\n<ul>\n<li><b>Sr Aline Nicolas<\/b><\/li>\n<li>Sr Marie Carmel Matthieu<\/li>\n<li>Sr. Johana Pierre<\/li>\n<li>Sr Marie Daniel Rameau<\/li>\n<\/ul>\n<p>&nbsp;<\/p>\n<\/div>\n<div>\n<div class=\"subtitle\" style=\"padding-left: 15px;\">\u2261 <strong>Commission Animation Mouvement Sal\u00e9sien des Jeunes (MSJ)<\/strong><\/div>\n<hr \/>\n<ul>\n<li><strong>Sr Emilienne Michel<\/strong><\/li>\n<li>Sr Rose Dominique Giraud<\/li>\n<li>Sr Sophie Auguste<\/li>\n<li>Sr Stane Lovely Jacob<\/li>\n<\/ul>\n<\/div>\n<h2 class=\"subtitle\" style=\"padding-left: 15px;\"><strong>\u2261 Bureau de Projet<\/strong><\/h2>\n<hr \/>\n<ul>\n<li><b>Sr Bernadette Monvilus<\/b><\/li>\n<li>Sr Rose Monique Jolicoeur<\/li>\n<li>Sr Marie Monique\u00a0 Bellegarde<\/li>\n<\/ul>\n<h2 class=\"subtitle\" style=\"padding-left: 15px;\"><strong>\u2261 D\u00e9l\u00e9gu\u00e9es FMA<\/strong><\/h2>\n<hr \/>\n<ul>\n<li>Au Comite Mixte\u00a0 \u00a0 \u00a0 \u00a0 \u00a0 \u00a0 \u00a0 \u00a0 \u00a0 \u00a0 \u00a0 \u00a0 \u00a0 \u00a0 \u00a0 \u00a0 \u00a0 \u00a0 \u00a0 \u00a0: Sr Judith Delisma \/ Sr Lucienne Fran\u00e7ois<\/li>\n<li>A la\u00a0 CHR-Education\u00a0\u00a0\u00a0\u00a0\u00a0\u00a0\u00a0\u00a0\u00a0\u00a0\u00a0\u00a0\u00a0\u00a0\u00a0 \u00a0\u00a0\u00a0\u00a0\u00a0\u00a0\u00a0\u00a0\u00a0\u00a0\u00a0\u00a0\u00a0\u00a0\u00a0 : Sr Pierre Myrl\u00e8ne F\u00e9lix\/Sr. Flore Fanfan<\/li>\n<li>A l\u2019Ass.\u00a0 Maman Marguerite\u00a0 \u00a0 \u00a0 \u00a0 \u00a0 \u00a0 \u00a0 \u00a0 \u00a0 \u00a0: Sr Marie Mercie Rapha\u00ebl<\/li>\n<li>A l\u2019Ass.\u00a0 des SSCC\u00a0 \u00a0 \u00a0 \u00a0 \u00a0 \u00a0 \u00a0 \u00a0 \u00a0 \u00a0 \u00a0 \u00a0 \u00a0 \u00a0 \u00a0 \u00a0 \u00a0 \u00a0 \u00a0: Sr\u00a0 Rose Monique Jolicoeur<\/li>\n<li>A l\u2019Ass.\u00a0 AAEE\u00a0 \u00a0 \u00a0 \u00a0 \u00a0 \u00a0 \u00a0 \u00a0 \u00a0 \u00a0 \u00a0 \u00a0 \u00a0 \u00a0 \u00a0 \u00a0 \u00a0 \u00a0 \u00a0 \u00a0 \u00a0 \u00a0: Sr\u00a0 Marie Monique Bellegarde<\/li>\n<li>URF Eveil Vocationnel\u00a0 \u00a0 \u00a0 \u00a0 \u00a0 \u00a0 \u00a0 \u00a0 \u00a0 \u00a0 \u00a0 \u00a0 \u00a0 \u00a0 : Sr Marie Bonite No\u00eblfils<\/li>\n<li>Ecologie\u00a0 \u00a0 \u00a0 \u00a0 \u00a0 \u00a0 \u00a0 \u00a0 \u00a0 \u00a0 \u00a0 \u00a0 \u00a0 \u00a0 \u00a0 \u00a0 \u00a0 \u00a0 \u00a0 \u00a0 \u00a0 \u00a0 \u00a0 \u00a0 \u00a0 \u00a0 \u00a0 : Sr Monette Octave<\/li>\n<\/ul>\n<div class=\"subtitle\" style=\"padding-left: 15px;\">\u2261<strong> Antennes communication dans les Communaut\u00e9s<\/strong><\/div>\n<hr \/>\n<ul>\n<li>Port au Prince,\u00a0 Marie Auxiliatrice\u00a0 \u00a0 \u00a0 \u00a0 \u00a0 \u00a0 \u00a0 \u00a0 \u00a0 \u00a0 \u00a0 \u00a0 \u00a0 \u00a0: Sr Fran\u00e7oise Accim\u00e9<\/li>\n<li>P\u00e9tion Ville, Marie D. Mazzarello\u00a0\u00a0\u00a0\u00a0\u00a0\u00a0\u00a0\u00a0\u00a0 \u00a0\u00a0\u00a0\u00a0\u00a0\u00a0\u00a0\u00a0\u00a0\u00a0\u00a0\u00a0\u00a0\u00a0\u00a0\u00a0\u00a0 :\u00a0 Sr Yves Mary Anastha Azor<\/li>\n<li>Cap Ha\u00eftien\u00a0\u00a0\u00a0\u00a0\u00a0 Sainte Catherine\u00a0 \u00a0 \u00a0 \u00a0 \u00a0 \u00a0 \u00a0 \u00a0 \u00a0 \u00a0 \u00a0 \u00a0 \u00a0 \u00a0 \u00a0 :\u00a0 Sr Est\u00e9phanie St Philippe<\/li>\n<li>Port-au-Prince\u00a0 Thorland Marie R\u00e9gine\u00a0 \u00a0 \u00a0 \u00a0 \u00a0 \u00a0 \u00a0 \u00a0 \u00a0: Sr\u00a0 Johanna Pierre<\/li>\n<li>Les Cayes\u00a0\u00a0 N. D. du Perp\u00e9tuel Secours\u00a0 \u00a0 \u00a0 \u00a0 \u00a0 \u00a0 \u00a0 \u00a0 \u00a0 :\u00a0 Sr\u00a0 Judite Borsa<\/li>\n<li>Thorland\u00a0 Noviciat Marie Auxiliatrice\u00a0 \u00a0 \u00a0 \u00a0 \u00a0 \u00a0 \u00a0 \u00a0 \u00a0 \u00a0 : Sr\u00a0 Carole Jeune \/ Sr Lundjie Solivert<\/li>\n<li>Port-au-Prince\u00a0\u00a0\u00a0\u00a0\u00a0 C. M.\u00a0\u00a0 J\u00e9sus enfant\u00a0 \u00a0 \u00a0 \u00a0 \u00a0 \u00a0 \u00a0 \u00a0 \u00a0 \u00a0: Sr Judith Delisma<\/li>\n<li>Port-au-Prince C. L.\u00a0\u00a0\u00a0\u00a0\u00a0\u00a0 St Jn Bosco\u00a0 \u00a0 \u00a0 \u00a0 \u00a0 \u00a0 \u00a0 \u00a0 \u00a0 \u00a0 \u00a0 \u00a0: Sr Judith Delisma<\/li>\n<li>Jacmel\u00a0\u00a0\u00a0\u00a0\u00a0\u00a0 Madeleine Morano\u00a0 \u00a0 \u00a0 \u00a0 \u00a0 \u00a0 \u00a0 \u00a0 \u00a0 \u00a0 \u00a0 \u00a0 \u00a0 \u00a0 \u00a0 \u00a0 \u00a0: Sr Sophie Auguste<\/li>\n<li>Port-au-Prince\u00a0\u00a0\u00a0\u00a0\u00a0 N. D. du Perp\u00e9tuel Secours\u00a0 \u00a0 \u00a0: Sr Monette Octave<\/li>\n<li>Kenscoff\u00a0 \u00a0Ste Th\u00e9r\u00e8se D\u2019avila\u00a0 \u00a0 \u00a0 \u00a0 \u00a0 \u00a0 \u00a0 \u00a0 \u00a0 \u00a0 \u00a0 \u00a0 \u00a0 \u00a0 \u00a0 \u00a0 \u00a0 : Sr\u00a0 Stane Lovely Jacob<\/li>\n<li>Hinche\u00a0 \u00a0 Sacr\u00e9 C\u0153ur de J\u00e9sus\u00a0 \u00a0 \u00a0 \u00a0 \u00a0 \u00a0 \u00a0 \u00a0 \u00a0 \u00a0 \u00a0 \u00a0 \u00a0 \u00a0 \u00a0 \u00a0 \u00a0: Sr Mineuve F\u00e9lix<\/li>\n<li>Ouanaminthe \u00a0\u00a0\u00a0 Saint Fran\u00e7ois de Sales\u00a0 \u00a0 \u00a0 \u00a0 \u00a0 \u00a0 \u00a0 \u00a0 : Sr\u00a0 Rose Andr\u00e9 Ch\u00e9ry<\/li>\n<li>\u00a0Anse \u00e0 Veau\u00a0 \u00a0 Saint Joseph Educateur\u00a0 \u00a0 \u00a0 \u00a0 \u00a0 \u00a0 \u00a0 \u00a0 \u00a0 : Sr Marie Shedou No\u00ebl<\/li>\n<li>Croix des Bouquets , J\u00e9sus Bon Pasteur\u00a0 \u00a0 \u00a0 \u00a0 \u00a0 \u00a0 \u00a0 \u00a0 \u00a0: Sr Estephanie St Philippe<\/li>\n<li>Anse\u2013 \u00e0\u2013 Pitres,\u00a0 Jean-Paul II\u00a0 \u00a0 \u00a0 \u00a0 \u00a0 \u00a0 \u00a0 \u00a0 \u00a0 \u00a0 \u00a0 \u00a0 \u00a0 \u00a0 \u00a0 \u00a0 \u00a0 : Sr K\u00e9ttia F\u00e9n\u00e9lus<\/li>\n<li>Saint Martin\u00a0 \u00a0 \u00a0 \u00a0 \u00a0 \u00a0 \u00a0 \u00a0 \u00a0 \u00a0 \u00a0 \u00a0 \u00a0 \u00a0 \u00a0 \u00a0 \u00a0 \u00a0 \u00a0 \u00a0 \u00a0 \u00a0 \u00a0 \u00a0 \u00a0 \u00a0 \u00a0 \u00a0 \u00a0 \u00a0 \u00a0 \u00a0 \u00a0 : Sr Jeannette Term\u00e9us<\/li>\n<li>Gommiers\u00a0 \u00a0 \u00a0 \u00a0 \u00a0 \u00a0 \u00a0 \u00a0 \u00a0 \u00a0 \u00a0 \u00a0 \u00a0 \u00a0 \u00a0 \u00a0 \u00a0 \u00a0 \u00a0 \u00a0 \u00a0 \u00a0 \u00a0 \u00a0 \u00a0 \u00a0 \u00a0 \u00a0 \u00a0 \u00a0 \u00a0 \u00a0 \u00a0 \u00a0 \u00a0 : Sr\u00a0 Fradanie Tavernier<\/li>\n<\/ul>\n<p>&nbsp;<\/p>\n","protected":false},"excerpt":{"rendered":"<p>L&rsquo;animation de la Province d&rsquo;Haiti plac\u00e9e sous la protection de Notre-Dame du Perp\u00e9tuel secours est assur\u00e9e par un Conseil provincial assist\u00e9 d&rsquo;une \u00e9quipe de coordinatrices et de plusieurs noyaux ou commissions&#8230;<\/p>\n","protected":false},"author":1,"featured_media":0,"parent":213,"menu_order":5,"comment_status":"closed","ping_status":"closed","template":"","meta":{"footnotes":""},"class_list":["post-407","page","type-page","status-publish","hentry"],"jetpack_sharing_enabled":true,"jetpack_shortlink":"https:\/\/wp.me\/PcR5kd-6z","jetpack-related-posts":[{"id":654,"url":"https:\/\/fmahaiti.org\/site\/origine\/nos-defuntes\/","url_meta":{"origin":407,"position":0},"title":"Nos D\u00e9funtes","author":"fmahaiti","date":"18 mars 2021","format":false,"excerpt":"La charit\u00e9, qui a maintenu les Filles de Marie Auxiliatrice dans la vie, ne cesse pas apr\u00e8s leur mort. Lorsqu'une s\u0153ur est appel\u00e9e \u00e0 l'\u00e9ternit\u00e9, sa mort sera d'abord communiqu\u00e9e \u00e0 toutes les maisons, de sorte que la sainte communion (par la messe et autres formes de pi\u00e9t\u00e9 dont la\u2026","rel":"","context":"Article similaire","block_context":{"text":"Article similaire","link":""},"img":{"alt_text":"","src":"https:\/\/i0.wp.com\/fmahaiti.org\/site\/wp-content\/uploads\/2025\/02\/Ti-Carme.jpg?resize=350%2C200&ssl=1","width":350,"height":200},"classes":[]},{"id":867,"url":"https:\/\/fmahaiti.org\/site\/blog\/multimedia-video\/","url_meta":{"origin":407,"position":1},"title":"Multimedia: Vid\u00e9os","author":"fmahaiti","date":"21 mars 2021","format":false,"excerpt":"Vid\u00e9o des S\u0153urs sal\u00e9siennes d'Haiti ou d'ailleurs en action dans les diff\u00e9rents champs d'apostolat ou montrant le dynamisme de l'institut.","rel":"","context":"Article similaire","block_context":{"text":"Article similaire","link":""},"img":{"alt_text":"","src":"","width":0,"height":0},"classes":[]},{"id":233,"url":"https:\/\/fmahaiti.org\/site\/origine\/fma-haiti\/","url_meta":{"origin":407,"position":2},"title":"Les FMA en Haiti","author":"fmahaiti","date":"7 mars 2021","format":false,"excerpt":"Les S\u0153urs Sal\u00e9siennes se sont \u00e9tablies en Haiti en 1935. Aujourd\u2019hui, elles comptent 18 maisons reparties \u00e0 travers le pays et en Guadeloupe. Rattach\u00e9es, jusqu\u2019en 1991 \u00e0 la Province des Antilles dont le si\u00e8ge se trouve \u00e0 Santo Domingo, R\u00e9publique Dominicaine, elles sont devenues d\u2019abord une Pr\u00e9-Province, et en 1997\u2026","rel":"","context":"Article similaire","block_context":{"text":"Article similaire","link":""},"img":{"alt_text":"","src":"https:\/\/i0.wp.com\/fmahaiti.org\/images\/perpetuel-secours.jpg?resize=350%2C200&ssl=1","width":350,"height":200},"classes":[]},{"id":11339,"url":"https:\/\/fmahaiti.org\/site\/livre-dor-pour-rendre-hommage-a-sr-marie-carmel-mathieu\/","url_meta":{"origin":407,"position":3},"title":"Livre d&rsquo;or pour rendre hommage \u00e0 sr Marie Carmel Mathieu","author":"Sr Martha Seide","date":"28 janvier 2025","format":false,"excerpt":"Merci sr Marie Carmel pour ce que tu as \u00e9t\u00e9 pour nous \u00a0","rel":"","context":"Article similaire","block_context":{"text":"Article similaire","link":""},"img":{"alt_text":"","src":"","width":0,"height":0},"classes":[]},{"id":1935,"url":"https:\/\/fmahaiti.org\/site\/education\/carte-didentite-de-lecole-salesienne-en-amerique\/","url_meta":{"origin":407,"position":4},"title":"Carte d&rsquo;identit\u00e9 de l&rsquo;\u00e9cole sal\u00e9sienne en Am\u00e9rique","author":"Sr Martha Seide","date":"7 ao\u00fbt 2021","format":false,"excerpt":"L\u2019\u00c9cole Sal\u00e9sienne am\u00e9ricaine, pr\u00e9sente sur tout le continent, est compos\u00e9e des \u00e9coles des Provinces am\u00e9ricaines, organis\u00e9es en quatre r\u00e9gions: Nous d\u00e9veloppons notre mission au Canada, aux \u00c9tats-Unis d\u2019Am\u00e9rique et dans tous les pays d\u2019Am\u00e9rique latine, avec une pr\u00e9sence \u00e9ducative de plus de 900 \u00e9coles et Centres de Formation Technique professionnelle,\u2026","rel":"","context":"Article similaire","block_context":{"text":"Article similaire","link":""},"img":{"alt_text":"","src":"https:\/\/i0.wp.com\/fmahaiti.org\/site\/wp-content\/uploads\/2021\/08\/carte-didentite-de-lecole-salesienne-en-Amerique.jpg?fit=952%2C415&ssl=1&resize=350%2C200","width":350,"height":200,"srcset":"https:\/\/i0.wp.com\/fmahaiti.org\/site\/wp-content\/uploads\/2021\/08\/carte-didentite-de-lecole-salesienne-en-Amerique.jpg?fit=952%2C415&ssl=1&resize=350%2C200 1x, https:\/\/i0.wp.com\/fmahaiti.org\/site\/wp-content\/uploads\/2021\/08\/carte-didentite-de-lecole-salesienne-en-Amerique.jpg?fit=952%2C415&ssl=1&resize=525%2C300 1.5x, https:\/\/i0.wp.com\/fmahaiti.org\/site\/wp-content\/uploads\/2021\/08\/carte-didentite-de-lecole-salesienne-en-Amerique.jpg?fit=952%2C415&ssl=1&resize=700%2C400 2x"},"classes":[]},{"id":1580,"url":"https:\/\/fmahaiti.org\/site\/education\/liens-utiles\/","url_meta":{"origin":407,"position":5},"title":"Liens utiles","author":"Sr Martha Seide","date":"2 mai 2021","format":false,"excerpt":"Sur cette page, vous trouverez des liens qui peuvent servir pour avoir des informations sur la situation de l'\u00e9ducation dans le monde et aussi des contenus qui peuvent \u00eatre utiles pour le ressourcement des \u00e9ducateurs.","rel":"","context":"Article similaire","block_context":{"text":"Article similaire","link":""},"img":{"alt_text":"","src":"https:\/\/i0.wp.com\/fmahaiti.org\/site\/wp-content\/uploads\/2021\/08\/logocombine.jpg?resize=350%2C200&ssl=1","width":350,"height":200,"srcset":"https:\/\/i0.wp.com\/fmahaiti.org\/site\/wp-content\/uploads\/2021\/08\/logocombine.jpg?resize=350%2C200&ssl=1 1x, https:\/\/i0.wp.com\/fmahaiti.org\/site\/wp-content\/uploads\/2021\/08\/logocombine.jpg?resize=525%2C300&ssl=1 1.5x, https:\/\/i0.wp.com\/fmahaiti.org\/site\/wp-content\/uploads\/2021\/08\/logocombine.jpg?resize=700%2C400&ssl=1 2x, https:\/\/i0.wp.com\/fmahaiti.org\/site\/wp-content\/uploads\/2021\/08\/logocombine.jpg?resize=1050%2C600&ssl=1 3x, https:\/\/i0.wp.com\/fmahaiti.org\/site\/wp-content\/uploads\/2021\/08\/logocombine.jpg?resize=1400%2C800&ssl=1 4x"},"classes":[]}],"_links":{"self":[{"href":"https:\/\/fmahaiti.org\/site\/wp-json\/wp\/v2\/pages\/407","targetHints":{"allow":["GET"]}}],"collection":[{"href":"https:\/\/fmahaiti.org\/site\/wp-json\/wp\/v2\/pages"}],"about":[{"href":"https:\/\/fmahaiti.org\/site\/wp-json\/wp\/v2\/types\/page"}],"author":[{"embeddable":true,"href":"https:\/\/fmahaiti.org\/site\/wp-json\/wp\/v2\/users\/1"}],"replies":[{"embeddable":true,"href":"https:\/\/fmahaiti.org\/site\/wp-json\/wp\/v2\/comments?post=407"}],"version-history":[{"count":6,"href":"https:\/\/fmahaiti.org\/site\/wp-json\/wp\/v2\/pages\/407\/revisions"}],"predecessor-version":[{"id":10652,"href":"https:\/\/fmahaiti.org\/site\/wp-json\/wp\/v2\/pages\/407\/revisions\/10652"}],"up":[{"embeddable":true,"href":"https:\/\/fmahaiti.org\/site\/wp-json\/wp\/v2\/pages\/213"}],"wp:attachment":[{"href":"https:\/\/fmahaiti.org\/site\/wp-json\/wp\/v2\/media?parent=407"}],"curies":[{"name":"wp","href":"https:\/\/api.w.org\/{rel}","templated":true}]}}