{"id":3693,"date":"2022-08-24T10:35:55","date_gmt":"2022-08-24T14:35:55","guid":{"rendered":"https:\/\/fmahaiti.org\/site\/?page_id=3693"},"modified":"2022-08-24T10:43:04","modified_gmt":"2022-08-24T14:43:04","slug":"cmdm","status":"publish","type":"page","link":"https:\/\/fmahaiti.org\/site\/nos-communautes\/cmdm\/","title":{"rendered":"CMDM"},"content":{"rendered":"<h3 style=\"text-align: center;\">Page en construction<\/h3>\n","protected":false},"excerpt":{"rendered":"<p>Page en construction<\/p>\n","protected":false},"author":1,"featured_media":0,"parent":339,"menu_order":0,"comment_status":"closed","ping_status":"closed","template":"","meta":{"footnotes":""},"class_list":["post-3693","page","type-page","status-publish","hentry"],"jetpack_sharing_enabled":true,"jetpack_shortlink":"https:\/\/wp.me\/PcR5kd-Xz","jetpack-related-posts":[{"id":614,"url":"https:\/\/fmahaiti.org\/site\/famille-salesienne\/anciennes\/","url_meta":{"origin":3693,"position":0},"title":"Les Anciens et Anciennes \u00c9l\u00e8ves de Don Bosco","author":"fmahaiti","date":"16 mars 2021","format":false,"excerpt":"La\u00a0Conf\u00e9d\u00e9ration Mondiale des Anciennes et Anciens \u00e9l\u00e8ves des Filles de Marie-Auxiliatrice, appel\u00e9e aussi\u00a0Association par la suite, est une association la\u00efque \u00e0 but non lucratif, promue par l\u2019Institut des Filles de Marie-Auxiliatrice (ou Sal\u00e9siennes de Don Bosco). En tant que telle, elle fait partie de la Famille Sal\u00e9sienne, dans laquelle le\u2026","rel":"","context":"Article similaire","block_context":{"text":"Article similaire","link":""},"img":{"alt_text":"","src":"https:\/\/i0.wp.com\/fmahaiti.org\/site\/wp-content\/uploads\/2021\/03\/ae2018.jpg?resize=350%2C200&ssl=1","width":350,"height":200,"srcset":"https:\/\/i0.wp.com\/fmahaiti.org\/site\/wp-content\/uploads\/2021\/03\/ae2018.jpg?resize=350%2C200&ssl=1 1x, https:\/\/i0.wp.com\/fmahaiti.org\/site\/wp-content\/uploads\/2021\/03\/ae2018.jpg?resize=525%2C300&ssl=1 1.5x"},"classes":[]},{"id":335,"url":"https:\/\/fmahaiti.org\/site\/login\/","url_meta":{"origin":3693,"position":1},"title":"Se Connecter","author":"fmahaiti","date":"9 mars 2021","format":false,"excerpt":"Page de connexion si vous \u00eates detenteur\/trice d'un compte fmahaiti...","rel":"","context":"Article similaire","block_context":{"text":"Article similaire","link":""},"img":{"alt_text":"","src":"","width":0,"height":0},"classes":[]},{"id":1018,"url":"https:\/\/fmahaiti.org\/site\/merci-de-nous-contacter\/","url_meta":{"origin":3693,"position":2},"title":"Merci de nous contacter","author":"fmahaiti","date":"28 mars 2021","format":false,"excerpt":"Bonjour, Merci de nous avoir contact\u00e9es. Nous vous contacterons si une r\u00e9ponse s'av\u00e8re n\u00e9cessaire. Que Marie Auxiliatrice vous b\u00e9nisse! Unions de pri\u00e8res, Les S\u0153urs Sal\u00e9siennes d'Haiti \u00a0 \u21ba Retour \u00e0 la Page d'accueil.","rel":"","context":"Article similaire","block_context":{"text":"Article similaire","link":""},"img":{"alt_text":"","src":"","width":0,"height":0},"classes":[]},{"id":1580,"url":"https:\/\/fmahaiti.org\/site\/education\/liens-utiles\/","url_meta":{"origin":3693,"position":3},"title":"Liens utiles","author":"Sr Martha Seide","date":"2 mai 2021","format":false,"excerpt":"Sur cette page, vous trouverez des liens qui peuvent servir pour avoir des informations sur la situation de l'\u00e9ducation dans le monde et aussi des contenus qui peuvent \u00eatre utiles pour le ressourcement des \u00e9ducateurs.","rel":"","context":"Article similaire","block_context":{"text":"Article similaire","link":""},"img":{"alt_text":"","src":"https:\/\/i0.wp.com\/fmahaiti.org\/site\/wp-content\/uploads\/2021\/08\/logocombine.jpg?resize=350%2C200&ssl=1","width":350,"height":200,"srcset":"https:\/\/i0.wp.com\/fmahaiti.org\/site\/wp-content\/uploads\/2021\/08\/logocombine.jpg?resize=350%2C200&ssl=1 1x, https:\/\/i0.wp.com\/fmahaiti.org\/site\/wp-content\/uploads\/2021\/08\/logocombine.jpg?resize=525%2C300&ssl=1 1.5x, https:\/\/i0.wp.com\/fmahaiti.org\/site\/wp-content\/uploads\/2021\/08\/logocombine.jpg?resize=700%2C400&ssl=1 2x, https:\/\/i0.wp.com\/fmahaiti.org\/site\/wp-content\/uploads\/2021\/08\/logocombine.jpg?resize=1050%2C600&ssl=1 3x, https:\/\/i0.wp.com\/fmahaiti.org\/site\/wp-content\/uploads\/2021\/08\/logocombine.jpg?resize=1400%2C800&ssl=1 4x"},"classes":[]},{"id":1065,"url":"https:\/\/fmahaiti.org\/site\/education\/pacte-educatif-global\/","url_meta":{"origin":3693,"position":4},"title":"Pacte \u00e9ducatif global","author":"Sr Martha Seide","date":"8 mai 2021","format":false,"excerpt":"PLAN ACTION LS PROVINCE NDS Objectis Laudato SI PROJET PACTE EDUCATIF GLOGAL POUR LEDUCATION \u00a0 Le Pape Fran\u00e7ois nous a invit\u00e9s \u00e0 plusieurs reprises et, de mani\u00e8re particuli\u00e8re, dans sa convocation, le 12 septembre 2019 et lors de sa relance, le 15 septembre 2020 \u00e0 construire le Pacte \u00c9ducatif Global\u2026","rel":"","context":"Article similaire","block_context":{"text":"Article similaire","link":""},"img":{"alt_text":"","src":"https:\/\/i0.wp.com\/fmahaiti.org\/site\/wp-content\/uploads\/2021\/08\/plan-laudato-si.jpg?resize=350%2C200&ssl=1","width":350,"height":200,"srcset":"https:\/\/i0.wp.com\/fmahaiti.org\/site\/wp-content\/uploads\/2021\/08\/plan-laudato-si.jpg?resize=350%2C200&ssl=1 1x, https:\/\/i0.wp.com\/fmahaiti.org\/site\/wp-content\/uploads\/2021\/08\/plan-laudato-si.jpg?resize=525%2C300&ssl=1 1.5x, https:\/\/i0.wp.com\/fmahaiti.org\/site\/wp-content\/uploads\/2021\/08\/plan-laudato-si.jpg?resize=700%2C400&ssl=1 2x, https:\/\/i0.wp.com\/fmahaiti.org\/site\/wp-content\/uploads\/2021\/08\/plan-laudato-si.jpg?resize=1050%2C600&ssl=1 3x"},"classes":[]},{"id":446,"url":"https:\/\/fmahaiti.org\/site\/famille-salesienne\/sdb\/","url_meta":{"origin":3693,"position":5},"title":"Les Sal\u00e9siens de Don Bosco","author":"fmahaiti","date":"11 mars 2021","format":false,"excerpt":"Membres d\u2019un institut religieux de droit pontifical, consacr\u00e9 aux \u0153uvres apostoliques fond\u00e9 par Saint Jean Bosco le 8 d\u00e9cembre 1859 \u00e0 Turin (Italie) avec 17 jeunes d\u00e9sireux de se consacrer \u00e0 Dieu tout en s\u2019adonnant \u00e0 l\u2019\u00e9ducation de jeunes pauvres et abandonn\u00e9s...","rel":"","context":"Article similaire","block_context":{"text":"Article similaire","link":""},"img":{"alt_text":"","src":"https:\/\/i0.wp.com\/fmahaiti.org\/site\/wp-content\/uploads\/2021\/03\/sdb-logo-239x300.png?resize=350%2C200&ssl=1","width":350,"height":200},"classes":[]}],"_links":{"self":[{"href":"https:\/\/fmahaiti.org\/site\/wp-json\/wp\/v2\/pages\/3693","targetHints":{"allow":["GET"]}}],"collection":[{"href":"https:\/\/fmahaiti.org\/site\/wp-json\/wp\/v2\/pages"}],"about":[{"href":"https:\/\/fmahaiti.org\/site\/wp-json\/wp\/v2\/types\/page"}],"author":[{"embeddable":true,"href":"https:\/\/fmahaiti.org\/site\/wp-json\/wp\/v2\/users\/1"}],"replies":[{"embeddable":true,"href":"https:\/\/fmahaiti.org\/site\/wp-json\/wp\/v2\/comments?post=3693"}],"version-history":[{"count":1,"href":"https:\/\/fmahaiti.org\/site\/wp-json\/wp\/v2\/pages\/3693\/revisions"}],"predecessor-version":[{"id":3695,"href":"https:\/\/fmahaiti.org\/site\/wp-json\/wp\/v2\/pages\/3693\/revisions\/3695"}],"up":[{"embeddable":true,"href":"https:\/\/fmahaiti.org\/site\/wp-json\/wp\/v2\/pages\/339"}],"wp:attachment":[{"href":"https:\/\/fmahaiti.org\/site\/wp-json\/wp\/v2\/media?parent=3693"}],"curies":[{"name":"wp","href":"https:\/\/api.w.org\/{rel}","templated":true}]}}