{"id":339,"date":"2021-03-09T22:51:42","date_gmt":"2021-03-10T03:51:42","guid":{"rendered":"https:\/\/fmahaiti.org\/site\/?page_id=339"},"modified":"2024-12-16T12:12:19","modified_gmt":"2024-12-16T17:12:19","slug":"nos-communautes","status":"publish","type":"page","link":"https:\/\/fmahaiti.org\/site\/nos-communautes\/","title":{"rendered":"Nos Communaut\u00e9s"},"content":{"rendered":"<p>Dans l\u2019exp\u00e9rience sal\u00e9sienne, la\u00a0<strong><em>communaut\u00e9\u00a0<\/em><\/strong>est con\u00e7ue comme lieu privil\u00e9gi\u00e9 de croissance vocationnelle.<\/p>\n<p><img data-recalc-dims=\"1\" loading=\"lazy\" decoding=\"async\" class=\"alignleft wp-image-10576 size-medium\" src=\"https:\/\/i0.wp.com\/fmahaiti.org\/site\/wp-content\/uploads\/2024\/12\/IMG-20240201-WA0018.jpg?resize=300%2C225&#038;ssl=1\" alt=\"\" width=\"300\" height=\"225\" srcset=\"https:\/\/i0.wp.com\/fmahaiti.org\/site\/wp-content\/uploads\/2024\/12\/IMG-20240201-WA0018.jpg?resize=300%2C225&amp;ssl=1 300w, https:\/\/i0.wp.com\/fmahaiti.org\/site\/wp-content\/uploads\/2024\/12\/IMG-20240201-WA0018.jpg?resize=1024%2C768&amp;ssl=1 1024w, https:\/\/i0.wp.com\/fmahaiti.org\/site\/wp-content\/uploads\/2024\/12\/IMG-20240201-WA0018.jpg?resize=768%2C576&amp;ssl=1 768w, https:\/\/i0.wp.com\/fmahaiti.org\/site\/wp-content\/uploads\/2024\/12\/IMG-20240201-WA0018.jpg?w=1080&amp;ssl=1 1080w\" sizes=\"auto, (max-width: 300px) 100vw, 300px\" \/>\u00c0 l\u2019int\u00e9rieur de la communaut\u00e9 dont la sp\u00e9cificit\u00e9 est d\u2019\u00eatre une <strong><em>communaut\u00e9 \u00e9ducative<\/em><\/strong>, nous nous aidons \u00e0 assumer l\u2019action \u00e9ducative comme espace th\u00e9ologique o\u00f9 Dieu se manifeste et nous appelle, nous confiant les jeunes pour que nous les guidions \u00e0 sa rencontre.<\/p>\n<p>Dans cette perspective, les Filles de Marie Auxiliatrice d\u2019Ha\u00efti animent 18 communaut\u00e9s \u00e9ducatives distribu\u00e9es dans 8 des 10 d\u00e9partements d&rsquo;Haiti et en Guadeloupe (Saint-Martin &#8211; Marigot).\u00a0<span id=\"more-9\"><\/span><\/p>\n<p>Nous les citons par ordre chronologique de fondation :<\/p>\n<h3>\ud83c\udfe0 <em>1935 :\u00a0Marie Auxiliatrice<\/em><\/h3>\n<hr \/>\n<div class=\"subtitle\" style=\"padding-left: 15px;\">\ud83d\udee3 La Saline \u2013 Port-au- Prince (Ouest)<\/div>\n<ol>\n<li>\u00c9cole Fondamentale<\/li>\n<li>Ecole H\u00f4teli\u00e8re<\/li>\n<li>Cat\u00e9ch\u00e8se<\/li>\n<li>Patronage<\/li>\n<li>Centre des Jeunes<\/li>\n<li>Pastorale vocationnelle<\/li>\n<li>Union des Anciens et Anciennes \u00c9l\u00e8ves<\/li>\n<li>Sal\u00e9siens Coop\u00e9rateurs<\/li>\n<li>Association D\u00e9votes de Marie Auxiliatrice (ADMA)<\/li>\n<\/ol>\n<pre>Sal\u00e9siennes de don Bosco\r\nFMA \u00c9cole Marie Auxiliatrice \r\nAve Jn. J. Dessalines, \r\n14 B.P. 2221 \r\nPort-au-Prince (HAITI)<\/pre>\n<pre>T\u00e9l\u00e9phone: +50931458303<\/pre>\n<h3>\ud83c\udfe0 <em>1957 : Sainte Marie Dominique Mazzarello<\/em><\/h3>\n<hr \/>\n<div class=\"subtitle\" style=\"padding-left: 15px;\">\ud83d\udee3 P\u00e9tion-Ville (Ouest)<\/div>\n<ol>\n<li>\u00c9cole fondamentale et secondaire<\/li>\n<li>Cat\u00e9ch\u00e8se<\/li>\n<li>Patronage<\/li>\n<li>Centre des jeunes<\/li>\n<li>Union des Anciens et Anciennes \u00c9l\u00e8ves<\/li>\n<li>Sal\u00e9siens Coop\u00e9rateurs<\/li>\n<\/ol>\n<pre>Sal\u00e9siennes de Don Bosco \u2013 FMA \r\nColl\u00e8ge S. Marie D. Mazzarello \r\nDelmas, 95 \u2013 Jacquet 9 \r\nP\u00e9tion-Ville (HAITI)<\/pre>\n<pre>T\u00e9l\u00e9phone: +50944553337<\/pre>\n<h3>\ud83c\udfe0 <em>1962 :\u00a0Sainte Catherine<\/em><\/h3>\n<hr \/>\n<div class=\"subtitle\" style=\"padding-left: 15px;\">\ud83d\udee3 Cap-Ha\u00eftien (Nord)<\/div>\n<ol>\n<li>Internat<\/li>\n<li>Jardin d\u2019enfants<\/li>\n<li>\u00c9cole fondamentale et Secondaire<\/li>\n<li>Patronage<\/li>\n<li>Animation des groupes de jeunes<\/li>\n<li>Union des Anciens et Anciennes \u00c9l\u00e8ves<\/li>\n<li>Sal\u00e9siens Coop\u00e9rateurs<\/li>\n<\/ol>\n<pre>Sal\u00e9siennes de Don Bosco \r\n\u00c9cole Marie Auxiliatrice Sainte Catherine \r\nHaut du Cap\u00a0\r\nB.P. 71 \r\nCap-Ha\u00eftien (HAITI)<\/pre>\n<pre>T\u00e9l\u00e9phone: +50942106600<\/pre>\n<h3>\ud83c\udfe0 <em>1970 :\u00a0Marie R\u00e9gine<\/em><\/h3>\n<hr \/>\n<div class=\"subtitle\" style=\"padding-left: 15px;\">\ud83d\udee3 Thorland \u2013 Port-au-Prince (Ouest)<\/div>\n<ol>\n<li>\u00c9cole Fondamentale et Secondaire<\/li>\n<li>Centre des jeunes<\/li>\n<li>Pastorale vocationnelle<\/li>\n<li>Ecole Hoteli\u00e8re<\/li>\n<li>Animation des groupes de jeunes<\/li>\n<li>Union des Anciens et Anciennes \u00c9l\u00e8ves<\/li>\n<li>Sal\u00e9siens Coop\u00e9rateurs<\/li>\n<\/ol>\n<pre>Sal\u00e9siennes de Don Bosco \u2013 FMA \r\nColl\u00e8ge Marie R\u00e9gine \r\nThorland (HAITI)<\/pre>\n<pre>T\u00e9l\u00e9phone: +50938421592<\/pre>\n<h3>\ud83c\udfe0 <em>1984 :\u00a0Notre Dame du Perp\u00e9tuel Secours<\/em><\/h3>\n<hr \/>\n<div class=\"subtitle\" style=\"padding-left: 15px;\">\ud83d\udee3 Les Cayes (Sud)<\/div>\n<ol>\n<li>\u00c9cole maternelle<\/li>\n<li>\u00c9cole Fondamentale et Secondaire avec une section Professionnelle<\/li>\n<li>\u00c9cole H\u00f4teli\u00e8re<\/li>\n<li>Animation des groupes de jeunes<\/li>\n<li>Cat\u00e9ch\u00e8se<\/li>\n<li>Union des Anciens et anciennes \u00c9l\u00e8ves<\/li>\n<\/ol>\n<pre>Sal\u00e9siennes de Don Bosco \u2013 FMA \r\n\u00ab Les mains ouvertes \u00bb\r\nB.P. 124 \r\nAve. Cartag\u00e9na \u2013 Deux Mapous \r\nLes Cayes<\/pre>\n<pre>T\u00e9l\u00e9phone: +50944075151<\/pre>\n<h3>\ud83c\udfe0 <em>1990 : Marie Auxiliatrice<\/em> (Noviciat)<\/h3>\n<hr \/>\n<div class=\"subtitle\" style=\"padding-left: 15px;\">\ud83d\udee3 Thorland \u2013 Port-au-Prince (Ouest)<\/div>\n<ol>\n<li>Noviciat<\/li>\n<li>\u00c9cole Fondamentale (1er et 2\u00e8me Cycles)<\/li>\n<li>Patronage<\/li>\n<li>Cat\u00e9ch\u00e8se<\/li>\n<li>ADMA<\/li>\n<\/ol>\n<pre>Sal\u00e9siennes de Don Bosco \u2013 FMA \r\nNoviciat Marie Auxiliatrice \r\nThorland \r\nPort-au-Prince<\/pre>\n<pre>T\u00e9l\u00e9phone: +50934073440<\/pre>\n<h3>\ud83c\udfe0 <em>1992 :\u00a0J\u00e9sus Enfant<\/em><\/h3>\n<hr \/>\n<div class=\"subtitle\" style=\"padding-left: 15px;\">\ud83d\udee3 Cit\u00e9 Militaire \u2013 Port-au-Prince (Ouest)<\/div>\n<ol>\n<li>\u00c9cole fondamentale et Secondaire avec une section pr\u00e9-professionnelle<\/li>\n<li>Animation des groupes de jeunes<\/li>\n<li>Accueil des enfants des rues<\/li>\n<li>Internats<\/li>\n<li>Union des Anciens et Anciennes \u00e9l\u00e8ves<\/li>\n<\/ol>\n<pre>Sal\u00e9siennes de Don Bosco \u2013 FMA \r\n\u00c9cole J\u00e9sus Enfant Cit\u00e9 Militaire\r\nB.P. 938 \r\nJ.C. Andr\u00e9 &amp; Domond \r\nPort-au-Prince<\/pre>\n<pre>T\u00e9l\u00e9phone: +50936798136<\/pre>\n<h3>\ud83c\udfe0 <em>1994 :\u00a0Saint Jean Bosco<\/em><\/h3>\n<hr \/>\n<div class=\"subtitle\" style=\"padding-left: 15px;\">\ud83d\udee3 Cit\u00e9 Lintheau (Ouest)<\/div>\n<ol>\n<li>\u00c9cole fondamentale<\/li>\n<li>Centre d\u2019alphab\u00e9tisation et de formation professionnelle<\/li>\n<li>Cat\u00e9ch\u00e8se<\/li>\n<li>Animation des groupes de jeunes<\/li>\n<li>Alphab\u00e9tisation des adultes<\/li>\n<li>Visite aux familles<\/li>\n<li>Union des Anciens et Anciennes \u00e9l\u00e8ves<\/li>\n<\/ol>\n<pre>Sal\u00e9siennes de Don Bosco \u2013 FMA \r\nCentre Prof. Saint Jean Bosco \r\nCit\u00e9 Lintheau 1 \r\nB.P. 228 \r\nPort-au-Prince (HAITI)<\/pre>\n<pre>T\u00e9l\u00e9phone:<\/pre>\n<h3>\ud83c\udfe0 <em>1995 :\u00a0Madeleine Morano<\/em><\/h3>\n<hr \/>\n<div class=\"subtitle\" style=\"padding-left: 15px;\">\ud83d\udee3 Jacmel (Sud-Est)<\/div>\n<ol>\n<li>\u00c9cole Kindergarten<\/li>\n<li>Ecoles Fondamentales (Nationale et Priv\u00e9e)<\/li>\n<li>\u00c9cole Secondaire<\/li>\n<li>Deux \u00c9coles Normale d&rsquo;Instituteurs (Nationale et Priv\u00e9e)<\/li>\n<li>Patronage<\/li>\n<li>Centre des jeunes<\/li>\n<li>Pastorale vocationnelle<\/li>\n<li>Cat\u00e9ch\u00e8se<\/li>\n<\/ol>\n<pre>S\u0153urs sal\u00e9siennes de Don Bosco \u2013 FMA \r\nInstitution M : Morano \r\nRoute de Lamandou\r\nB.P. 102 \r\nJacmel (HAITI)<\/pre>\n<pre>T\u00e9l\u00e9phone: +50931361309<\/pre>\n<h3>\ud83c\udfe0 <em>1998 : Notre Dame du Perp\u00e9tuel Secours (Maison Provinciale)<\/em><\/h3>\n<hr \/>\n<div class=\"subtitle\" style=\"padding-left: 15px;\">\u2261 Ave du Chili \/ Port-au-Prince (Ouest)<\/div>\n<ol>\n<li>Si\u00e8ge Provinciale<\/li>\n<li>Orphelinat<\/li>\n<li>Bureau de D\u00e9veloppement<\/li>\n<li>Bureau P\u00e9dagogique<\/li>\n<li>Patronage<\/li>\n<li>Groupes juv\u00e9niles<\/li>\n<li>Centre Juv\u00e9nile \u00e0 caract\u00e8re professionnel<\/li>\n<\/ol>\n<pre>Sal\u00e9siennes de Don Bosco \u2013 FMA \r\nFoyer des Sal\u00e9siennes \r\n22, Ave du Chili\r\nB.P. 228\r\nPort-au-Prince (HAITI)<\/pre>\n<pre>T\u00e9l\u00e9phone: +50936580358<\/pre>\n<h3>\ud83c\udfe0 <em>2000 :\u00a0Sainte Th\u00e9r\u00e8se D\u2019Avila<\/em><\/h3>\n<hr \/>\n<div class=\"subtitle\" style=\"padding-left: 15px;\">\ud83d\udee3 Kenscoff (Ouest)<\/div>\n<ol>\n<li>\u00c9cole Kindergarten<\/li>\n<li>Direction Ecole Sainte H\u00e9l\u00e8ne \u00e0 Obl\u00e9on (Fondamentale et Secondaire)<\/li>\n<li>Cat\u00e9ch\u00e8se et Pastorale Paroissiale<\/li>\n<li>Animation groupes des jeunes<\/li>\n<li>Pastorale vocationnelle<\/li>\n<\/ol>\n<pre>S\u0153urs Sal\u00e9siennes - FMA \r\nSte Th\u00e9r\u00e8se d\u2019Avila \r\nMorne Vincent \r\nKenscoff (HAITI)<\/pre>\n<pre>T\u00e9l\u00e9phone: +50946439888<\/pre>\n<h3>\ud83c\udfe0 <em>2002 :\u00a0Sacr\u00e9 C\u0153ur de J\u00e9sus<\/em><\/h3>\n<hr \/>\n<div class=\"subtitle\" style=\"padding-left: 15px;\">\ud83d\udee3 Hinche (Centre)<\/div>\n<ol>\n<li>Kindergarten<\/li>\n<li>\u00c9cole fondamentale et Secondaire<\/li>\n<li>Patronage<\/li>\n<li>Centre des jeunes<\/li>\n<li>Animation pastorale et cat\u00e9ch\u00e9tique \u2013<\/li>\n<li>Aspirantat et Postulat<\/li>\n<\/ol>\n<pre>Complexe \u00e9ducatif du Sacr\u00e9-C\u0153ur S\u0153urs Sal\u00e9siennes \r\nRue des Petites S\u0153urs \r\nHinche (HAITI)<\/pre>\n<pre>T\u00e9l\u00e9phone: +50944685167<\/pre>\n<h3>\ud83c\udfe0 <em>2003 :\u00a0Saint Fran\u00e7ois de Sales<\/em><\/h3>\n<hr \/>\n<div class=\"subtitle\" style=\"padding-left: 15px;\">\ud83d\udee3 Ouanaminthe (Nord-Est)<\/div>\n<ol>\n<li>Kindergarten<\/li>\n<li>\u00c9cole Fondamentale et Secondaire<\/li>\n<li>Patronage<\/li>\n<li>Centre des jeunes<\/li>\n<li>Cat\u00e9ch\u00e8se<\/li>\n<\/ol>\n<pre>Sal\u00e9siennes de Don Bosco \u2013 FMA \r\nInstitution La Sal\u00e9sienne\u00a0\r\nCit\u00e9 Don\r\nOuanaminthe (HAITI)<\/pre>\n<pre>T\u00e9l\u00e9phone: +50940797553<\/pre>\n<h3>\ud83c\udfe0 <em>2008 :\u00a0Joseph \u00e9ducateur<\/em><\/h3>\n<hr \/>\n<div class=\"subtitle\" style=\"padding-left: 15px;\">\ud83d\udee3 Anse-\u00e0-Veau (Nippes)<\/div>\n<ol>\n<li>Kindergarten<\/li>\n<li>\u00c9cole Fondamentale et Secondaire<\/li>\n<li>Cat\u00e9ch\u00e8se<\/li>\n<li>Animations groupes des jeunes<\/li>\n<li>Patronage<\/li>\n<\/ol>\n<pre>Sal\u00e9siennes de Don Bosco \r\n\u00c9cole Saint Joseph \u00e9ducateur \r\nRue Goin \u2013 \u00e0 cot\u00e9 du Presbyt\u00e8re \r\nAnse-\u00e0-Veau (HAITI)<\/pre>\n<pre>T\u00e9l\u00e9phone: 47053434<\/pre>\n<h3>\ud83c\udfe0 <em>2012 : J\u00e9sus Bon Pasteur<\/em><\/h3>\n<hr \/>\n<div class=\"subtitle\" style=\"padding-left: 15px;\">\ud83d\udee3 Croix des Bouquets \u2013 Port-au-Prince (Ouest)<\/div>\n<ol>\n<li>Orphelinat<\/li>\n<li>Kindergarten<\/li>\n<li>\u00c9cole fondamentale et Secondaire<\/li>\n<\/ol>\n<pre>S\u0153urs Sal\u00e9siennes de Don Bosco - FMA \r\nComplexe \u00e9ducatif J\u00e9sus Bon Pasteur Meyer \r\nCroix des Bouquets (HAITI)<\/pre>\n<pre>T\u00e9l\u00e9phone: \r\n\r\n<\/pre>\n<h3>\ud83c\udfe0 <em>2016 : Saint Jean-Paul II<\/em><\/h3>\n<hr \/>\n<div class=\"subtitle\" style=\"padding-left: 15px;\">\ud83d\udee3 Anse-\u00e0-Pitres \u2013 Jacmel (Sud-Est)<\/div>\n<ol>\n<li>Accompagnement migrants<\/li>\n<li>Ecole Normale d&rsquo;Instituteurs<\/li>\n<li>Kindergarten<\/li>\n<li>Ecole Fondamentale<\/li>\n<li>Patronage<\/li>\n<li>Centre des jeunes<\/li>\n<li>Cat\u00e9ch\u00e8se<\/li>\n<li>Alphab\u00e9tisation<\/li>\n<\/ol>\n<pre>S\u0153urs Sal\u00e9siennes de Don Bosco - FMA \r\nCommunaut\u00e9 Saint Jean-Paul II \r\nBois Vernat 54\r\nAnse-\u00e0-Pitres (HAITI)<\/pre>\n<pre>T\u00e9l\u00e9phone: +50937128860\r\n\r\n<\/pre>\n<h3>\ud83c\udfe0 <em>2019 : Sainte Marie Dominique Mazzarello<\/em><\/h3>\n<hr \/>\n<div class=\"subtitle\" style=\"padding-left: 15px;\">\ud83d\udee3 Marigot \u2013 Basse Terre et Pointe \u00e0 Pitre (Guadeloupe)<\/div>\n<ol>\n<li>Activit\u00e9s Pastorales dans la Paroisse et dans le quartier d&rsquo;Orl\u00e9ans<\/li>\n<li>Formation des Cat\u00e9chistes<\/li>\n<li>Patronage et centre des jeunes<\/li>\n<\/ol>\n<pre>S\u0153urs Sal\u00e9siennes de Don Bosco - FMA \r\nMarigot BP 131 \r\n97150 Saint-Martin\r\n(Guadeloupe - France)<\/pre>\n<pre>T\u00e9l\u00e9phone: +50937678202\r\n\r\n<\/pre>\n<h3>2020 : Marie Auxiliatrice<\/h3>\n<hr \/>\n<div class=\"subtitle\" style=\"padding-left: 15px;\">\ud83d\udee3 Gommiers \u2013 J\u00e9r\u00e9mie (Grande-Anse)<\/div>\n<ol>\n<li>Ecole fondamentale<\/li>\n<li>Patronage<\/li>\n<li>Animation vocationnelle<\/li>\n<\/ol>\n<pre>S\u0153urs Sal\u00e9siennes de Don Bosco - FMA \r\nInstitution Marie Auxiliatrice \r\nGommiers, J\u00e9r\u00e9mie (HAITI)<\/pre>\n<pre>T\u00e9l\u00e9phone: +50937178785<\/pre>\n","protected":false},"excerpt":{"rendered":"<p>Les Filles de Marie Auxiliatrice d\u2019Ha\u00efti animent 18 communaut\u00e9s \u00e9ducatives avec une pr\u00e9sence dans 8 des 10 d\u00e9partements de la R\u00e9publique d&rsquo;Haiti et en Guadeloupe (Saint-Martin \u2013 Marigot)&#8230;<\/p>\n","protected":false},"author":1,"featured_media":0,"parent":0,"menu_order":2,"comment_status":"closed","ping_status":"closed","template":"","meta":{"footnotes":""},"class_list":["post-339","page","type-page","status-publish","hentry"],"jetpack_sharing_enabled":true,"jetpack_shortlink":"https:\/\/wp.me\/PcR5kd-5t","jetpack-related-posts":[{"id":670,"url":"https:\/\/fmahaiti.org\/site\/","url_meta":{"origin":339,"position":0},"title":"Bienvenue sur le site des FMA d&rsquo;Haiti","author":"fmahaiti","date":"3 octobre 2024","format":false,"excerpt":"Page d'accueil du site officiel des Filles de Marie Auxiliatrice ou S\u0153urs Sal\u00e9siennes de Don Bosco \u0153uvrant en Haiti et en Guadeloupe.","rel":"","context":"Article similaire","block_context":{"text":"Article similaire","link":""},"img":{"alt_text":"","src":"https:\/\/i0.wp.com\/fmahaiti.org\/site\/wp-content\/uploads\/2026\/05\/logo-reseau.png?resize=350%2C200&ssl=1","width":350,"height":200},"classes":[]},{"id":233,"url":"https:\/\/fmahaiti.org\/site\/origine\/fma-haiti\/","url_meta":{"origin":339,"position":1},"title":"Les FMA en Haiti","author":"fmahaiti","date":"7 mars 2021","format":false,"excerpt":"Les S\u0153urs Sal\u00e9siennes se sont \u00e9tablies en Haiti en 1935. Aujourd\u2019hui, elles comptent 18 maisons reparties \u00e0 travers le pays et en Guadeloupe. Rattach\u00e9es, jusqu\u2019en 1991 \u00e0 la Province des Antilles dont le si\u00e8ge se trouve \u00e0 Santo Domingo, R\u00e9publique Dominicaine, elles sont devenues d\u2019abord une Pr\u00e9-Province, et en 1997\u2026","rel":"","context":"Article similaire","block_context":{"text":"Article similaire","link":""},"img":{"alt_text":"","src":"https:\/\/i0.wp.com\/fmahaiti.org\/images\/perpetuel-secours.jpg?resize=350%2C200&ssl=1","width":350,"height":200},"classes":[]},{"id":271,"url":"https:\/\/fmahaiti.org\/site\/origine\/vision\/","url_meta":{"origin":339,"position":2},"title":"Vision","author":"fmahaiti","date":"7 mars 2021","format":false,"excerpt":"Nos communaut\u00e9s \u00e9ducatives en Ha\u00efti veulent contribuer \u00e0 la cr\u00e9ation de la culture de la vie et de l\u2019esp\u00e9rance dans une soci\u00e9t\u00e9 o\u00f9 l\u2019esp\u00e9rance de vie est faible. Nous assumons la proposition d\u2019une plus haute humanisation de la personne et de l\u2019histoire \u00e0 partir de l\u2019exp\u00e9rience chr\u00e9tienne, moyennant l\u2019\u00e9ducation...","rel":"","context":"Article similaire","block_context":{"text":"Article similaire","link":""},"img":{"alt_text":"","src":"https:\/\/i0.wp.com\/fmahaiti.org\/images\/francois-de-sales.png?resize=350%2C200&ssl=1","width":350,"height":200},"classes":[]},{"id":654,"url":"https:\/\/fmahaiti.org\/site\/origine\/nos-defuntes\/","url_meta":{"origin":339,"position":3},"title":"Nos D\u00e9funtes","author":"fmahaiti","date":"18 mars 2021","format":false,"excerpt":"La charit\u00e9, qui a maintenu les Filles de Marie Auxiliatrice dans la vie, ne cesse pas apr\u00e8s leur mort. Lorsqu'une s\u0153ur est appel\u00e9e \u00e0 l'\u00e9ternit\u00e9, sa mort sera d'abord communiqu\u00e9e \u00e0 toutes les maisons, de sorte que la sainte communion (par la messe et autres formes de pi\u00e9t\u00e9 dont la\u2026","rel":"","context":"Article similaire","block_context":{"text":"Article similaire","link":""},"img":{"alt_text":"","src":"https:\/\/i0.wp.com\/fmahaiti.org\/site\/wp-content\/uploads\/2025\/02\/Ti-Carme.jpg?resize=350%2C200&ssl=1","width":350,"height":200},"classes":[]},{"id":213,"url":"https:\/\/fmahaiti.org\/site\/origine\/","url_meta":{"origin":339,"position":4},"title":"Qui sommes-nous?","author":"fmahaiti","date":"7 mars 2021","format":false,"excerpt":"Page sur l'origine des Filles de Marie Auxiliatrice, une congr\u00e9gation de droit pontifical, pour l'\u00e9ducation de la jeunesse, fond\u00e9e en Italie par Saint Jean Bosco (1815-1888) et Sainte Marie Dominique Mazzarello ( 1837-1872). Les Filles de Marie Auxiliatrice sont surtout connues en Haiti sous le nom de \u00ab\u00a0S\u0153urs Sal\u00e9siennes\u00a0\u00bb...","rel":"","context":"Article similaire","block_context":{"text":"Article similaire","link":""},"img":{"alt_text":"Photo de Dominique Mazzarello","src":"https:\/\/i0.wp.com\/fmahaiti.org\/images\/mazzarello.jpg?resize=350%2C200&ssl=1","width":350,"height":200},"classes":[]},{"id":446,"url":"https:\/\/fmahaiti.org\/site\/famille-salesienne\/sdb\/","url_meta":{"origin":339,"position":5},"title":"Les Sal\u00e9siens de Don Bosco","author":"fmahaiti","date":"11 mars 2021","format":false,"excerpt":"Membres d\u2019un institut religieux de droit pontifical, consacr\u00e9 aux \u0153uvres apostoliques fond\u00e9 par Saint Jean Bosco le 8 d\u00e9cembre 1859 \u00e0 Turin (Italie) avec 17 jeunes d\u00e9sireux de se consacrer \u00e0 Dieu tout en s\u2019adonnant \u00e0 l\u2019\u00e9ducation de jeunes pauvres et abandonn\u00e9s...","rel":"","context":"Article similaire","block_context":{"text":"Article similaire","link":""},"img":{"alt_text":"","src":"https:\/\/i0.wp.com\/fmahaiti.org\/site\/wp-content\/uploads\/2021\/03\/sdb-logo-239x300.png?resize=350%2C200&ssl=1","width":350,"height":200},"classes":[]}],"_links":{"self":[{"href":"https:\/\/fmahaiti.org\/site\/wp-json\/wp\/v2\/pages\/339","targetHints":{"allow":["GET"]}}],"collection":[{"href":"https:\/\/fmahaiti.org\/site\/wp-json\/wp\/v2\/pages"}],"about":[{"href":"https:\/\/fmahaiti.org\/site\/wp-json\/wp\/v2\/types\/page"}],"author":[{"embeddable":true,"href":"https:\/\/fmahaiti.org\/site\/wp-json\/wp\/v2\/users\/1"}],"replies":[{"embeddable":true,"href":"https:\/\/fmahaiti.org\/site\/wp-json\/wp\/v2\/comments?post=339"}],"version-history":[{"count":5,"href":"https:\/\/fmahaiti.org\/site\/wp-json\/wp\/v2\/pages\/339\/revisions"}],"predecessor-version":[{"id":10577,"href":"https:\/\/fmahaiti.org\/site\/wp-json\/wp\/v2\/pages\/339\/revisions\/10577"}],"wp:attachment":[{"href":"https:\/\/fmahaiti.org\/site\/wp-json\/wp\/v2\/media?parent=339"}],"curies":[{"name":"wp","href":"https:\/\/api.w.org\/{rel}","templated":true}]}}