{"id":271,"date":"2021-03-07T21:28:08","date_gmt":"2021-03-08T02:28:08","guid":{"rendered":"https:\/\/fmahaiti.org\/site\/?page_id=271"},"modified":"2021-03-07T21:29:17","modified_gmt":"2021-03-08T02:29:17","slug":"vision","status":"publish","type":"page","link":"https:\/\/fmahaiti.org\/site\/origine\/vision\/","title":{"rendered":"Vision"},"content":{"rendered":"<p>Le cadre de r\u00e9f\u00e9rence qui guide nos choix \u00e9ducatifs est une vision anthropologique qui, dans le projet de Dieu, reconnait l\u2019inali\u00e9nable dignit\u00e9 de l\u2019\u00eatre humain, cr\u00e9\u00e9 \u00e0 son image, selon la dualit\u00e9 homme-femme en relation r\u00e9ciproque entre eux. \u00catre image de Dieu fonde le caract\u00e8re relationnel de la personne, son existence par rapport \u00e0 l\u2019autre moi.<\/p>\n<p>C\u2019est le reflet du myst\u00e8re de Dieu un et trine\u00a0: unit\u00e9 vivante dans la communion du P\u00e8re, du Fils et de l\u2019Esprit-Saint. De l\u00e0 nait la vision de la vie comme don et comme appel \u00e0 la libert\u00e9, \u00e0 l\u2019amour, \u00e0 la responsabilit\u00e9 \u00e9thique (PF p. 29)<span id=\"more-104\"><\/span>.<\/p>\n<figure style=\"width: 211px\" class=\"wp-caption alignleft\"><img data-recalc-dims=\"1\" loading=\"lazy\" decoding=\"async\" src=\"https:\/\/i0.wp.com\/fmahaiti.org\/images\/francois-de-sales.png?resize=200%2C200&#038;ssl=1\" alt=\"\" width=\"200\" height=\"200\" \/><figcaption class=\"wp-caption-text\">Saint Fran\u00e7ois de Sales<\/figcaption><\/figure>\n<p>Notre style de relation \u00e9ducative est inspir\u00e9 par l\u2019humanisme chr\u00e9tien de <strong>Saint Fran\u00e7ois de Sales<\/strong>\u00a0que don Bosco a transpos\u00e9 sur le plan \u00e9ducatif, dont Marie Dominique a fait un style de vie et que les g\u00e9n\u00e9rations successives ont sans cesse enrichi.<\/p>\n<p>Nos communaut\u00e9s \u00e9ducatives en Ha\u00efti veulent contribuer \u00e0 la cr\u00e9ation de la culture de la vie et de l\u2019esp\u00e9rance dans une soci\u00e9t\u00e9 o\u00f9 l\u2019esp\u00e9rance de vie est faible. Nous assumons la proposition d\u2019une plus haute humanisation de la personne et de l\u2019histoire \u00e0 partir de l\u2019exp\u00e9rience chr\u00e9tienne, moyennant l\u2019\u00e9ducation.<\/p>\n","protected":false},"excerpt":{"rendered":"<p>Nos communaut\u00e9s \u00e9ducatives en Ha\u00efti veulent contribuer \u00e0 la cr\u00e9ation de la culture de la vie et de l\u2019esp\u00e9rance dans une soci\u00e9t\u00e9 o\u00f9 l\u2019esp\u00e9rance de vie est faible. Nous assumons la proposition d\u2019une plus haute humanisation de la personne et de l\u2019histoire \u00e0 partir de l\u2019exp\u00e9rience chr\u00e9tienne, moyennant l\u2019\u00e9ducation&#8230;<\/p>\n","protected":false},"author":1,"featured_media":0,"parent":213,"menu_order":4,"comment_status":"closed","ping_status":"closed","template":"","meta":{"footnotes":""},"class_list":["post-271","page","type-page","status-publish","hentry"],"jetpack_sharing_enabled":true,"jetpack_shortlink":"https:\/\/wp.me\/PcR5kd-4n","jetpack-related-posts":[{"id":446,"url":"https:\/\/fmahaiti.org\/site\/famille-salesienne\/sdb\/","url_meta":{"origin":271,"position":0},"title":"Les Sal\u00e9siens de Don Bosco","author":"fmahaiti","date":"11 mars 2021","format":false,"excerpt":"Membres d\u2019un institut religieux de droit pontifical, consacr\u00e9 aux \u0153uvres apostoliques fond\u00e9 par Saint Jean Bosco le 8 d\u00e9cembre 1859 \u00e0 Turin (Italie) avec 17 jeunes d\u00e9sireux de se consacrer \u00e0 Dieu tout en s\u2019adonnant \u00e0 l\u2019\u00e9ducation de jeunes pauvres et abandonn\u00e9s...","rel":"","context":"Article similaire","block_context":{"text":"Article similaire","link":""},"img":{"alt_text":"","src":"https:\/\/i0.wp.com\/fmahaiti.org\/site\/wp-content\/uploads\/2021\/03\/sdb-logo-239x300.png?resize=350%2C200&ssl=1","width":350,"height":200},"classes":[]},{"id":494,"url":"https:\/\/fmahaiti.org\/site\/famille-salesienne\/coop\/","url_meta":{"origin":271,"position":1},"title":"Sal\u00e9siens Coop\u00e9rateurs et Coop\u00e9ratrices","author":"fmahaiti","date":"11 mars 2021","format":false,"excerpt":"L\u2019Association des Sal\u00e9siens Coop\u00e9rateurs et Coop\u00e9ratrices est fond\u00e9e par Don Bosco en 1841. Elle est l\u2019un des groupes composant la Famille Sal\u00e9sienne, avec la Soci\u00e9t\u00e9 de Saint Fran\u00e7ois de Sales, l\u2019Institut des Filles de Marie Auxiliatrice et d\u2019autres groupes reconnus officiellement.\u00a0 Approuv\u00e9e par le Saint-Si\u00e8ge comme Association publique de fid\u00e8les,\u2026","rel":"","context":"Article similaire","block_context":{"text":"Article similaire","link":""},"img":{"alt_text":"","src":"https:\/\/i0.wp.com\/fmahaiti.org\/site\/wp-content\/uploads\/2021\/03\/cooperateur-2019-300x202.jpg?resize=350%2C200&ssl=1","width":350,"height":200},"classes":[]},{"id":339,"url":"https:\/\/fmahaiti.org\/site\/nos-communautes\/","url_meta":{"origin":271,"position":2},"title":"Nos Communaut\u00e9s","author":"fmahaiti","date":"9 mars 2021","format":false,"excerpt":"Les Filles de Marie Auxiliatrice d\u2019Ha\u00efti animent 18 communaut\u00e9s \u00e9ducatives avec une pr\u00e9sence dans 8 des 10 d\u00e9partements de la R\u00e9publique d'Haiti et en Guadeloupe (Saint-Martin \u2013 Marigot)...","rel":"","context":"Article similaire","block_context":{"text":"Article similaire","link":""},"img":{"alt_text":"","src":"https:\/\/i0.wp.com\/fmahaiti.org\/site\/wp-content\/uploads\/2024\/12\/IMG-20240201-WA0018-300x225.jpg?resize=350%2C200&ssl=1","width":350,"height":200},"classes":[]},{"id":224,"url":"https:\/\/fmahaiti.org\/site\/origine\/fondateurs\/","url_meta":{"origin":271,"position":3},"title":"Nos Fondateurs","author":"fmahaiti","date":"7 mars 2021","format":false,"excerpt":"Profils de nos fondateurs: Saint Jean Bosco, le 16 aout 1815, dans un petit village pr\u00e8s de Turin (Italie) et d\u00e9c\u00e9d\u00e9 le 31 janvier 1888 \u00e0 Turin, et Sainte Marie Dominique Mazzarello, n\u00e9e le 9 mai 1837 \u00e0 Mornese (Italie) et d\u00e9c\u00e9d\u00e9e le 14 mai 1881 \u00e0 Nizza Monferrato (Italie)...","rel":"","context":"Article similaire","block_context":{"text":"Article similaire","link":""},"img":{"alt_text":"Photo de Dominique Mazzarello","src":"https:\/\/i0.wp.com\/fmahaiti.org\/images\/mazzarello.jpg?resize=350%2C200&ssl=1","width":350,"height":200},"classes":[]},{"id":1085,"url":"https:\/\/fmahaiti.org\/site\/education\/projet-educatif-ensemble-nous-pouvons\/","url_meta":{"origin":271,"position":4},"title":"Projet \u00e9ducatif \u00ab\u00a0Ensemble nous pouvons\u00a0\u00bb","author":"Sr Martha Seide","date":"5 avril 2021","format":false,"excerpt":"Un projet pour vivre \u00ab Laudato S\u00ec \u00bb: Prendre soin de la maison commune: Nous nous engageons dans ce projet parce que nous sommes des \u00e9ducatrices et des \u00e9ducateurs qui vivons le charisme sal\u00e9sien dans la fid\u00e9lit\u00e9, avec cr\u00e9ativit\u00e9 et pour les jeunes qui r\u00eavent de construire un avenir bien\u2026","rel":"","context":"Article similaire","block_context":{"text":"Article similaire","link":""},"img":{"alt_text":"","src":"https:\/\/i0.wp.com\/fmahaiti.org\/site\/wp-content\/uploads\/2021\/08\/logocombine.jpg?resize=350%2C200&ssl=1","width":350,"height":200,"srcset":"https:\/\/i0.wp.com\/fmahaiti.org\/site\/wp-content\/uploads\/2021\/08\/logocombine.jpg?resize=350%2C200&ssl=1 1x, https:\/\/i0.wp.com\/fmahaiti.org\/site\/wp-content\/uploads\/2021\/08\/logocombine.jpg?resize=525%2C300&ssl=1 1.5x, https:\/\/i0.wp.com\/fmahaiti.org\/site\/wp-content\/uploads\/2021\/08\/logocombine.jpg?resize=700%2C400&ssl=1 2x, https:\/\/i0.wp.com\/fmahaiti.org\/site\/wp-content\/uploads\/2021\/08\/logocombine.jpg?resize=1050%2C600&ssl=1 3x, https:\/\/i0.wp.com\/fmahaiti.org\/site\/wp-content\/uploads\/2021\/08\/logocombine.jpg?resize=1400%2C800&ssl=1 4x"},"classes":[]},{"id":1065,"url":"https:\/\/fmahaiti.org\/site\/education\/pacte-educatif-global\/","url_meta":{"origin":271,"position":5},"title":"Pacte \u00e9ducatif global","author":"Sr Martha Seide","date":"8 mai 2021","format":false,"excerpt":"PLAN ACTION LS PROVINCE NDS Objectis Laudato SI PROJET PACTE EDUCATIF GLOGAL POUR LEDUCATION \u00a0 Le Pape Fran\u00e7ois nous a invit\u00e9s \u00e0 plusieurs reprises et, de mani\u00e8re particuli\u00e8re, dans sa convocation, le 12 septembre 2019 et lors de sa relance, le 15 septembre 2020 \u00e0 construire le Pacte \u00c9ducatif Global\u2026","rel":"","context":"Article similaire","block_context":{"text":"Article similaire","link":""},"img":{"alt_text":"","src":"https:\/\/i0.wp.com\/fmahaiti.org\/site\/wp-content\/uploads\/2021\/08\/plan-laudato-si.jpg?resize=350%2C200&ssl=1","width":350,"height":200,"srcset":"https:\/\/i0.wp.com\/fmahaiti.org\/site\/wp-content\/uploads\/2021\/08\/plan-laudato-si.jpg?resize=350%2C200&ssl=1 1x, https:\/\/i0.wp.com\/fmahaiti.org\/site\/wp-content\/uploads\/2021\/08\/plan-laudato-si.jpg?resize=525%2C300&ssl=1 1.5x, https:\/\/i0.wp.com\/fmahaiti.org\/site\/wp-content\/uploads\/2021\/08\/plan-laudato-si.jpg?resize=700%2C400&ssl=1 2x, https:\/\/i0.wp.com\/fmahaiti.org\/site\/wp-content\/uploads\/2021\/08\/plan-laudato-si.jpg?resize=1050%2C600&ssl=1 3x"},"classes":[]}],"_links":{"self":[{"href":"https:\/\/fmahaiti.org\/site\/wp-json\/wp\/v2\/pages\/271","targetHints":{"allow":["GET"]}}],"collection":[{"href":"https:\/\/fmahaiti.org\/site\/wp-json\/wp\/v2\/pages"}],"about":[{"href":"https:\/\/fmahaiti.org\/site\/wp-json\/wp\/v2\/types\/page"}],"author":[{"embeddable":true,"href":"https:\/\/fmahaiti.org\/site\/wp-json\/wp\/v2\/users\/1"}],"replies":[{"embeddable":true,"href":"https:\/\/fmahaiti.org\/site\/wp-json\/wp\/v2\/comments?post=271"}],"version-history":[{"count":3,"href":"https:\/\/fmahaiti.org\/site\/wp-json\/wp\/v2\/pages\/271\/revisions"}],"predecessor-version":[{"id":275,"href":"https:\/\/fmahaiti.org\/site\/wp-json\/wp\/v2\/pages\/271\/revisions\/275"}],"up":[{"embeddable":true,"href":"https:\/\/fmahaiti.org\/site\/wp-json\/wp\/v2\/pages\/213"}],"wp:attachment":[{"href":"https:\/\/fmahaiti.org\/site\/wp-json\/wp\/v2\/media?parent=271"}],"curies":[{"name":"wp","href":"https:\/\/api.w.org\/{rel}","templated":true}]}}