{"id":233,"date":"2021-03-07T14:05:58","date_gmt":"2021-03-07T19:05:58","guid":{"rendered":"https:\/\/fmahaiti.org\/site\/?page_id=233"},"modified":"2021-03-14T13:52:47","modified_gmt":"2021-03-14T17:52:47","slug":"fma-haiti","status":"publish","type":"page","link":"https:\/\/fmahaiti.org\/site\/origine\/fma-haiti\/","title":{"rendered":"Les FMA en Haiti"},"content":{"rendered":"<p>Les S\u0153urs Sal\u00e9siennes se sont \u00e9tablies en Haiti en 1935. Aujourd\u2019hui, elles comptent 18 maisons reparties \u00e0 travers le pays et en Guadeloupe. Rattach\u00e9es, jusqu\u2019en 1991 \u00e0 la Province des Antilles dont le si\u00e8ge se trouve \u00e0 Santo Domingo, R\u00e9publique Dominicaine, elles sont devenues d\u2019abord une Pr\u00e9-Province, et en 1997 reconnues officiellement comme une Province.<span id=\"more-32\"><\/span><\/p>\n<p>La nouvelle province est plac\u00e9e sous la maternelle protection de Celle qui demeure \u00e9galement la Grande Patronne d\u2019Haiti: Notre-Dame du Perp\u00e9tuel Secours.<\/p>\n<h4>Nos Premiers \u00c9tablissements<\/h4>\n<p><img data-recalc-dims=\"1\" loading=\"lazy\" decoding=\"async\" class=\"alignleft \" src=\"https:\/\/i0.wp.com\/fmahaiti.org\/images\/perpetuel-secours.jpg?resize=218%2C261&#038;ssl=1\" width=\"218\" height=\"261\" \/>1935\u2026 Haiti vient de vivre un long cauchemar politique. L\u2019occupation am\u00e9ricaine officiellement prit fin apr\u00e8s dix-neuf ans. Le Pr\u00e9sident St\u00e9nio Vincent a pu enfin r\u00e9aliser un r\u00eave cher \u00e0 tous les Ha\u00eftiens d\u2019alors: d\u00e9gager le pays, sans heurt, de l\u2019emprise \u00e9trang\u00e8re. Le 14 Ao\u00fbt 1934, le drapeau Ha\u00eftien est hiss\u00e9 au m\u00e2t de l\u2019ancien quartier g\u00e9n\u00e9ral des Marines et le 21 Ao\u00fbt 1934, on proclame symboliquement la lib\u00e9ration d\u2019Haiti.<\/p>\n<p>Cette lib\u00e9ration ne r\u00e9solut pas automatiquement les probl\u00e8mes du pays. Le peuple, longtemps exploit\u00e9 et m\u00e9pris\u00e9 des gouvernants, continua de croupir dans l\u2019ignorance et dans la mis\u00e8re la plus crasse. R\u00e9sia Vincent, s\u0153ur du Pr\u00e9sident Vincent, soutenant la politique sociale de son fr\u00e8re et \u00e9mue comme celui-ci de la grande d\u00e9tresse des populations des banlieues de la ville de Port-au-Prince, participa activement \u00e0 toutes les \u0153uvres sociales du pays.<\/p>\n<p>L\u2019un de ses projets fut de b\u00e2tir un centre qui r\u00e9unirait des enfants des deux sexes dans le quartier de la Saline. Ces enfants recevraient, \u00e0 c\u00f4t\u00e9 d\u2019une instruction primaire, une formation professionnelle qui les armeraient pour la lutte \u00e2pre et douloureuse de la vie.<\/p>\n<p>Pour r\u00e9aliser une partie de ce grand projet, elle fit appel aux Filles de Marie Auxiliatrice, plus connues sous le nom de S\u0153urs Sal\u00e9siennes de Don Bosco.<br \/>\nC\u2019est ainsi que le 31 Ao\u00fbt 1935, les premi\u00e8res s\u0153urs d\u00e9barqu\u00e8rent \u00e0 Port-au-Prince apr\u00e8s un long voyage de 21 jours pour ouvrir leur toute premi\u00e8re fondation dans le quartier de la Saline. Les Sal\u00e9siens d\u00e9barqueraient un an apr\u00e8s pour r\u00e9aliser un autre volet du m\u00eame projet.<\/p>\n<h4>Nos Pionni\u00e8res<\/h4>\n<p>Les premi\u00e8res missionnaires furent au nombre de cinq accompagn\u00e9es de Sr. Felicina Fauda, italienne, responsable de l\u2019exp\u00e9dition, femme d\u2019une grande exp\u00e9rience d\u2019animation et bien dot\u00e9e au niveau diplomatique..<\/p>\n<ul>\n<li>Sr Vicenza Giaj Levra, de nationalit\u00e9 Italienne, responsable de la Communaut\u00e9 apr\u00e8s le d\u00e9part de Sr. Felicina. Elle devint ainsi la premi\u00e8re directrice d\u2019une oeuvre des Soeurs Sal\u00e9sienne en Haiti;<\/li>\n<li>Sr Paulina Chiodi, Italienne, \u00e9conome;<\/li>\n<li>Sr Anna Mourer, Francaise;<\/li>\n<li>Sr Marie Therese Nass, Francaise, qui a vu passer plus de cinquante promotion d\u2019internes et d\u2019\u00e9tudiantes;<\/li>\n<li>Sr Catherine Barabino, Italienne, qui, par sa comp\u00e9tence p\u00e9dagogique et sa foi dans la potentialit\u00e9 des jeunes filles du quartier, a propuls\u00e9 l\u2019oeuvre de la Saline au rang des meilleures \u00e9coles de Port-au-Prince.<\/li>\n<\/ul>\n<figure id=\"attachment_239\" aria-describedby=\"caption-attachment-239\" style=\"width: 300px\" class=\"wp-caption alignleft\"><img data-recalc-dims=\"1\" loading=\"lazy\" decoding=\"async\" class=\"wp-image-239 size-medium\" src=\"https:\/\/i0.wp.com\/fmahaiti.org\/site\/wp-content\/uploads\/2021\/03\/DSC03150.jpg?resize=300%2C228&#038;ssl=1\" alt=\"\" width=\"300\" height=\"228\" srcset=\"https:\/\/i0.wp.com\/fmahaiti.org\/site\/wp-content\/uploads\/2021\/03\/DSC03150.jpg?resize=300%2C228&amp;ssl=1 300w, https:\/\/i0.wp.com\/fmahaiti.org\/site\/wp-content\/uploads\/2021\/03\/DSC03150.jpg?w=658&amp;ssl=1 658w\" sizes=\"auto, (max-width: 300px) 100vw, 300px\" \/><figcaption id=\"caption-attachment-239\" class=\"wp-caption-text\">Soeurs Marie Th\u00e9r\u00e8se Lamaute et Nicole Gaillard.<\/figcaption><\/figure>\n<p>Arm\u00e9es de leur foi, impr\u00e9gn\u00e9es du syst\u00e8me p\u00e9dagogique de Don Bosco et de Marie Dominique Mazzarello et soutenues par la protection maternelle de Marie Auxiliatrice, ces pionni\u00e8res se d\u00e9vou\u00e8rent totalement aux jeunes filles de la Saline d\u2019abord et \u00e0 celles des autres quartiers de Port-au-Prince ensuite. Avec leur exemple, elles ne tard\u00e8rent pas \u00e0 susciter des vocations haitiennes. Les toutes premi\u00e8res se nomment <a href=\"https:\/\/fmahaiti.org\/site\/soeur-marie-annonce-de-deces\/\">Marie Th\u00e9r\u00e8se Lamaute<\/a> (1919-2021), Fernande Cantave et Nicole Gaillard.<\/p>\n<p>A ses d\u00e9buts, l\u2019oeuvre re\u00e7ut uniquement des internes, toutefois, elle ne tarda pas \u00e0 ouvrir ses portes \u00e0 des filles qui, tout en demeurant chez elles, devinrent, durant les jours de classe, les b\u00e9n\u00e9ficiaires de la m\u00eame \u00e9ducation et formation professionnelle jusque l\u00e0 r\u00e9serv\u00e9es aux internes.<\/p>\n<p>Avec le courage et l\u2019audace missionnaire de ces pionni\u00e8res, de 1935 \u00e0 la Saline, les S\u0153urs Sal\u00e9siennes se sont \u00e9tablies en 1957 \u00e0 P\u00e9tion-Ville, puis en 1962 au Cap-Ha\u00eftien et \u00e0 Thorland en 1970.<\/p>\n","protected":false},"excerpt":{"rendered":"<p>Les S\u0153urs Sal\u00e9siennes se sont \u00e9tablies en Haiti en 1935. Aujourd\u2019hui, elles comptent 18 maisons reparties \u00e0 travers le pays et en Guadeloupe. Rattach\u00e9es, jusqu\u2019en 1991 \u00e0 la Province des Antilles dont le si\u00e8ge se trouve \u00e0 Santo Domingo, R\u00e9publique Dominicaine, elles sont devenues d\u2019abord une Pr\u00e9-Province, et en 1997 reconnues officiellement comme une Province&#8230;<\/p>\n","protected":false},"author":1,"featured_media":0,"parent":213,"menu_order":2,"comment_status":"closed","ping_status":"closed","template":"","meta":{"footnotes":""},"class_list":["post-233","page","type-page","status-publish","hentry"],"jetpack_sharing_enabled":true,"jetpack_shortlink":"https:\/\/wp.me\/PcR5kd-3L","jetpack-related-posts":[{"id":446,"url":"https:\/\/fmahaiti.org\/site\/famille-salesienne\/sdb\/","url_meta":{"origin":233,"position":0},"title":"Les Sal\u00e9siens de Don Bosco","author":"fmahaiti","date":"11 mars 2021","format":false,"excerpt":"Membres d\u2019un institut religieux de droit pontifical, consacr\u00e9 aux \u0153uvres apostoliques fond\u00e9 par Saint Jean Bosco le 8 d\u00e9cembre 1859 \u00e0 Turin (Italie) avec 17 jeunes d\u00e9sireux de se consacrer \u00e0 Dieu tout en s\u2019adonnant \u00e0 l\u2019\u00e9ducation de jeunes pauvres et abandonn\u00e9s...","rel":"","context":"Article similaire","block_context":{"text":"Article similaire","link":""},"img":{"alt_text":"","src":"https:\/\/i0.wp.com\/fmahaiti.org\/site\/wp-content\/uploads\/2021\/03\/sdb-logo-239x300.png?resize=350%2C200&ssl=1","width":350,"height":200},"classes":[]},{"id":631,"url":"https:\/\/fmahaiti.org\/site\/famille-salesienne\/bienfaiteurs-et-bienfaitrices\/","url_meta":{"origin":233,"position":1},"title":"Nos Bienfaiteurs et Bienfaitrices","author":"fmahaiti","date":"18 mars 2021","format":false,"excerpt":"Nos Bienfaiteurs et Bienfaitrices sont des hommes et des femmes, de toutes les couches epid\u00e9miques, de toutes les sph\u00e8res politiques, et de cr\u00e9dos divers, gagnant leur vie \u00e0 la sueur de leur front. Ils sont unis dans leur \u00e9lan de g\u00e9n\u00e9rosit\u00e9 et dans la reconnaissance de la valeur de notre\u2026","rel":"","context":"Article similaire","block_context":{"text":"Article similaire","link":""},"img":{"alt_text":"","src":"","width":0,"height":0},"classes":[]},{"id":339,"url":"https:\/\/fmahaiti.org\/site\/nos-communautes\/","url_meta":{"origin":233,"position":2},"title":"Nos Communaut\u00e9s","author":"fmahaiti","date":"9 mars 2021","format":false,"excerpt":"Les Filles de Marie Auxiliatrice d\u2019Ha\u00efti animent 18 communaut\u00e9s \u00e9ducatives avec une pr\u00e9sence dans 8 des 10 d\u00e9partements de la R\u00e9publique d'Haiti et en Guadeloupe (Saint-Martin \u2013 Marigot)...","rel":"","context":"Article similaire","block_context":{"text":"Article similaire","link":""},"img":{"alt_text":"","src":"https:\/\/i0.wp.com\/fmahaiti.org\/site\/wp-content\/uploads\/2024\/12\/IMG-20240201-WA0018-300x225.jpg?resize=350%2C200&ssl=1","width":350,"height":200},"classes":[]},{"id":1065,"url":"https:\/\/fmahaiti.org\/site\/education\/pacte-educatif-global\/","url_meta":{"origin":233,"position":3},"title":"Pacte \u00e9ducatif global","author":"Sr Martha Seide","date":"8 mai 2021","format":false,"excerpt":"PLAN ACTION LS PROVINCE NDS Objectis Laudato SI PROJET PACTE EDUCATIF GLOGAL POUR LEDUCATION \u00a0 Le Pape Fran\u00e7ois nous a invit\u00e9s \u00e0 plusieurs reprises et, de mani\u00e8re particuli\u00e8re, dans sa convocation, le 12 septembre 2019 et lors de sa relance, le 15 septembre 2020 \u00e0 construire le Pacte \u00c9ducatif Global\u2026","rel":"","context":"Article similaire","block_context":{"text":"Article similaire","link":""},"img":{"alt_text":"","src":"https:\/\/i0.wp.com\/fmahaiti.org\/site\/wp-content\/uploads\/2021\/08\/plan-laudato-si.jpg?resize=350%2C200&ssl=1","width":350,"height":200,"srcset":"https:\/\/i0.wp.com\/fmahaiti.org\/site\/wp-content\/uploads\/2021\/08\/plan-laudato-si.jpg?resize=350%2C200&ssl=1 1x, https:\/\/i0.wp.com\/fmahaiti.org\/site\/wp-content\/uploads\/2021\/08\/plan-laudato-si.jpg?resize=525%2C300&ssl=1 1.5x, https:\/\/i0.wp.com\/fmahaiti.org\/site\/wp-content\/uploads\/2021\/08\/plan-laudato-si.jpg?resize=700%2C400&ssl=1 2x, https:\/\/i0.wp.com\/fmahaiti.org\/site\/wp-content\/uploads\/2021\/08\/plan-laudato-si.jpg?resize=1050%2C600&ssl=1 3x"},"classes":[]},{"id":213,"url":"https:\/\/fmahaiti.org\/site\/origine\/","url_meta":{"origin":233,"position":4},"title":"Qui sommes-nous?","author":"fmahaiti","date":"7 mars 2021","format":false,"excerpt":"Page sur l'origine des Filles de Marie Auxiliatrice, une congr\u00e9gation de droit pontifical, pour l'\u00e9ducation de la jeunesse, fond\u00e9e en Italie par Saint Jean Bosco (1815-1888) et Sainte Marie Dominique Mazzarello ( 1837-1872). Les Filles de Marie Auxiliatrice sont surtout connues en Haiti sous le nom de \u00ab\u00a0S\u0153urs Sal\u00e9siennes\u00a0\u00bb...","rel":"","context":"Article similaire","block_context":{"text":"Article similaire","link":""},"img":{"alt_text":"Photo de Dominique Mazzarello","src":"https:\/\/i0.wp.com\/fmahaiti.org\/images\/mazzarello.jpg?resize=350%2C200&ssl=1","width":350,"height":200},"classes":[]},{"id":654,"url":"https:\/\/fmahaiti.org\/site\/origine\/nos-defuntes\/","url_meta":{"origin":233,"position":5},"title":"Nos D\u00e9funtes","author":"fmahaiti","date":"18 mars 2021","format":false,"excerpt":"La charit\u00e9, qui a maintenu les Filles de Marie Auxiliatrice dans la vie, ne cesse pas apr\u00e8s leur mort. Lorsqu'une s\u0153ur est appel\u00e9e \u00e0 l'\u00e9ternit\u00e9, sa mort sera d'abord communiqu\u00e9e \u00e0 toutes les maisons, de sorte que la sainte communion (par la messe et autres formes de pi\u00e9t\u00e9 dont la\u2026","rel":"","context":"Article similaire","block_context":{"text":"Article similaire","link":""},"img":{"alt_text":"","src":"https:\/\/i0.wp.com\/fmahaiti.org\/site\/wp-content\/uploads\/2025\/02\/Ti-Carme.jpg?resize=350%2C200&ssl=1","width":350,"height":200},"classes":[]}],"_links":{"self":[{"href":"https:\/\/fmahaiti.org\/site\/wp-json\/wp\/v2\/pages\/233","targetHints":{"allow":["GET"]}}],"collection":[{"href":"https:\/\/fmahaiti.org\/site\/wp-json\/wp\/v2\/pages"}],"about":[{"href":"https:\/\/fmahaiti.org\/site\/wp-json\/wp\/v2\/types\/page"}],"author":[{"embeddable":true,"href":"https:\/\/fmahaiti.org\/site\/wp-json\/wp\/v2\/users\/1"}],"replies":[{"embeddable":true,"href":"https:\/\/fmahaiti.org\/site\/wp-json\/wp\/v2\/comments?post=233"}],"version-history":[{"count":4,"href":"https:\/\/fmahaiti.org\/site\/wp-json\/wp\/v2\/pages\/233\/revisions"}],"predecessor-version":[{"id":569,"href":"https:\/\/fmahaiti.org\/site\/wp-json\/wp\/v2\/pages\/233\/revisions\/569"}],"up":[{"embeddable":true,"href":"https:\/\/fmahaiti.org\/site\/wp-json\/wp\/v2\/pages\/213"}],"wp:attachment":[{"href":"https:\/\/fmahaiti.org\/site\/wp-json\/wp\/v2\/media?parent=233"}],"curies":[{"name":"wp","href":"https:\/\/api.w.org\/{rel}","templated":true}]}}