{"id":213,"date":"2021-03-07T13:22:39","date_gmt":"2021-03-07T18:22:39","guid":{"rendered":"https:\/\/fmahaiti.org\/site\/?page_id=213"},"modified":"2021-03-14T13:57:00","modified_gmt":"2021-03-14T17:57:00","slug":"origine","status":"publish","type":"page","link":"https:\/\/fmahaiti.org\/site\/origine\/","title":{"rendered":"Qui sommes-nous?"},"content":{"rendered":"<p>Les Filles de Marie Auxiliatrice commun\u00e9ment appel\u00e9e \u00ab\u00a0S\u0153urs Sal\u00e9siennes\u00a0\u00bb ont \u00e9t\u00e9 fond\u00e9es par Don Bosco en 1872 \u00e0 la suite d\u2019une rencontre fortuite advenue dix ans plus t\u00f4t entre ce dernier et Don Dominique Pestarino qui dirigeait, \u00e0 Morn\u00e8se (Italie), une association f\u00e9minine d\u00e9nomm\u00e9e les \u00ab\u00a0Filles de l\u2019Immacul\u00e9e Conception\u00a0\u00bb.<\/p>\n<p>Don Pestarino apprit, par la suite, \u00e0 mieux conna\u00eetre Don Bosco en se laissant impr\u00e9gner de son esprit apostolique. Les \u00e9tapes cons\u00e9cutives de l\u2019histoire des Filles de Marie Auxiliatrice ne furent que l\u2019oeuvre de la Providence.<span id=\"more-2\"><\/span><\/p>\n<p>En 1864, Don Bosco visita Morn\u00e8se avec ses jeunes gens et rencontra les Filles de l\u2019Immacul\u00e9e. Un sommaire r\u00e8glement leur est alors propos\u00e9.<\/p>\n<p><img data-recalc-dims=\"1\" loading=\"lazy\" decoding=\"async\" class=\"alignleft wp-image-50\" src=\"https:\/\/i0.wp.com\/fmahaiti.org\/images\/mazzarello.jpg?resize=183%2C203&#038;ssl=1\" alt=\"Photo de Dominique Mazzarello\" width=\"183\" height=\"203\" \/>En 1872, Don Bosco exhorta les \u00ab\u00a0Filles\u00a0\u00bb \u00e0 \u00e9lire leur sup\u00e9rieure et son conseil. En Juillet de la m\u00eame ann\u00e9e, elles particip\u00e8rent aux premi\u00e8res retraites spirituelles suivies de la c\u00e9r\u00e9monie de la prise d\u2019habit.<\/p>\n<p>Le 5 Ao\u00fbt, en la f\u00eate de Notre-Dame des Neiges, les Filles de Marie Auxiliatrice prirent officiellement naissance.<\/p>\n<p>Le 14 Mai 1881, Marie Dominique Mazzarello, co-fondatrice des Filles de Marie Auxiliatrice mourut laissant une robuste et grandissante congr\u00e9gation f\u00e9minine avec, \u00e0 son actif, 26 maisons, 136 soeurs, 50 novices r\u00e9pandues dans 4 pays de l\u2019Europe et de l\u2019Am\u00e9rique, et pratiquant la m\u00eame d\u00e9marche apostolique que les Sal\u00e9siens de Don Bosco envers les jeunes filles, leurs destinataires privil\u00e9gi\u00e9es.<\/p>\n","protected":false},"excerpt":{"rendered":"<p>Page sur l&rsquo;origine des Filles de Marie Auxiliatrice, une congr\u00e9gation de droit pontifical, pour l&rsquo;\u00e9ducation de la jeunesse, fond\u00e9e en Italie par Saint Jean Bosco  (1815-1888) et Sainte Marie Dominique Mazzarello ( 1837-1872). Les Filles de Marie Auxiliatrice sont surtout connues en Haiti sous le nom de  \u00ab\u00a0S\u0153urs Sal\u00e9siennes\u00a0\u00bb&#8230;<\/p>\n","protected":false},"author":1,"featured_media":0,"parent":0,"menu_order":1,"comment_status":"closed","ping_status":"closed","template":"","meta":{"footnotes":""},"class_list":["post-213","page","type-page","status-publish","hentry"],"jetpack_sharing_enabled":true,"jetpack_shortlink":"https:\/\/wp.me\/PcR5kd-3r","jetpack-related-posts":[{"id":224,"url":"https:\/\/fmahaiti.org\/site\/origine\/fondateurs\/","url_meta":{"origin":213,"position":0},"title":"Nos Fondateurs","author":"fmahaiti","date":"7 mars 2021","format":false,"excerpt":"Profils de nos fondateurs: Saint Jean Bosco, le 16 aout 1815, dans un petit village pr\u00e8s de Turin (Italie) et d\u00e9c\u00e9d\u00e9 le 31 janvier 1888 \u00e0 Turin, et Sainte Marie Dominique Mazzarello, n\u00e9e le 9 mai 1837 \u00e0 Mornese (Italie) et d\u00e9c\u00e9d\u00e9e le 14 mai 1881 \u00e0 Nizza Monferrato (Italie)...","rel":"","context":"Article similaire","block_context":{"text":"Article similaire","link":""},"img":{"alt_text":"Photo de Dominique Mazzarello","src":"https:\/\/i0.wp.com\/fmahaiti.org\/images\/mazzarello.jpg?resize=350%2C200&ssl=1","width":350,"height":200},"classes":[]},{"id":614,"url":"https:\/\/fmahaiti.org\/site\/famille-salesienne\/anciennes\/","url_meta":{"origin":213,"position":1},"title":"Les Anciens et Anciennes \u00c9l\u00e8ves de Don Bosco","author":"fmahaiti","date":"16 mars 2021","format":false,"excerpt":"La\u00a0Conf\u00e9d\u00e9ration Mondiale des Anciennes et Anciens \u00e9l\u00e8ves des Filles de Marie-Auxiliatrice, appel\u00e9e aussi\u00a0Association par la suite, est une association la\u00efque \u00e0 but non lucratif, promue par l\u2019Institut des Filles de Marie-Auxiliatrice (ou Sal\u00e9siennes de Don Bosco). En tant que telle, elle fait partie de la Famille Sal\u00e9sienne, dans laquelle le\u2026","rel":"","context":"Article similaire","block_context":{"text":"Article similaire","link":""},"img":{"alt_text":"","src":"https:\/\/i0.wp.com\/fmahaiti.org\/site\/wp-content\/uploads\/2021\/03\/ae2018.jpg?resize=350%2C200&ssl=1","width":350,"height":200,"srcset":"https:\/\/i0.wp.com\/fmahaiti.org\/site\/wp-content\/uploads\/2021\/03\/ae2018.jpg?resize=350%2C200&ssl=1 1x, https:\/\/i0.wp.com\/fmahaiti.org\/site\/wp-content\/uploads\/2021\/03\/ae2018.jpg?resize=525%2C300&ssl=1 1.5x"},"classes":[]},{"id":439,"url":"https:\/\/fmahaiti.org\/site\/famille-salesienne\/","url_meta":{"origin":213,"position":2},"title":"La Famille sal\u00e9sienne","author":"fmahaiti","date":"11 mars 2021","format":false,"excerpt":"Famille aux ramifications nombreuses, la famille sal\u00e9sienne fut fond\u00e9e par Don Bosco lui-m\u00eame qui a voulu que chacune de ses composantes ait sa propre physionomie et ses propres activit\u00e9s tout en\u00a0 restant fortement unies par le partage de l\u2019esprit sal\u00e9sien, le v\u00e9cu d\u2019un m\u00eame id\u00e9al missionnaire cultivant la collaboration en\u2026","rel":"","context":"Article similaire","block_context":{"text":"Article similaire","link":""},"img":{"alt_text":"","src":"","width":0,"height":0},"classes":[]},{"id":339,"url":"https:\/\/fmahaiti.org\/site\/nos-communautes\/","url_meta":{"origin":213,"position":3},"title":"Nos Communaut\u00e9s","author":"fmahaiti","date":"9 mars 2021","format":false,"excerpt":"Les Filles de Marie Auxiliatrice d\u2019Ha\u00efti animent 18 communaut\u00e9s \u00e9ducatives avec une pr\u00e9sence dans 8 des 10 d\u00e9partements de la R\u00e9publique d'Haiti et en Guadeloupe (Saint-Martin \u2013 Marigot)...","rel":"","context":"Article similaire","block_context":{"text":"Article similaire","link":""},"img":{"alt_text":"","src":"https:\/\/i0.wp.com\/fmahaiti.org\/site\/wp-content\/uploads\/2024\/12\/IMG-20240201-WA0018-300x225.jpg?resize=350%2C200&ssl=1","width":350,"height":200},"classes":[]},{"id":512,"url":"https:\/\/fmahaiti.org\/site\/origine\/vocation-fma\/","url_meta":{"origin":213,"position":4},"title":"Devenir Fille de Marie Auxiliatrice\u00a0ou\u00a0Sal\u00e9sienne de Don Bosco","author":"fmahaiti","date":"11 mars 2021","format":false,"excerpt":"Quand une jeune s\u2019oriente vers notre Institut, nous nous mettons \u00e0 l\u2019\u00e9coute de ses motivations profondes, et nous l\u2019aidons progressivement \u00e0 les \u00e9claircir. Nous lui offrons un cheminement de formation initiale qui comprend diff\u00e9rentes \u00e9tapes...","rel":"","context":"Article similaire","block_context":{"text":"Article similaire","link":""},"img":{"alt_text":"","src":"https:\/\/i0.wp.com\/fmahaiti.org\/site\/wp-content\/uploads\/2024\/12\/Photo-Sta-1024x632.jpg?resize=350%2C200&ssl=1","width":350,"height":200,"srcset":"https:\/\/i0.wp.com\/fmahaiti.org\/site\/wp-content\/uploads\/2024\/12\/Photo-Sta-1024x632.jpg?resize=350%2C200&ssl=1 1x, https:\/\/i0.wp.com\/fmahaiti.org\/site\/wp-content\/uploads\/2024\/12\/Photo-Sta-1024x632.jpg?resize=525%2C300&ssl=1 1.5x, https:\/\/i0.wp.com\/fmahaiti.org\/site\/wp-content\/uploads\/2024\/12\/Photo-Sta-1024x632.jpg?resize=700%2C400&ssl=1 2x"},"classes":[]},{"id":494,"url":"https:\/\/fmahaiti.org\/site\/famille-salesienne\/coop\/","url_meta":{"origin":213,"position":5},"title":"Sal\u00e9siens Coop\u00e9rateurs et Coop\u00e9ratrices","author":"fmahaiti","date":"11 mars 2021","format":false,"excerpt":"L\u2019Association des Sal\u00e9siens Coop\u00e9rateurs et Coop\u00e9ratrices est fond\u00e9e par Don Bosco en 1841. Elle est l\u2019un des groupes composant la Famille Sal\u00e9sienne, avec la Soci\u00e9t\u00e9 de Saint Fran\u00e7ois de Sales, l\u2019Institut des Filles de Marie Auxiliatrice et d\u2019autres groupes reconnus officiellement.\u00a0 Approuv\u00e9e par le Saint-Si\u00e8ge comme Association publique de fid\u00e8les,\u2026","rel":"","context":"Article similaire","block_context":{"text":"Article similaire","link":""},"img":{"alt_text":"","src":"https:\/\/i0.wp.com\/fmahaiti.org\/site\/wp-content\/uploads\/2021\/03\/cooperateur-2019-300x202.jpg?resize=350%2C200&ssl=1","width":350,"height":200},"classes":[]}],"_links":{"self":[{"href":"https:\/\/fmahaiti.org\/site\/wp-json\/wp\/v2\/pages\/213","targetHints":{"allow":["GET"]}}],"collection":[{"href":"https:\/\/fmahaiti.org\/site\/wp-json\/wp\/v2\/pages"}],"about":[{"href":"https:\/\/fmahaiti.org\/site\/wp-json\/wp\/v2\/types\/page"}],"author":[{"embeddable":true,"href":"https:\/\/fmahaiti.org\/site\/wp-json\/wp\/v2\/users\/1"}],"replies":[{"embeddable":true,"href":"https:\/\/fmahaiti.org\/site\/wp-json\/wp\/v2\/comments?post=213"}],"version-history":[{"count":4,"href":"https:\/\/fmahaiti.org\/site\/wp-json\/wp\/v2\/pages\/213\/revisions"}],"predecessor-version":[{"id":572,"href":"https:\/\/fmahaiti.org\/site\/wp-json\/wp\/v2\/pages\/213\/revisions\/572"}],"wp:attachment":[{"href":"https:\/\/fmahaiti.org\/site\/wp-json\/wp\/v2\/media?parent=213"}],"curies":[{"name":"wp","href":"https:\/\/api.w.org\/{rel}","templated":true}]}}