{"id":1580,"date":"2021-05-02T09:11:44","date_gmt":"2021-05-02T13:11:44","guid":{"rendered":"https:\/\/fmahaiti.org\/site\/?page_id=1580"},"modified":"2021-08-08T11:04:50","modified_gmt":"2021-08-08T15:04:50","slug":"liens-utiles","status":"publish","type":"page","link":"https:\/\/fmahaiti.org\/site\/education\/liens-utiles\/","title":{"rendered":"Liens utiles"},"content":{"rendered":"<p><a href=\"https:\/\/fmahaiti.org\/site\/education\/pacte-educatif-global\/\"><img data-recalc-dims=\"1\" loading=\"lazy\" decoding=\"async\" class=\"wp-image-1967 size-full aligncenter\" src=\"https:\/\/i0.wp.com\/fmahaiti.org\/site\/wp-content\/uploads\/2021\/08\/logocombine.jpg?resize=843%2C264&#038;ssl=1\" alt=\"\" width=\"843\" height=\"264\" srcset=\"https:\/\/i0.wp.com\/fmahaiti.org\/site\/wp-content\/uploads\/2021\/08\/logocombine.jpg?w=2332&amp;ssl=1 2332w, https:\/\/i0.wp.com\/fmahaiti.org\/site\/wp-content\/uploads\/2021\/08\/logocombine.jpg?resize=300%2C94&amp;ssl=1 300w, https:\/\/i0.wp.com\/fmahaiti.org\/site\/wp-content\/uploads\/2021\/08\/logocombine.jpg?resize=1024%2C320&amp;ssl=1 1024w, https:\/\/i0.wp.com\/fmahaiti.org\/site\/wp-content\/uploads\/2021\/08\/logocombine.jpg?resize=768%2C240&amp;ssl=1 768w, https:\/\/i0.wp.com\/fmahaiti.org\/site\/wp-content\/uploads\/2021\/08\/logocombine.jpg?resize=1536%2C480&amp;ssl=1 1536w, https:\/\/i0.wp.com\/fmahaiti.org\/site\/wp-content\/uploads\/2021\/08\/logocombine.jpg?resize=2048%2C640&amp;ssl=1 2048w, https:\/\/i0.wp.com\/fmahaiti.org\/site\/wp-content\/uploads\/2021\/08\/logocombine.jpg?w=1686&amp;ssl=1 1686w\" sizes=\"auto, (max-width: 843px) 100vw, 843px\" \/><\/a><\/p>\n<p><a href=\"https:\/\/www.vatican.va\/roman_curia\/congregations\/ccatheduc\/index_fr.htm\"><strong><img decoding=\"async\" src=\"https:\/\/i2.wp.com\/fmahaiti.org\/site\/wp-content\/uploads\/2021\/04\/cahier.jpg?resize=27%2C27&amp;ssl=1\" \/><\/strong><\/a><a href=\"https:\/\/www.vatican.va\/roman_curia\/congregations\/ccatheduc\/index_fr.htm\"><strong>Documents<\/strong> <b>Congr\u00e9gation pour l&rsquo;\u00c9ducation Catholique<\/b> <\/a><\/p>\n<p><strong><a href=\"http:\/\/revue-educatio.eu\/wp\/\"><img decoding=\"async\" src=\"https:\/\/i2.wp.com\/fmahaiti.org\/site\/wp-content\/uploads\/2021\/04\/cahier.jpg?resize=27%2C27&amp;ssl=1\" \/><\/a>Educatio. La revue scientifique de l&rsquo;\u00e9ducation chr\u00e9tienne<\/strong><\/p>\n<p><strong><a href=\"http:\/\/oiecinternational.com\/fr\/\"><img decoding=\"async\" src=\"https:\/\/i2.wp.com\/fmahaiti.org\/site\/wp-content\/uploads\/2021\/04\/cahier.jpg?resize=27%2C27&amp;ssl=1\" \/><\/a>Office International de l&rsquo;Enseignement catholique (OIEC)<\/strong><\/p>\n<p><a href=\"https:\/\/www.planetoiec.com\/\"><strong><img decoding=\"async\" src=\"https:\/\/i2.wp.com\/fmahaiti.org\/site\/wp-content\/uploads\/2021\/04\/cahier.jpg?resize=27%2C27&amp;ssl=1\" \/> Planet Fraternity<\/strong><\/a><\/p>\n<p><a href=\"https:\/\/bice.org\/fr\/\"><strong><img decoding=\"async\" src=\"https:\/\/i2.wp.com\/fmahaiti.org\/site\/wp-content\/uploads\/2021\/04\/cahier.jpg?resize=27%2C27&amp;ssl=1\" \/> Bureau Internationale Catholique de l&rsquo;Enfance (BICE)<\/strong><\/a><\/p>\n<p><strong><a href=\"https:\/\/fr.globalcatholiceducation.org\/about\"><img decoding=\"async\" src=\"https:\/\/i2.wp.com\/fmahaiti.org\/site\/wp-content\/uploads\/2021\/04\/cahier.jpg?resize=27%2C27&amp;ssl=1\" \/><\/a>Global Catholic Education<\/strong><\/p>\n<p><strong><a href=\"https:\/\/www.meirieu.com\/\"><img decoding=\"async\" src=\"https:\/\/i2.wp.com\/fmahaiti.org\/site\/wp-content\/uploads\/2021\/04\/cahier.jpg?resize=27%2C27&amp;ssl=1\" \/><\/a>Philippe Meirieu &#8211; Histoire et actualit\u00e9 de la p\u00e9dagogie<\/strong><\/p>\n<p>&nbsp;<\/p>\n<p><a href=\"https:\/\/fmahaiti.org\/site\/wp-content\/uploads\/2021\/08\/Carte-didentite-ecole-en-Amerique.pdf\"><img data-recalc-dims=\"1\" loading=\"lazy\" decoding=\"async\" class=\"alignnone wp-image-1936 size-full\" src=\"https:\/\/i0.wp.com\/fmahaiti.org\/site\/wp-content\/uploads\/2021\/08\/carte-didentite-de-lecole-salesienne-en-Amerique.jpg?resize=843%2C367&#038;ssl=1\" alt=\"\" width=\"843\" height=\"367\" srcset=\"https:\/\/i0.wp.com\/fmahaiti.org\/site\/wp-content\/uploads\/2021\/08\/carte-didentite-de-lecole-salesienne-en-Amerique.jpg?w=952&amp;ssl=1 952w, https:\/\/i0.wp.com\/fmahaiti.org\/site\/wp-content\/uploads\/2021\/08\/carte-didentite-de-lecole-salesienne-en-Amerique.jpg?resize=300%2C131&amp;ssl=1 300w, https:\/\/i0.wp.com\/fmahaiti.org\/site\/wp-content\/uploads\/2021\/08\/carte-didentite-de-lecole-salesienne-en-Amerique.jpg?resize=768%2C335&amp;ssl=1 768w\" sizes=\"auto, (max-width: 843px) 100vw, 843px\" \/><\/a><\/p>\n","protected":false},"excerpt":{"rendered":"<p>Sur cette page, vous trouverez des liens qui peuvent servir pour avoir des informations sur la situation de l&rsquo;\u00e9ducation dans le monde et aussi des contenus qui peuvent \u00eatre utiles pour le ressourcement des \u00e9ducateurs.<\/p>\n","protected":false},"author":2,"featured_media":0,"parent":1038,"menu_order":4,"comment_status":"closed","ping_status":"closed","template":"","meta":{"footnotes":""},"class_list":["post-1580","page","type-page","status-publish","hentry"],"jetpack_sharing_enabled":true,"jetpack_shortlink":"https:\/\/wp.me\/PcR5kd-pu","jetpack-related-posts":[{"id":1065,"url":"https:\/\/fmahaiti.org\/site\/education\/pacte-educatif-global\/","url_meta":{"origin":1580,"position":0},"title":"Pacte \u00e9ducatif global","author":"Sr Martha Seide","date":"8 mai 2021","format":false,"excerpt":"PLAN ACTION LS PROVINCE NDS Objectis Laudato SI PROJET PACTE EDUCATIF GLOGAL POUR LEDUCATION \u00a0 Le Pape Fran\u00e7ois nous a invit\u00e9s \u00e0 plusieurs reprises et, de mani\u00e8re particuli\u00e8re, dans sa convocation, le 12 septembre 2019 et lors de sa relance, le 15 septembre 2020 \u00e0 construire le Pacte \u00c9ducatif Global\u2026","rel":"","context":"Article similaire","block_context":{"text":"Article similaire","link":""},"img":{"alt_text":"","src":"https:\/\/i0.wp.com\/fmahaiti.org\/site\/wp-content\/uploads\/2021\/08\/plan-laudato-si.jpg?resize=350%2C200&ssl=1","width":350,"height":200,"srcset":"https:\/\/i0.wp.com\/fmahaiti.org\/site\/wp-content\/uploads\/2021\/08\/plan-laudato-si.jpg?resize=350%2C200&ssl=1 1x, https:\/\/i0.wp.com\/fmahaiti.org\/site\/wp-content\/uploads\/2021\/08\/plan-laudato-si.jpg?resize=525%2C300&ssl=1 1.5x, https:\/\/i0.wp.com\/fmahaiti.org\/site\/wp-content\/uploads\/2021\/08\/plan-laudato-si.jpg?resize=700%2C400&ssl=1 2x, https:\/\/i0.wp.com\/fmahaiti.org\/site\/wp-content\/uploads\/2021\/08\/plan-laudato-si.jpg?resize=1050%2C600&ssl=1 3x"},"classes":[]},{"id":1085,"url":"https:\/\/fmahaiti.org\/site\/education\/projet-educatif-ensemble-nous-pouvons\/","url_meta":{"origin":1580,"position":1},"title":"Projet \u00e9ducatif \u00ab\u00a0Ensemble nous pouvons\u00a0\u00bb","author":"Sr Martha Seide","date":"5 avril 2021","format":false,"excerpt":"Un projet pour vivre \u00ab Laudato S\u00ec \u00bb: Prendre soin de la maison commune: Nous nous engageons dans ce projet parce que nous sommes des \u00e9ducatrices et des \u00e9ducateurs qui vivons le charisme sal\u00e9sien dans la fid\u00e9lit\u00e9, avec cr\u00e9ativit\u00e9 et pour les jeunes qui r\u00eavent de construire un avenir bien\u2026","rel":"","context":"Article similaire","block_context":{"text":"Article similaire","link":""},"img":{"alt_text":"","src":"https:\/\/i0.wp.com\/fmahaiti.org\/site\/wp-content\/uploads\/2021\/08\/logocombine.jpg?resize=350%2C200&ssl=1","width":350,"height":200,"srcset":"https:\/\/i0.wp.com\/fmahaiti.org\/site\/wp-content\/uploads\/2021\/08\/logocombine.jpg?resize=350%2C200&ssl=1 1x, https:\/\/i0.wp.com\/fmahaiti.org\/site\/wp-content\/uploads\/2021\/08\/logocombine.jpg?resize=525%2C300&ssl=1 1.5x, https:\/\/i0.wp.com\/fmahaiti.org\/site\/wp-content\/uploads\/2021\/08\/logocombine.jpg?resize=700%2C400&ssl=1 2x, https:\/\/i0.wp.com\/fmahaiti.org\/site\/wp-content\/uploads\/2021\/08\/logocombine.jpg?resize=1050%2C600&ssl=1 3x, https:\/\/i0.wp.com\/fmahaiti.org\/site\/wp-content\/uploads\/2021\/08\/logocombine.jpg?resize=1400%2C800&ssl=1 4x"},"classes":[]},{"id":1038,"url":"https:\/\/fmahaiti.org\/site\/education\/","url_meta":{"origin":1580,"position":2},"title":"Education","author":"fmahaiti","date":"28 mars 2021","format":false,"excerpt":"La mission sal\u00e9sienne privil\u00e9gie l\u2019\u00e9ducation de ceux qui se trouvent en situation de pauvret\u00e9 et de risque.\u00a0 Pour cela, elle implique tous ceux qui sont engag\u00e9s dans la promotion de la formation int\u00e9grale. Suivant les traces de Saint Jean Bosco et Sainte Marie Dominique Mazzarello, les FMA ont toujours d\u00e9montr\u00e9\u2026","rel":"","context":"Article similaire","block_context":{"text":"Article similaire","link":""},"img":{"alt_text":"","src":"https:\/\/i0.wp.com\/fmahaiti.org\/site\/wp-content\/uploads\/2021\/08\/logocombine.jpg?resize=350%2C200&ssl=1","width":350,"height":200,"srcset":"https:\/\/i0.wp.com\/fmahaiti.org\/site\/wp-content\/uploads\/2021\/08\/logocombine.jpg?resize=350%2C200&ssl=1 1x, https:\/\/i0.wp.com\/fmahaiti.org\/site\/wp-content\/uploads\/2021\/08\/logocombine.jpg?resize=525%2C300&ssl=1 1.5x, https:\/\/i0.wp.com\/fmahaiti.org\/site\/wp-content\/uploads\/2021\/08\/logocombine.jpg?resize=700%2C400&ssl=1 2x, https:\/\/i0.wp.com\/fmahaiti.org\/site\/wp-content\/uploads\/2021\/08\/logocombine.jpg?resize=1050%2C600&ssl=1 3x, https:\/\/i0.wp.com\/fmahaiti.org\/site\/wp-content\/uploads\/2021\/08\/logocombine.jpg?resize=1400%2C800&ssl=1 4x"},"classes":[]},{"id":271,"url":"https:\/\/fmahaiti.org\/site\/origine\/vision\/","url_meta":{"origin":1580,"position":3},"title":"Vision","author":"fmahaiti","date":"7 mars 2021","format":false,"excerpt":"Nos communaut\u00e9s \u00e9ducatives en Ha\u00efti veulent contribuer \u00e0 la cr\u00e9ation de la culture de la vie et de l\u2019esp\u00e9rance dans une soci\u00e9t\u00e9 o\u00f9 l\u2019esp\u00e9rance de vie est faible. Nous assumons la proposition d\u2019une plus haute humanisation de la personne et de l\u2019histoire \u00e0 partir de l\u2019exp\u00e9rience chr\u00e9tienne, moyennant l\u2019\u00e9ducation...","rel":"","context":"Article similaire","block_context":{"text":"Article similaire","link":""},"img":{"alt_text":"","src":"https:\/\/i0.wp.com\/fmahaiti.org\/images\/francois-de-sales.png?resize=350%2C200&ssl=1","width":350,"height":200},"classes":[]},{"id":1935,"url":"https:\/\/fmahaiti.org\/site\/education\/carte-didentite-de-lecole-salesienne-en-amerique\/","url_meta":{"origin":1580,"position":4},"title":"Carte d&rsquo;identit\u00e9 de l&rsquo;\u00e9cole sal\u00e9sienne en Am\u00e9rique","author":"Sr Martha Seide","date":"7 ao\u00fbt 2021","format":false,"excerpt":"L\u2019\u00c9cole Sal\u00e9sienne am\u00e9ricaine, pr\u00e9sente sur tout le continent, est compos\u00e9e des \u00e9coles des Provinces am\u00e9ricaines, organis\u00e9es en quatre r\u00e9gions: Nous d\u00e9veloppons notre mission au Canada, aux \u00c9tats-Unis d\u2019Am\u00e9rique et dans tous les pays d\u2019Am\u00e9rique latine, avec une pr\u00e9sence \u00e9ducative de plus de 900 \u00e9coles et Centres de Formation Technique professionnelle,\u2026","rel":"","context":"Article similaire","block_context":{"text":"Article similaire","link":""},"img":{"alt_text":"","src":"https:\/\/i0.wp.com\/fmahaiti.org\/site\/wp-content\/uploads\/2021\/08\/carte-didentite-de-lecole-salesienne-en-Amerique.jpg?fit=952%2C415&ssl=1&resize=350%2C200","width":350,"height":200,"srcset":"https:\/\/i0.wp.com\/fmahaiti.org\/site\/wp-content\/uploads\/2021\/08\/carte-didentite-de-lecole-salesienne-en-Amerique.jpg?fit=952%2C415&ssl=1&resize=350%2C200 1x, https:\/\/i0.wp.com\/fmahaiti.org\/site\/wp-content\/uploads\/2021\/08\/carte-didentite-de-lecole-salesienne-en-Amerique.jpg?fit=952%2C415&ssl=1&resize=525%2C300 1.5x, https:\/\/i0.wp.com\/fmahaiti.org\/site\/wp-content\/uploads\/2021\/08\/carte-didentite-de-lecole-salesienne-en-Amerique.jpg?fit=952%2C415&ssl=1&resize=700%2C400 2x"},"classes":[]},{"id":1190,"url":"https:\/\/fmahaiti.org\/site\/education\/bureau-pedagogique-et-de-developpement-des-fma-en-haiti\/","url_meta":{"origin":1580,"position":5},"title":"Bureau P\u00e9dagogique et de D\u00e9veloppement des FMA en Ha\u00efti","author":"Sr Martha Seide","date":"5 avril 2021","format":false,"excerpt":"Apr\u00e8s le s\u00e9isme d\u00e9vastateur du 12 janvier 2010,\u00a0 en \u00e9troite collaboration avec des Organisations telles ACTEC et Via Don Bosco, les FMA d'Haiti ont mis en place un Bureau P\u00e9dagogique et de D\u00e9veloppement. Le bureau p\u00e9dagogique a pour but de favoriser: L'am\u00e9lioration de la qualit\u00e9 de l'Enseignement, la mise \u00e0\u2026","rel":"","context":"Article similaire","block_context":{"text":"Article similaire","link":""},"img":{"alt_text":"","src":"https:\/\/i0.wp.com\/fmahaiti.org\/site\/wp-content\/uploads\/2021\/08\/logocombine.jpg?resize=350%2C200&ssl=1","width":350,"height":200,"srcset":"https:\/\/i0.wp.com\/fmahaiti.org\/site\/wp-content\/uploads\/2021\/08\/logocombine.jpg?resize=350%2C200&ssl=1 1x, https:\/\/i0.wp.com\/fmahaiti.org\/site\/wp-content\/uploads\/2021\/08\/logocombine.jpg?resize=525%2C300&ssl=1 1.5x, https:\/\/i0.wp.com\/fmahaiti.org\/site\/wp-content\/uploads\/2021\/08\/logocombine.jpg?resize=700%2C400&ssl=1 2x, https:\/\/i0.wp.com\/fmahaiti.org\/site\/wp-content\/uploads\/2021\/08\/logocombine.jpg?resize=1050%2C600&ssl=1 3x, https:\/\/i0.wp.com\/fmahaiti.org\/site\/wp-content\/uploads\/2021\/08\/logocombine.jpg?resize=1400%2C800&ssl=1 4x"},"classes":[]}],"_links":{"self":[{"href":"https:\/\/fmahaiti.org\/site\/wp-json\/wp\/v2\/pages\/1580","targetHints":{"allow":["GET"]}}],"collection":[{"href":"https:\/\/fmahaiti.org\/site\/wp-json\/wp\/v2\/pages"}],"about":[{"href":"https:\/\/fmahaiti.org\/site\/wp-json\/wp\/v2\/types\/page"}],"author":[{"embeddable":true,"href":"https:\/\/fmahaiti.org\/site\/wp-json\/wp\/v2\/users\/2"}],"replies":[{"embeddable":true,"href":"https:\/\/fmahaiti.org\/site\/wp-json\/wp\/v2\/comments?post=1580"}],"version-history":[{"count":3,"href":"https:\/\/fmahaiti.org\/site\/wp-json\/wp\/v2\/pages\/1580\/revisions"}],"predecessor-version":[{"id":1977,"href":"https:\/\/fmahaiti.org\/site\/wp-json\/wp\/v2\/pages\/1580\/revisions\/1977"}],"up":[{"embeddable":true,"href":"https:\/\/fmahaiti.org\/site\/wp-json\/wp\/v2\/pages\/1038"}],"wp:attachment":[{"href":"https:\/\/fmahaiti.org\/site\/wp-json\/wp\/v2\/media?parent=1580"}],"curies":[{"name":"wp","href":"https:\/\/api.w.org\/{rel}","templated":true}]}}