{"id":1396,"date":"2021-04-10T16:31:58","date_gmt":"2021-04-10T20:31:58","guid":{"rendered":"https:\/\/fmahaiti.org\/site\/?page_id=1396"},"modified":"2021-08-08T11:09:13","modified_gmt":"2021-08-08T15:09:13","slug":"multimedia-audio","status":"publish","type":"page","link":"https:\/\/fmahaiti.org\/site\/blog\/multimedia-video\/multimedia-audio\/","title":{"rendered":"Multimedia: Audio"},"content":{"rendered":"<p><a href=\"https:\/\/fmahaiti.org\/site\/education\/pacte-educatif-global\/\"><img data-recalc-dims=\"1\" loading=\"lazy\" decoding=\"async\" class=\"wp-image-1967 size-full aligncenter\" src=\"https:\/\/i0.wp.com\/fmahaiti.org\/site\/wp-content\/uploads\/2021\/08\/logocombine.jpg?resize=843%2C264&#038;ssl=1\" alt=\"\" width=\"843\" height=\"264\" srcset=\"https:\/\/i0.wp.com\/fmahaiti.org\/site\/wp-content\/uploads\/2021\/08\/logocombine.jpg?w=2332&amp;ssl=1 2332w, https:\/\/i0.wp.com\/fmahaiti.org\/site\/wp-content\/uploads\/2021\/08\/logocombine.jpg?resize=300%2C94&amp;ssl=1 300w, https:\/\/i0.wp.com\/fmahaiti.org\/site\/wp-content\/uploads\/2021\/08\/logocombine.jpg?resize=1024%2C320&amp;ssl=1 1024w, https:\/\/i0.wp.com\/fmahaiti.org\/site\/wp-content\/uploads\/2021\/08\/logocombine.jpg?resize=768%2C240&amp;ssl=1 768w, https:\/\/i0.wp.com\/fmahaiti.org\/site\/wp-content\/uploads\/2021\/08\/logocombine.jpg?resize=1536%2C480&amp;ssl=1 1536w, https:\/\/i0.wp.com\/fmahaiti.org\/site\/wp-content\/uploads\/2021\/08\/logocombine.jpg?resize=2048%2C640&amp;ssl=1 2048w, https:\/\/i0.wp.com\/fmahaiti.org\/site\/wp-content\/uploads\/2021\/08\/logocombine.jpg?w=1686&amp;ssl=1 1686w\" sizes=\"auto, (max-width: 843px) 100vw, 843px\" \/><\/a><\/p>\n<p><iframe loading=\"lazy\" src=\"https:\/\/w.soundcloud.com\/player\/?url=https%3A\/\/api.soundcloud.com\/tracks\/1009027714&amp;color=%23ff5500&amp;auto_play=false&amp;hide_related=false&amp;show_comments=true&amp;show_user=true&amp;show_reposts=false&amp;show_teaser=true&amp;visual=true\" width=\"100%\" height=\"300\" frameborder=\"no\" scrolling=\"no\"><\/iframe><\/p>\n<div style=\"font-size: 10px; color: #cccccc; line-break: anywhere; word-break: normal; overflow: hidden; white-space: nowrap; text-overflow: ellipsis; font-family: Interstate,Lucida Grande,Lucida Sans Unicode,Lucida Sans,Garuda,Verdana,Tahoma,sans-serif; font-weight: 100;\"><a style=\"color: #cccccc; text-decoration: none;\" title=\"Amministratoreweb FMA\" href=\"https:\/\/soundcloud.com\/user-24146069\" target=\"_blank\" rel=\"noopener\">Amministratoreweb FMA<\/a> \u00b7 <a style=\"color: #cccccc; text-decoration: none;\" title=\"CENT CINQUANTE ANN\u00c9ES - Haingo, Ranaivo, Rakotondratsimba, Ramaminiaina,Tafitasoa MDG\" href=\"https:\/\/soundcloud.com\/user-24146069\/cent-cinquante-annees-haingo-ranaivo-rakotondratsimba-ramaminiainatafitasoa-mdg\" target=\"_blank\" rel=\"noopener\">CENT CINQUANTE ANN\u00c9ES &#8211; Haingo, Ranaivo, Rakotondratsimba, Ramaminiaina,Tafitasoa MDG<\/a><\/div>\n","protected":false},"excerpt":{"rendered":"<p>Amministratoreweb FMA \u00b7 CENT CINQUANTE ANN\u00c9ES &#8211; Haingo, Ranaivo, Rakotondratsimba, Ramaminiaina,Tafitasoa MDG<\/p>\n","protected":false},"author":1,"featured_media":0,"parent":867,"menu_order":1,"comment_status":"closed","ping_status":"closed","template":"","meta":{"footnotes":""},"class_list":["post-1396","page","type-page","status-publish","hentry"],"jetpack_sharing_enabled":true,"jetpack_shortlink":"https:\/\/wp.me\/PcR5kd-mw","jetpack-related-posts":[{"id":1357,"url":"https:\/\/fmahaiti.org\/site\/blog\/multimedia-video\/nos-albums\/","url_meta":{"origin":1396,"position":0},"title":"Nos Albums","author":"fmahaiti","date":"10 avril 2021","format":false,"excerpt":"","rel":"","context":"Article similaire","block_context":{"text":"Article similaire","link":""},"img":{"alt_text":"","src":"https:\/\/i0.wp.com\/fmahaiti.org\/site\/wp-content\/uploads\/2021\/08\/logocombine.jpg?resize=350%2C200&ssl=1","width":350,"height":200,"srcset":"https:\/\/i0.wp.com\/fmahaiti.org\/site\/wp-content\/uploads\/2021\/08\/logocombine.jpg?resize=350%2C200&ssl=1 1x, https:\/\/i0.wp.com\/fmahaiti.org\/site\/wp-content\/uploads\/2021\/08\/logocombine.jpg?resize=525%2C300&ssl=1 1.5x, https:\/\/i0.wp.com\/fmahaiti.org\/site\/wp-content\/uploads\/2021\/08\/logocombine.jpg?resize=700%2C400&ssl=1 2x, https:\/\/i0.wp.com\/fmahaiti.org\/site\/wp-content\/uploads\/2021\/08\/logocombine.jpg?resize=1050%2C600&ssl=1 3x, https:\/\/i0.wp.com\/fmahaiti.org\/site\/wp-content\/uploads\/2021\/08\/logocombine.jpg?resize=1400%2C800&ssl=1 4x"},"classes":[]},{"id":867,"url":"https:\/\/fmahaiti.org\/site\/blog\/multimedia-video\/","url_meta":{"origin":1396,"position":1},"title":"Multimedia: Vid\u00e9os","author":"fmahaiti","date":"21 mars 2021","format":false,"excerpt":"Vid\u00e9o des S\u0153urs sal\u00e9siennes d'Haiti ou d'ailleurs en action dans les diff\u00e9rents champs d'apostolat ou montrant le dynamisme de l'institut.","rel":"","context":"Article similaire","block_context":{"text":"Article similaire","link":""},"img":{"alt_text":"","src":"","width":0,"height":0},"classes":[]},{"id":670,"url":"https:\/\/fmahaiti.org\/site\/","url_meta":{"origin":1396,"position":2},"title":"Bienvenue sur le site des FMA d&rsquo;Haiti","author":"fmahaiti","date":"3 octobre 2024","format":false,"excerpt":"Page d'accueil du site officiel des Filles de Marie Auxiliatrice ou S\u0153urs Sal\u00e9siennes de Don Bosco \u0153uvrant en Haiti et en Guadeloupe.","rel":"","context":"Article similaire","block_context":{"text":"Article similaire","link":""},"img":{"alt_text":"","src":"https:\/\/i0.wp.com\/fmahaiti.org\/site\/wp-content\/uploads\/2025\/12\/STRENNA2026-FRA-1024x731.jpg?resize=350%2C200&ssl=1","width":350,"height":200,"srcset":"https:\/\/i0.wp.com\/fmahaiti.org\/site\/wp-content\/uploads\/2025\/12\/STRENNA2026-FRA-1024x731.jpg?resize=350%2C200&ssl=1 1x, https:\/\/i0.wp.com\/fmahaiti.org\/site\/wp-content\/uploads\/2025\/12\/STRENNA2026-FRA-1024x731.jpg?resize=525%2C300&ssl=1 1.5x, https:\/\/i0.wp.com\/fmahaiti.org\/site\/wp-content\/uploads\/2025\/12\/STRENNA2026-FRA-1024x731.jpg?resize=700%2C400&ssl=1 2x"},"classes":[]},{"id":1190,"url":"https:\/\/fmahaiti.org\/site\/education\/bureau-pedagogique-et-de-developpement-des-fma-en-haiti\/","url_meta":{"origin":1396,"position":3},"title":"Bureau P\u00e9dagogique et de D\u00e9veloppement des FMA en Ha\u00efti","author":"Sr Martha Seide","date":"5 avril 2021","format":false,"excerpt":"Apr\u00e8s le s\u00e9isme d\u00e9vastateur du 12 janvier 2010,\u00a0 en \u00e9troite collaboration avec des Organisations telles ACTEC et Via Don Bosco, les FMA d'Haiti ont mis en place un Bureau P\u00e9dagogique et de D\u00e9veloppement. Le bureau p\u00e9dagogique a pour but de favoriser: L'am\u00e9lioration de la qualit\u00e9 de l'Enseignement, la mise \u00e0\u2026","rel":"","context":"Article similaire","block_context":{"text":"Article similaire","link":""},"img":{"alt_text":"","src":"https:\/\/i0.wp.com\/fmahaiti.org\/site\/wp-content\/uploads\/2021\/08\/logocombine.jpg?resize=350%2C200&ssl=1","width":350,"height":200,"srcset":"https:\/\/i0.wp.com\/fmahaiti.org\/site\/wp-content\/uploads\/2021\/08\/logocombine.jpg?resize=350%2C200&ssl=1 1x, https:\/\/i0.wp.com\/fmahaiti.org\/site\/wp-content\/uploads\/2021\/08\/logocombine.jpg?resize=525%2C300&ssl=1 1.5x, https:\/\/i0.wp.com\/fmahaiti.org\/site\/wp-content\/uploads\/2021\/08\/logocombine.jpg?resize=700%2C400&ssl=1 2x, https:\/\/i0.wp.com\/fmahaiti.org\/site\/wp-content\/uploads\/2021\/08\/logocombine.jpg?resize=1050%2C600&ssl=1 3x, https:\/\/i0.wp.com\/fmahaiti.org\/site\/wp-content\/uploads\/2021\/08\/logocombine.jpg?resize=1400%2C800&ssl=1 4x"},"classes":[]},{"id":339,"url":"https:\/\/fmahaiti.org\/site\/nos-communautes\/","url_meta":{"origin":1396,"position":4},"title":"Nos Communaut\u00e9s","author":"fmahaiti","date":"9 mars 2021","format":false,"excerpt":"Les Filles de Marie Auxiliatrice d\u2019Ha\u00efti animent 18 communaut\u00e9s \u00e9ducatives avec une pr\u00e9sence dans 8 des 10 d\u00e9partements de la R\u00e9publique d'Haiti et en Guadeloupe (Saint-Martin \u2013 Marigot)...","rel":"","context":"Article similaire","block_context":{"text":"Article similaire","link":""},"img":{"alt_text":"","src":"https:\/\/i0.wp.com\/fmahaiti.org\/site\/wp-content\/uploads\/2024\/12\/IMG-20240201-WA0018-300x225.jpg?resize=350%2C200&ssl=1","width":350,"height":200},"classes":[]},{"id":2146,"url":"https:\/\/fmahaiti.org\/site\/xxive-chapitre-general\/","url_meta":{"origin":1396,"position":5},"title":"Chapitre G\u00e9n\u00e9ral XXIV","author":"fmahaiti","date":"12 septembre 2021","format":false,"excerpt":"Le Chapitre G\u00e9n\u00e9ral est un temps fort de partage de l\u2019Identit\u00e9 et de la mission charismatique de l\u2019Institut des Filles de Marie Ausiliatrice. Du 17 septembre 2021, nous c\u00e9l\u00e9brons le XXIV\u00e8me Chapitre G\u00e9n\u00e9ral dans l\u2019histoire de l\u2019Institut FMA et la M\u00e8re G\u00e9n\u00e9rale est la 9\u00e8me successeur de M\u00e8re Mazzarello.","rel":"","context":"Dans &quot;Vie de l'Institut&quot;","block_context":{"text":"Vie de l'Institut","link":"https:\/\/fmahaiti.org\/site\/category\/vie-de-linstitut\/"},"img":{"alt_text":"","src":"","width":0,"height":0},"classes":[]}],"_links":{"self":[{"href":"https:\/\/fmahaiti.org\/site\/wp-json\/wp\/v2\/pages\/1396","targetHints":{"allow":["GET"]}}],"collection":[{"href":"https:\/\/fmahaiti.org\/site\/wp-json\/wp\/v2\/pages"}],"about":[{"href":"https:\/\/fmahaiti.org\/site\/wp-json\/wp\/v2\/types\/page"}],"author":[{"embeddable":true,"href":"https:\/\/fmahaiti.org\/site\/wp-json\/wp\/v2\/users\/1"}],"replies":[{"embeddable":true,"href":"https:\/\/fmahaiti.org\/site\/wp-json\/wp\/v2\/comments?post=1396"}],"version-history":[{"count":3,"href":"https:\/\/fmahaiti.org\/site\/wp-json\/wp\/v2\/pages\/1396\/revisions"}],"predecessor-version":[{"id":1980,"href":"https:\/\/fmahaiti.org\/site\/wp-json\/wp\/v2\/pages\/1396\/revisions\/1980"}],"up":[{"embeddable":true,"href":"https:\/\/fmahaiti.org\/site\/wp-json\/wp\/v2\/pages\/867"}],"wp:attachment":[{"href":"https:\/\/fmahaiti.org\/site\/wp-json\/wp\/v2\/media?parent=1396"}],"curies":[{"name":"wp","href":"https:\/\/api.w.org\/{rel}","templated":true}]}}