{"id":1190,"date":"2021-04-05T06:11:15","date_gmt":"2021-04-05T10:11:15","guid":{"rendered":"https:\/\/fmahaiti.org\/site\/?page_id=1190"},"modified":"2021-08-08T11:06:25","modified_gmt":"2021-08-08T15:06:25","slug":"bureau-pedagogique-et-de-developpement-des-fma-en-haiti","status":"publish","type":"page","link":"https:\/\/fmahaiti.org\/site\/education\/bureau-pedagogique-et-de-developpement-des-fma-en-haiti\/","title":{"rendered":"Bureau P\u00e9dagogique et de D\u00e9veloppement des FMA en Ha\u00efti"},"content":{"rendered":"<p><a href=\"https:\/\/fmahaiti.org\/site\/education\/pacte-educatif-global\/\"><img data-recalc-dims=\"1\" loading=\"lazy\" decoding=\"async\" class=\"wp-image-1967 size-full aligncenter\" src=\"https:\/\/i0.wp.com\/fmahaiti.org\/site\/wp-content\/uploads\/2021\/08\/logocombine.jpg?resize=843%2C264&#038;ssl=1\" alt=\"\" width=\"843\" height=\"264\" srcset=\"https:\/\/i0.wp.com\/fmahaiti.org\/site\/wp-content\/uploads\/2021\/08\/logocombine.jpg?w=2332&amp;ssl=1 2332w, https:\/\/i0.wp.com\/fmahaiti.org\/site\/wp-content\/uploads\/2021\/08\/logocombine.jpg?resize=300%2C94&amp;ssl=1 300w, https:\/\/i0.wp.com\/fmahaiti.org\/site\/wp-content\/uploads\/2021\/08\/logocombine.jpg?resize=1024%2C320&amp;ssl=1 1024w, https:\/\/i0.wp.com\/fmahaiti.org\/site\/wp-content\/uploads\/2021\/08\/logocombine.jpg?resize=768%2C240&amp;ssl=1 768w, https:\/\/i0.wp.com\/fmahaiti.org\/site\/wp-content\/uploads\/2021\/08\/logocombine.jpg?resize=1536%2C480&amp;ssl=1 1536w, https:\/\/i0.wp.com\/fmahaiti.org\/site\/wp-content\/uploads\/2021\/08\/logocombine.jpg?resize=2048%2C640&amp;ssl=1 2048w, https:\/\/i0.wp.com\/fmahaiti.org\/site\/wp-content\/uploads\/2021\/08\/logocombine.jpg?w=1686&amp;ssl=1 1686w\" sizes=\"auto, (max-width: 843px) 100vw, 843px\" \/><\/a><\/p>\n<p>Apr\u00e8s le s\u00e9isme d\u00e9vastateur du 12 janvier 2010,\u00a0 en \u00e9troite collaboration avec des Organisations telles <a href=\"https:\/\/actec-ong.org\/\">ACTEC<\/a> et <a href=\"https:\/\/www.viadonbosco.org\/fr\">Via Don Bosco<\/a>, les FMA d&rsquo;Haiti ont mis en place un <strong>Bureau P\u00e9dagogique <\/strong>et de<strong> D\u00e9veloppement.<\/strong><\/p>\n<p>Le <strong>bureau p\u00e9dagogique<\/strong> a pour but de favoriser:<\/p>\n<ul>\n<li>L&rsquo;am\u00e9lioration de la qualit\u00e9 de l&rsquo;Enseignement,<\/li>\n<li>la mise \u00e0 niveau des m\u00e9thodes d&rsquo;Apprentissage ;<\/li>\n<li>l&rsquo;encadrement et l&rsquo;accompagnement des Enseignants.<\/li>\n<\/ul>\n<p>De son cot\u00e9, le\u00a0<b>Bureau de D\u00e9veloppement <\/b>se propose de g\u00e9rer de mani\u00e8re optimale des projets destin\u00e9s \u00e0 aider des enfants et des jeunes d\u00e9favoris\u00e9s.<\/p>\n<p><img data-recalc-dims=\"1\" loading=\"lazy\" decoding=\"async\" class=\"size-medium wp-image-1115 alignright\" src=\"https:\/\/i0.wp.com\/fmahaiti.org\/site\/wp-content\/uploads\/2021\/03\/IMG-20210323-WA0037.jpg?resize=300%2C225&#038;ssl=1\" alt=\"\" width=\"300\" height=\"225\" srcset=\"https:\/\/i0.wp.com\/fmahaiti.org\/site\/wp-content\/uploads\/2021\/03\/IMG-20210323-WA0037.jpg?resize=300%2C225&amp;ssl=1 300w, https:\/\/i0.wp.com\/fmahaiti.org\/site\/wp-content\/uploads\/2021\/03\/IMG-20210323-WA0037.jpg?resize=768%2C576&amp;ssl=1 768w, https:\/\/i0.wp.com\/fmahaiti.org\/site\/wp-content\/uploads\/2021\/03\/IMG-20210323-WA0037.jpg?w=1024&amp;ssl=1 1024w\" sizes=\"auto, (max-width: 300px) 100vw, 300px\" \/><\/p>\n<p>Aujourd&rsquo;hui, les FMA\u00a0 dirigent, en Haiti,<\/p>\n<ul>\n<li>12 Pr\u00e9scolaires<\/li>\n<li>15 \u00c9coles primaires : Cycle fondamental complet<\/li>\n<li>6 \u00c9coles secondaires atteignant la classe terminale<\/li>\n<li>1 \u00c9cole Normale \u00e0 double vacation<\/li>\n<li>7 \u00c9coles professionnelles de premier niveau<\/li>\n<li>9 Centres des Jeunes \u00e0 caract\u00e8re professionnel<\/li>\n<li>10 internats ou foyers<\/li>\n<li>13 patronages pour les enfants et adolescents<\/li>\n<li>20 groupes juv\u00e9niles et associations<\/li>\n<li>3 groupes alphab\u00e9tisation d\u2019adultes<\/li>\n<\/ul>\n<p><a href=\"https:\/\/actec-ong.org\/\"><img data-recalc-dims=\"1\" loading=\"lazy\" decoding=\"async\" class=\"alignnone wp-image-1212\" src=\"https:\/\/i0.wp.com\/fmahaiti.org\/site\/wp-content\/uploads\/2021\/04\/logo_actec.jpg?resize=246%2C69&#038;ssl=1\" alt=\"\" width=\"246\" height=\"69\" srcset=\"https:\/\/i0.wp.com\/fmahaiti.org\/site\/wp-content\/uploads\/2021\/04\/logo_actec.jpg?resize=300%2C84&amp;ssl=1 300w, https:\/\/i0.wp.com\/fmahaiti.org\/site\/wp-content\/uploads\/2021\/04\/logo_actec.jpg?resize=768%2C215&amp;ssl=1 768w, https:\/\/i0.wp.com\/fmahaiti.org\/site\/wp-content\/uploads\/2021\/04\/logo_actec.jpg?w=998&amp;ssl=1 998w\" sizes=\"auto, (max-width: 246px) 100vw, 246px\" \/><\/a>\u00a0 \u00a0 \u00a0 \u00a0 \u00a0 \u00a0 \u00a0 \u00a0 \u00a0 \u00a0 <a href=\"https:\/\/www.viadonbosco.org\/fr\"><img data-recalc-dims=\"1\" loading=\"lazy\" decoding=\"async\" class=\"alignnone size-medium wp-image-1213\" src=\"https:\/\/i0.wp.com\/fmahaiti.org\/site\/wp-content\/uploads\/2021\/04\/logo-via-don-bosco.png?resize=300%2C44&#038;ssl=1\" alt=\"\" width=\"300\" height=\"44\" srcset=\"https:\/\/i0.wp.com\/fmahaiti.org\/site\/wp-content\/uploads\/2021\/04\/logo-via-don-bosco.png?resize=300%2C44&amp;ssl=1 300w, https:\/\/i0.wp.com\/fmahaiti.org\/site\/wp-content\/uploads\/2021\/04\/logo-via-don-bosco.png?resize=1024%2C151&amp;ssl=1 1024w, https:\/\/i0.wp.com\/fmahaiti.org\/site\/wp-content\/uploads\/2021\/04\/logo-via-don-bosco.png?resize=768%2C113&amp;ssl=1 768w, https:\/\/i0.wp.com\/fmahaiti.org\/site\/wp-content\/uploads\/2021\/04\/logo-via-don-bosco.png?w=1058&amp;ssl=1 1058w\" sizes=\"auto, (max-width: 300px) 100vw, 300px\" \/><\/a><\/p>\n<p>&nbsp;<\/p>\n<p><a href=\"https:\/\/fmahaiti.org\/site\/wp-content\/uploads\/2021\/08\/Carte-didentite-ecole-en-Amerique.pdf\"><img data-recalc-dims=\"1\" loading=\"lazy\" decoding=\"async\" class=\"alignnone wp-image-1936 size-full\" src=\"https:\/\/i0.wp.com\/fmahaiti.org\/site\/wp-content\/uploads\/2021\/08\/carte-didentite-de-lecole-salesienne-en-Amerique.jpg?resize=843%2C367&#038;ssl=1\" alt=\"\" width=\"843\" height=\"367\" srcset=\"https:\/\/i0.wp.com\/fmahaiti.org\/site\/wp-content\/uploads\/2021\/08\/carte-didentite-de-lecole-salesienne-en-Amerique.jpg?w=952&amp;ssl=1 952w, https:\/\/i0.wp.com\/fmahaiti.org\/site\/wp-content\/uploads\/2021\/08\/carte-didentite-de-lecole-salesienne-en-Amerique.jpg?resize=300%2C131&amp;ssl=1 300w, https:\/\/i0.wp.com\/fmahaiti.org\/site\/wp-content\/uploads\/2021\/08\/carte-didentite-de-lecole-salesienne-en-Amerique.jpg?resize=768%2C335&amp;ssl=1 768w\" sizes=\"auto, (max-width: 843px) 100vw, 843px\" \/><\/a><\/p>\n<p>&nbsp;<\/p>\n<p>Voici le premier Num\u00e9ro du Bulletin pour les informations sur les principales activit\u00e9s de ces diff\u00e9rents centres \u00e9ducatifs.<\/p>\n<p style=\"text-align: left;\">Cliquer sur le lien pour lire le Bulletin<\/p>\n<p><a href=\"https:\/\/fmahaiti.org\/site\/wp-content\/uploads\/2021\/04\/REVUE-FMA-16-JUILLET-1.pdf\"><img data-recalc-dims=\"1\" loading=\"lazy\" decoding=\"async\" class=\"alignnone wp-image-1193\" src=\"https:\/\/i0.wp.com\/fmahaiti.org\/site\/wp-content\/uploads\/2021\/04\/cahier.jpg?resize=27%2C27&#038;ssl=1\" alt=\"\" width=\"27\" height=\"27\" srcset=\"https:\/\/i0.wp.com\/fmahaiti.org\/site\/wp-content\/uploads\/2021\/04\/cahier.jpg?resize=300%2C300&amp;ssl=1 300w, https:\/\/i0.wp.com\/fmahaiti.org\/site\/wp-content\/uploads\/2021\/04\/cahier.jpg?resize=150%2C150&amp;ssl=1 150w, https:\/\/i0.wp.com\/fmahaiti.org\/site\/wp-content\/uploads\/2021\/04\/cahier.jpg?resize=768%2C768&amp;ssl=1 768w, https:\/\/i0.wp.com\/fmahaiti.org\/site\/wp-content\/uploads\/2021\/04\/cahier.jpg?w=980&amp;ssl=1 980w\" sizes=\"auto, (max-width: 27px) 100vw, 27px\" \/>\u00a0 REVUE FMA 16 JUILLET (1)<\/a><\/p>\n<p><strong>Le Bureau vous souhaite Joyeuses P\u00e2ques\u00a0<\/strong><\/p>\n<p><a href=\"https:\/\/fmahaiti.org\/site\/wp-content\/uploads\/2021\/04\/Voeux-de-Paques-2021.pdf\"><img data-recalc-dims=\"1\" loading=\"lazy\" decoding=\"async\" class=\"alignnone wp-image-1199\" src=\"https:\/\/i0.wp.com\/fmahaiti.org\/site\/wp-content\/uploads\/2021\/04\/gesu_risorto.jpg?resize=28%2C20&#038;ssl=1\" alt=\"\" width=\"28\" height=\"20\" srcset=\"https:\/\/i0.wp.com\/fmahaiti.org\/site\/wp-content\/uploads\/2021\/04\/gesu_risorto.jpg?resize=300%2C216&amp;ssl=1 300w, https:\/\/i0.wp.com\/fmahaiti.org\/site\/wp-content\/uploads\/2021\/04\/gesu_risorto.jpg?w=605&amp;ssl=1 605w\" sizes=\"auto, (max-width: 28px) 100vw, 28px\" \/>Voeux de Paques &#8211; 2021<\/a><\/p>\n<p>&nbsp;<\/p>\n<p>&nbsp;<\/p>\n","protected":false},"excerpt":{"rendered":"<p>Apr\u00e8s le s\u00e9isme d\u00e9vastateur du 12 janvier 2010,\u00a0 en \u00e9troite collaboration avec des Organisations telles ACTEC et Via Don Bosco, les FMA d&rsquo;Haiti ont mis&hellip;<\/p>\n","protected":false},"author":2,"featured_media":0,"parent":1038,"menu_order":1,"comment_status":"closed","ping_status":"closed","template":"","meta":{"footnotes":""},"class_list":["post-1190","page","type-page","status-publish","hentry"],"jetpack_sharing_enabled":true,"jetpack_shortlink":"https:\/\/wp.me\/PcR5kd-jc","jetpack-related-posts":[{"id":670,"url":"https:\/\/fmahaiti.org\/site\/","url_meta":{"origin":1190,"position":0},"title":"Bienvenue sur le site des FMA d&rsquo;Haiti","author":"fmahaiti","date":"3 octobre 2024","format":false,"excerpt":"Page d'accueil du site officiel des Filles de Marie Auxiliatrice ou S\u0153urs Sal\u00e9siennes de Don Bosco \u0153uvrant en Haiti et en Guadeloupe.","rel":"","context":"Article similaire","block_context":{"text":"Article similaire","link":""},"img":{"alt_text":"","src":"https:\/\/i0.wp.com\/fmahaiti.org\/site\/wp-content\/uploads\/2026\/05\/logo-reseau.png?resize=350%2C200&ssl=1","width":350,"height":200},"classes":[]},{"id":339,"url":"https:\/\/fmahaiti.org\/site\/nos-communautes\/","url_meta":{"origin":1190,"position":1},"title":"Nos Communaut\u00e9s","author":"fmahaiti","date":"9 mars 2021","format":false,"excerpt":"Les Filles de Marie Auxiliatrice d\u2019Ha\u00efti animent 18 communaut\u00e9s \u00e9ducatives avec une pr\u00e9sence dans 8 des 10 d\u00e9partements de la R\u00e9publique d'Haiti et en Guadeloupe (Saint-Martin \u2013 Marigot)...","rel":"","context":"Article similaire","block_context":{"text":"Article similaire","link":""},"img":{"alt_text":"","src":"https:\/\/i0.wp.com\/fmahaiti.org\/site\/wp-content\/uploads\/2024\/12\/IMG-20240201-WA0018-300x225.jpg?resize=350%2C200&ssl=1","width":350,"height":200},"classes":[]},{"id":1580,"url":"https:\/\/fmahaiti.org\/site\/education\/liens-utiles\/","url_meta":{"origin":1190,"position":2},"title":"Liens utiles","author":"Sr Martha Seide","date":"2 mai 2021","format":false,"excerpt":"Sur cette page, vous trouverez des liens qui peuvent servir pour avoir des informations sur la situation de l'\u00e9ducation dans le monde et aussi des contenus qui peuvent \u00eatre utiles pour le ressourcement des \u00e9ducateurs.","rel":"","context":"Article similaire","block_context":{"text":"Article similaire","link":""},"img":{"alt_text":"","src":"https:\/\/i0.wp.com\/fmahaiti.org\/site\/wp-content\/uploads\/2021\/08\/logocombine.jpg?resize=350%2C200&ssl=1","width":350,"height":200,"srcset":"https:\/\/i0.wp.com\/fmahaiti.org\/site\/wp-content\/uploads\/2021\/08\/logocombine.jpg?resize=350%2C200&ssl=1 1x, https:\/\/i0.wp.com\/fmahaiti.org\/site\/wp-content\/uploads\/2021\/08\/logocombine.jpg?resize=525%2C300&ssl=1 1.5x, https:\/\/i0.wp.com\/fmahaiti.org\/site\/wp-content\/uploads\/2021\/08\/logocombine.jpg?resize=700%2C400&ssl=1 2x, https:\/\/i0.wp.com\/fmahaiti.org\/site\/wp-content\/uploads\/2021\/08\/logocombine.jpg?resize=1050%2C600&ssl=1 3x, https:\/\/i0.wp.com\/fmahaiti.org\/site\/wp-content\/uploads\/2021\/08\/logocombine.jpg?resize=1400%2C800&ssl=1 4x"},"classes":[]},{"id":407,"url":"https:\/\/fmahaiti.org\/site\/origine\/animation-et-services\/","url_meta":{"origin":1190,"position":3},"title":"Province NDPS: Animation et services","author":"fmahaiti","date":"11 mars 2021","format":false,"excerpt":"L'animation de la Province d'Haiti plac\u00e9e sous la protection de Notre-Dame du Perp\u00e9tuel secours est assur\u00e9e par un Conseil provincial assist\u00e9 d'une \u00e9quipe de coordinatrices et de plusieurs noyaux ou commissions...","rel":"","context":"Article similaire","block_context":{"text":"Article similaire","link":""},"img":{"alt_text":"","src":"https:\/\/i0.wp.com\/fmahaiti.org\/images\/title_line.png?resize=350%2C200&ssl=1","width":350,"height":200,"srcset":"https:\/\/i0.wp.com\/fmahaiti.org\/images\/title_line.png?resize=350%2C200&ssl=1 1x, https:\/\/i0.wp.com\/fmahaiti.org\/images\/title_line.png?resize=525%2C300&ssl=1 1.5x, https:\/\/i0.wp.com\/fmahaiti.org\/images\/title_line.png?resize=700%2C400&ssl=1 2x"},"classes":[]},{"id":233,"url":"https:\/\/fmahaiti.org\/site\/origine\/fma-haiti\/","url_meta":{"origin":1190,"position":4},"title":"Les FMA en Haiti","author":"fmahaiti","date":"7 mars 2021","format":false,"excerpt":"Les S\u0153urs Sal\u00e9siennes se sont \u00e9tablies en Haiti en 1935. Aujourd\u2019hui, elles comptent 18 maisons reparties \u00e0 travers le pays et en Guadeloupe. Rattach\u00e9es, jusqu\u2019en 1991 \u00e0 la Province des Antilles dont le si\u00e8ge se trouve \u00e0 Santo Domingo, R\u00e9publique Dominicaine, elles sont devenues d\u2019abord une Pr\u00e9-Province, et en 1997\u2026","rel":"","context":"Article similaire","block_context":{"text":"Article similaire","link":""},"img":{"alt_text":"","src":"https:\/\/i0.wp.com\/fmahaiti.org\/images\/perpetuel-secours.jpg?resize=350%2C200&ssl=1","width":350,"height":200},"classes":[]},{"id":1038,"url":"https:\/\/fmahaiti.org\/site\/education\/","url_meta":{"origin":1190,"position":5},"title":"Education","author":"fmahaiti","date":"28 mars 2021","format":false,"excerpt":"La mission sal\u00e9sienne privil\u00e9gie l\u2019\u00e9ducation de ceux qui se trouvent en situation de pauvret\u00e9 et de risque.\u00a0 Pour cela, elle implique tous ceux qui sont engag\u00e9s dans la promotion de la formation int\u00e9grale. Suivant les traces de Saint Jean Bosco et Sainte Marie Dominique Mazzarello, les FMA ont toujours d\u00e9montr\u00e9\u2026","rel":"","context":"Article similaire","block_context":{"text":"Article similaire","link":""},"img":{"alt_text":"","src":"https:\/\/i0.wp.com\/fmahaiti.org\/site\/wp-content\/uploads\/2021\/08\/logocombine.jpg?resize=350%2C200&ssl=1","width":350,"height":200,"srcset":"https:\/\/i0.wp.com\/fmahaiti.org\/site\/wp-content\/uploads\/2021\/08\/logocombine.jpg?resize=350%2C200&ssl=1 1x, https:\/\/i0.wp.com\/fmahaiti.org\/site\/wp-content\/uploads\/2021\/08\/logocombine.jpg?resize=525%2C300&ssl=1 1.5x, https:\/\/i0.wp.com\/fmahaiti.org\/site\/wp-content\/uploads\/2021\/08\/logocombine.jpg?resize=700%2C400&ssl=1 2x, https:\/\/i0.wp.com\/fmahaiti.org\/site\/wp-content\/uploads\/2021\/08\/logocombine.jpg?resize=1050%2C600&ssl=1 3x, https:\/\/i0.wp.com\/fmahaiti.org\/site\/wp-content\/uploads\/2021\/08\/logocombine.jpg?resize=1400%2C800&ssl=1 4x"},"classes":[]}],"_links":{"self":[{"href":"https:\/\/fmahaiti.org\/site\/wp-json\/wp\/v2\/pages\/1190","targetHints":{"allow":["GET"]}}],"collection":[{"href":"https:\/\/fmahaiti.org\/site\/wp-json\/wp\/v2\/pages"}],"about":[{"href":"https:\/\/fmahaiti.org\/site\/wp-json\/wp\/v2\/types\/page"}],"author":[{"embeddable":true,"href":"https:\/\/fmahaiti.org\/site\/wp-json\/wp\/v2\/users\/2"}],"replies":[{"embeddable":true,"href":"https:\/\/fmahaiti.org\/site\/wp-json\/wp\/v2\/comments?post=1190"}],"version-history":[{"count":4,"href":"https:\/\/fmahaiti.org\/site\/wp-json\/wp\/v2\/pages\/1190\/revisions"}],"predecessor-version":[{"id":1979,"href":"https:\/\/fmahaiti.org\/site\/wp-json\/wp\/v2\/pages\/1190\/revisions\/1979"}],"up":[{"embeddable":true,"href":"https:\/\/fmahaiti.org\/site\/wp-json\/wp\/v2\/pages\/1038"}],"wp:attachment":[{"href":"https:\/\/fmahaiti.org\/site\/wp-json\/wp\/v2\/media?parent=1190"}],"curies":[{"name":"wp","href":"https:\/\/api.w.org\/{rel}","templated":true}]}}