{"id":1065,"date":"2021-05-08T16:40:09","date_gmt":"2021-05-08T20:40:09","guid":{"rendered":"https:\/\/fmahaiti.org\/site\/?page_id=1065"},"modified":"2021-08-07T17:13:19","modified_gmt":"2021-08-07T21:13:19","slug":"pacte-educatif-global","status":"publish","type":"page","link":"https:\/\/fmahaiti.org\/site\/education\/pacte-educatif-global\/","title":{"rendered":"Pacte \u00e9ducatif global"},"content":{"rendered":"<p><img data-recalc-dims=\"1\" loading=\"lazy\" decoding=\"async\" class=\"alignnone wp-image-1926 size-full\" src=\"https:\/\/i0.wp.com\/fmahaiti.org\/site\/wp-content\/uploads\/2021\/08\/plan-laudato-si.jpg?resize=843%2C364&#038;ssl=1\" alt=\"\" width=\"843\" height=\"364\" srcset=\"https:\/\/i0.wp.com\/fmahaiti.org\/site\/wp-content\/uploads\/2021\/08\/plan-laudato-si.jpg?w=1064&amp;ssl=1 1064w, https:\/\/i0.wp.com\/fmahaiti.org\/site\/wp-content\/uploads\/2021\/08\/plan-laudato-si.jpg?resize=300%2C130&amp;ssl=1 300w, https:\/\/i0.wp.com\/fmahaiti.org\/site\/wp-content\/uploads\/2021\/08\/plan-laudato-si.jpg?resize=1024%2C443&amp;ssl=1 1024w, https:\/\/i0.wp.com\/fmahaiti.org\/site\/wp-content\/uploads\/2021\/08\/plan-laudato-si.jpg?resize=768%2C332&amp;ssl=1 768w\" sizes=\"auto, (max-width: 843px) 100vw, 843px\" \/><\/p>\n<p style=\"text-align: center;\"><a href=\"https:\/\/fmahaiti.org\/site\/wp-content\/uploads\/2021\/08\/PLAN-ACTION-LS-PROVINCE-NDS-Corrige.pdf\">PLAN ACTION LS PROVINCE NDS<\/a><\/p>\n<p style=\"text-align: center;\"><a href=\"https:\/\/fmahaiti.org\/site\/wp-content\/uploads\/2021\/08\/Objectis-Laudato-SI.pdf\">Objectis Laudato SI<\/a><\/p>\n<p style=\"text-align: center;\"><a href=\"https:\/\/fmahaiti.org\/site\/wp-content\/uploads\/2021\/08\/PROJET-PACTE-EDUCATIF-GLOGAL-POUR-LEDUCATION.pdf\">PROJET PACTE EDUCATIF GLOGAL POUR LEDUCATION<\/a><\/p>\n<p>&nbsp;<\/p>\n<p>Le Pape Fran\u00e7ois nous a invit\u00e9s \u00e0 plusieurs reprises et, de mani\u00e8re particuli\u00e8re, dans sa convocation, le 12 septembre 2019 et lors de sa relance, le 15 septembre 2020 \u00e0 construire le Pacte \u00c9ducatif Global (PEG) . Cette proposition se situe dans la ligne de son enseignement que nous trouvons exprim\u00e9 avec pers\u00e9v\u00e9rance et coh\u00e9rence, dans l\u2019exhortation Apostolique <em>Evangelii gaudium<\/em>, et dans les encycliques\u00a0<em>Laudato Si\u2019<\/em>\u00a0et<em>\u00a0Fratelli tutti<\/em>.<\/p>\n<p><a href=\"https:\/\/www.educationglobalcompact.org\/it\/\"><img data-recalc-dims=\"1\" loading=\"lazy\" decoding=\"async\" class=\"size-full wp-image-1667 aligncenter\" src=\"https:\/\/i0.wp.com\/fmahaiti.org\/site\/wp-content\/uploads\/2021\/05\/logo-educational.jpg?resize=200%2C216&#038;ssl=1\" alt=\"\" width=\"200\" height=\"216\" \/><\/a><\/p>\n<p style=\"text-align: center;\">Cliquer sur le logo pour visiter le site web officiel du PEG<\/p>\n<p>L\u2019OIEC, dont notre Institut est membre, face \u00e0 cet appel du Pape, s\u2019est mobilis\u00e9e et s\u2019est engag\u00e9e \u00e0 construire ce pacte mondial avec d\u2019autres au niveau local. Ensemble avec la Commission Education de l\u2019<em>UISG-USG<\/em>, et avec le soutien et en coordination avec la\u00a0<em>Congr\u00e9gation pour l\u2019Education Catholique (CEC)<\/em>, OIEC a d\u00e9velopp\u00e9 une feuille de route<img decoding=\"async\" class=\"wp-image-4472\" src=\"http:\/\/oiecinternational.com\/fr\/wp-content\/uploads\/sites\/3\/2021\/04\/FEUILLE-DE-ROUTE-FR.pdf\" alt=\"\" \/>\u00a0avec\u00a0<strong>5 actions concr\u00e8tes<\/strong>, que chaque institution pourra contextualiser et adapter, en m\u00eame temps, que chacune d\u2019elles puisse aussi promouvoir les autres actions qu\u2019elle juge appropri\u00e9es.<\/p>\n<p><a href=\"http:\/\/oiecinternational.com\/fr\/\"><img data-recalc-dims=\"1\" loading=\"lazy\" decoding=\"async\" class=\" wp-image-1670 aligncenter\" src=\"https:\/\/i0.wp.com\/fmahaiti.org\/site\/wp-content\/uploads\/2021\/05\/Logo-oiec-1.jpg?resize=329%2C219&#038;ssl=1\" alt=\"\" width=\"329\" height=\"219\" srcset=\"https:\/\/i0.wp.com\/fmahaiti.org\/site\/wp-content\/uploads\/2021\/05\/Logo-oiec-1.jpg?resize=300%2C200&amp;ssl=1 300w, https:\/\/i0.wp.com\/fmahaiti.org\/site\/wp-content\/uploads\/2021\/05\/Logo-oiec-1.jpg?resize=1024%2C683&amp;ssl=1 1024w, https:\/\/i0.wp.com\/fmahaiti.org\/site\/wp-content\/uploads\/2021\/05\/Logo-oiec-1.jpg?resize=768%2C512&amp;ssl=1 768w, https:\/\/i0.wp.com\/fmahaiti.org\/site\/wp-content\/uploads\/2021\/05\/Logo-oiec-1.jpg?w=1200&amp;ssl=1 1200w\" sizes=\"auto, (max-width: 329px) 100vw, 329px\" \/><\/a><\/p>\n<p style=\"text-align: center;\">Cliquer sur le logo pour visiter le site de l&rsquo;OIEC<\/p>\n<p>Voici la feuille de route: <a href=\"https:\/\/fmahaiti.org\/site\/wp-content\/uploads\/2021\/05\/FEUILLE-DE-ROUTE-FR.pdf\">FEUILLE-DE-ROUTE-FR<\/a><\/p>\n<header class=\"entry-header\"><\/header>\n<div class=\"entry-content\">\n<h4><strong>ACTION 1 :<\/strong>\u00a0Livre des Lumi\u00e8res pour le Chemin vers le PEG<\/h4>\n<p>En \u00e9t\u00e9 2020, l\u2019OIEC publie avec SM Editors le livre\u00a0<em>\u00ab Luces para el camino: Pacto Educativo Global \u00bb<\/em>\u00a0que fournit une collection d\u2019id\u00e9es d\u2019\u00e9tudiants, de parents et de responsables de l\u2019\u00e9ducation catholique \u2013 y compris des enseignants et des directeurs, sur les d\u00e9fis qu\u2019ils voient pour l\u2019\u00e9ducation catholique et les contributions uniques des \u00e9coles. Le livre servira aux lecteurs comme source d\u2019inspiration et d\u2019encouragement \u00e0 la r\u00e9flexion, au dialogue et aux collaborations pour accomplir la mission des \u00e9coles catholiques.<\/p>\n<p><a href=\"http:\/\/oiecinternational.com\/fr\/pacte-educatif-global-lengagement-de-loiec\/\"><img data-recalc-dims=\"1\" loading=\"lazy\" decoding=\"async\" class=\"size-full wp-image-1671 aligncenter\" src=\"https:\/\/i0.wp.com\/fmahaiti.org\/site\/wp-content\/uploads\/2021\/05\/livre-241x300-1.jpg?resize=241%2C300&#038;ssl=1\" alt=\"\" width=\"241\" height=\"300\" \/><\/a><\/p>\n<p style=\"text-align: center;\">Cliquer sur l&rsquo;image pour t\u00e9l\u00e9charger le livre<\/p>\n<h4><strong>ACTION 2 :\u00a0<\/strong>Invitation \u00e0 mettre le logo officiel du PEG<\/h4>\n<p>L\u2019OIEC a invit\u00e9 ses membres \u00e0 placer le logo officiel du PEG sur leurs documents officiels, sur leurs sites web, r\u00e9seaux sociaux etc.<\/p>\n<p><a href=\"http:\/\/oiecinternational.com\/fr\/wp-content\/uploads\/sites\/3\/2021\/04\/CARTAS_LETTER_LETTRE_LETTERA-GLOBAL-COMPACT-ON-EDUCATION6799.pdf\"><img data-recalc-dims=\"1\" loading=\"lazy\" decoding=\"async\" class=\"wp-image-1667 aligncenter\" src=\"https:\/\/i0.wp.com\/fmahaiti.org\/site\/wp-content\/uploads\/2021\/05\/logo-educational.jpg?resize=142%2C153&#038;ssl=1\" alt=\"\" width=\"142\" height=\"153\" \/><\/a><\/p>\n<p style=\"text-align: center;\">T\u00e9l\u00e9charger l&rsquo;invitation en cliquant sur le logo<\/p>\n<p><img data-recalc-dims=\"1\" loading=\"lazy\" decoding=\"async\" class=\" wp-image-1675 aligncenter\" src=\"https:\/\/i0.wp.com\/fmahaiti.org\/site\/wp-content\/uploads\/2021\/05\/INVITACION-LOGO.png?resize=715%2C496&#038;ssl=1\" alt=\"\" width=\"715\" height=\"496\" srcset=\"https:\/\/i0.wp.com\/fmahaiti.org\/site\/wp-content\/uploads\/2021\/05\/INVITACION-LOGO.png?resize=300%2C208&amp;ssl=1 300w, https:\/\/i0.wp.com\/fmahaiti.org\/site\/wp-content\/uploads\/2021\/05\/INVITACION-LOGO.png?resize=1024%2C709&amp;ssl=1 1024w, https:\/\/i0.wp.com\/fmahaiti.org\/site\/wp-content\/uploads\/2021\/05\/INVITACION-LOGO.png?resize=768%2C532&amp;ssl=1 768w, https:\/\/i0.wp.com\/fmahaiti.org\/site\/wp-content\/uploads\/2021\/05\/INVITACION-LOGO.png?w=1040&amp;ssl=1 1040w\" sizes=\"auto, (max-width: 715px) 100vw, 715px\" \/><\/p>\n<p>&nbsp;<\/p>\n<h4><strong>ACTION 3 :<\/strong>\u00a0Construire le pacte \u00e9ducatif LOCALEMENT. Orientations et phases<\/h4>\n<p style=\"text-align: center;\">Lettre de pr\u00e9sentation du guide &#8211; <a href=\"https:\/\/fmahaiti.org\/site\/wp-content\/uploads\/2021\/05\/cartas-en-pdf.pdf\">T\u00e9l\u00e9charger<\/a><\/p>\n<p style=\"text-align: center;\">Cliquer sur l&rsquo;image pour t\u00e9l\u00e9charger le <a href=\"https:\/\/fmahaiti.org\/site\/wp-content\/uploads\/2021\/05\/GUIDE-PACTE-LOCAL_frances-final.pdf\">guide<\/a><\/p>\n<p><a href=\"https:\/\/fmahaiti.org\/site\/wp-content\/uploads\/2021\/05\/GUIDE-PACTE-LOCAL_frances-final.pdf\"><img data-recalc-dims=\"1\" loading=\"lazy\" decoding=\"async\" class=\" wp-image-1682 aligncenter\" src=\"https:\/\/i0.wp.com\/fmahaiti.org\/site\/wp-content\/uploads\/2021\/05\/guide-2.jpg?resize=244%2C334&#038;ssl=1\" alt=\"\" width=\"244\" height=\"334\" srcset=\"https:\/\/i0.wp.com\/fmahaiti.org\/site\/wp-content\/uploads\/2021\/05\/guide-2.jpg?resize=219%2C300&amp;ssl=1 219w, https:\/\/i0.wp.com\/fmahaiti.org\/site\/wp-content\/uploads\/2021\/05\/guide-2.jpg?w=691&amp;ssl=1 691w\" sizes=\"auto, (max-width: 244px) 100vw, 244px\" \/><\/a><\/p>\n<\/div>\n<h4><strong>ACTION 4 :<\/strong>\u00a0Manuel sur la construction du pacte \u00e9ducatif \u00e0 partir du niveau local, de chaque centre \u00e9ducatif, de chaque municipalit\u00e9.<\/h4>\n<p><em>A venir \u2026 vers la fin 2021.<\/em><\/p>\n<div class=\"wp-block-spacer\" aria-hidden=\"true\"><\/div>\n<h4><strong>ACTION 5 :\u00a0<\/strong>Programme et mat\u00e9riel pour la formation et la mise \u00e0 jour des agents \u00e9ducatifs et des directeurs d\u2019\u00e9tablissements d\u2019enseignement.<\/h4>\n<p><em>A venir \u2026 en printemps 2022.<\/em><\/p>\n<p>&nbsp;<\/p>\n<p><a href=\"https:\/\/fmahaiti.org\/site\/wp-content\/uploads\/2021\/08\/Carte-didentite-ecole-en-Amerique.pdf\"><img data-recalc-dims=\"1\" loading=\"lazy\" decoding=\"async\" class=\"alignnone wp-image-1936 size-full\" src=\"https:\/\/i0.wp.com\/fmahaiti.org\/site\/wp-content\/uploads\/2021\/08\/carte-didentite-de-lecole-salesienne-en-Amerique.jpg?resize=843%2C367&#038;ssl=1\" alt=\"\" width=\"843\" height=\"367\" srcset=\"https:\/\/i0.wp.com\/fmahaiti.org\/site\/wp-content\/uploads\/2021\/08\/carte-didentite-de-lecole-salesienne-en-Amerique.jpg?w=952&amp;ssl=1 952w, https:\/\/i0.wp.com\/fmahaiti.org\/site\/wp-content\/uploads\/2021\/08\/carte-didentite-de-lecole-salesienne-en-Amerique.jpg?resize=300%2C131&amp;ssl=1 300w, https:\/\/i0.wp.com\/fmahaiti.org\/site\/wp-content\/uploads\/2021\/08\/carte-didentite-de-lecole-salesienne-en-Amerique.jpg?resize=768%2C335&amp;ssl=1 768w\" sizes=\"auto, (max-width: 843px) 100vw, 843px\" \/><\/a><\/p>\n","protected":false},"excerpt":{"rendered":"<p>PLAN ACTION LS PROVINCE NDS Objectis Laudato SI PROJET PACTE EDUCATIF GLOGAL POUR LEDUCATION &nbsp; Le Pape Fran\u00e7ois nous a invit\u00e9s \u00e0 plusieurs reprises et,&hellip;<\/p>\n","protected":false},"author":2,"featured_media":0,"parent":1038,"menu_order":3,"comment_status":"closed","ping_status":"closed","template":"","meta":{"footnotes":""},"class_list":["post-1065","page","type-page","status-publish","hentry"],"jetpack_sharing_enabled":true,"jetpack_shortlink":"https:\/\/wp.me\/PcR5kd-hb","jetpack-related-posts":[{"id":1580,"url":"https:\/\/fmahaiti.org\/site\/education\/liens-utiles\/","url_meta":{"origin":1065,"position":0},"title":"Liens utiles","author":"Sr Martha Seide","date":"2 mai 2021","format":false,"excerpt":"Sur cette page, vous trouverez des liens qui peuvent servir pour avoir des informations sur la situation de l'\u00e9ducation dans le monde et aussi des contenus qui peuvent \u00eatre utiles pour le ressourcement des \u00e9ducateurs.","rel":"","context":"Article similaire","block_context":{"text":"Article similaire","link":""},"img":{"alt_text":"","src":"https:\/\/i0.wp.com\/fmahaiti.org\/site\/wp-content\/uploads\/2021\/08\/logocombine.jpg?resize=350%2C200&ssl=1","width":350,"height":200,"srcset":"https:\/\/i0.wp.com\/fmahaiti.org\/site\/wp-content\/uploads\/2021\/08\/logocombine.jpg?resize=350%2C200&ssl=1 1x, https:\/\/i0.wp.com\/fmahaiti.org\/site\/wp-content\/uploads\/2021\/08\/logocombine.jpg?resize=525%2C300&ssl=1 1.5x, https:\/\/i0.wp.com\/fmahaiti.org\/site\/wp-content\/uploads\/2021\/08\/logocombine.jpg?resize=700%2C400&ssl=1 2x, https:\/\/i0.wp.com\/fmahaiti.org\/site\/wp-content\/uploads\/2021\/08\/logocombine.jpg?resize=1050%2C600&ssl=1 3x, https:\/\/i0.wp.com\/fmahaiti.org\/site\/wp-content\/uploads\/2021\/08\/logocombine.jpg?resize=1400%2C800&ssl=1 4x"},"classes":[]},{"id":1085,"url":"https:\/\/fmahaiti.org\/site\/education\/projet-educatif-ensemble-nous-pouvons\/","url_meta":{"origin":1065,"position":1},"title":"Projet \u00e9ducatif \u00ab\u00a0Ensemble nous pouvons\u00a0\u00bb","author":"Sr Martha Seide","date":"5 avril 2021","format":false,"excerpt":"Un projet pour vivre \u00ab Laudato S\u00ec \u00bb: Prendre soin de la maison commune: Nous nous engageons dans ce projet parce que nous sommes des \u00e9ducatrices et des \u00e9ducateurs qui vivons le charisme sal\u00e9sien dans la fid\u00e9lit\u00e9, avec cr\u00e9ativit\u00e9 et pour les jeunes qui r\u00eavent de construire un avenir bien\u2026","rel":"","context":"Article similaire","block_context":{"text":"Article similaire","link":""},"img":{"alt_text":"","src":"https:\/\/i0.wp.com\/fmahaiti.org\/site\/wp-content\/uploads\/2021\/08\/logocombine.jpg?resize=350%2C200&ssl=1","width":350,"height":200,"srcset":"https:\/\/i0.wp.com\/fmahaiti.org\/site\/wp-content\/uploads\/2021\/08\/logocombine.jpg?resize=350%2C200&ssl=1 1x, https:\/\/i0.wp.com\/fmahaiti.org\/site\/wp-content\/uploads\/2021\/08\/logocombine.jpg?resize=525%2C300&ssl=1 1.5x, https:\/\/i0.wp.com\/fmahaiti.org\/site\/wp-content\/uploads\/2021\/08\/logocombine.jpg?resize=700%2C400&ssl=1 2x, https:\/\/i0.wp.com\/fmahaiti.org\/site\/wp-content\/uploads\/2021\/08\/logocombine.jpg?resize=1050%2C600&ssl=1 3x, https:\/\/i0.wp.com\/fmahaiti.org\/site\/wp-content\/uploads\/2021\/08\/logocombine.jpg?resize=1400%2C800&ssl=1 4x"},"classes":[]},{"id":271,"url":"https:\/\/fmahaiti.org\/site\/origine\/vision\/","url_meta":{"origin":1065,"position":2},"title":"Vision","author":"fmahaiti","date":"7 mars 2021","format":false,"excerpt":"Nos communaut\u00e9s \u00e9ducatives en Ha\u00efti veulent contribuer \u00e0 la cr\u00e9ation de la culture de la vie et de l\u2019esp\u00e9rance dans une soci\u00e9t\u00e9 o\u00f9 l\u2019esp\u00e9rance de vie est faible. Nous assumons la proposition d\u2019une plus haute humanisation de la personne et de l\u2019histoire \u00e0 partir de l\u2019exp\u00e9rience chr\u00e9tienne, moyennant l\u2019\u00e9ducation...","rel":"","context":"Article similaire","block_context":{"text":"Article similaire","link":""},"img":{"alt_text":"","src":"https:\/\/i0.wp.com\/fmahaiti.org\/images\/francois-de-sales.png?resize=350%2C200&ssl=1","width":350,"height":200},"classes":[]},{"id":1935,"url":"https:\/\/fmahaiti.org\/site\/education\/carte-didentite-de-lecole-salesienne-en-amerique\/","url_meta":{"origin":1065,"position":3},"title":"Carte d&rsquo;identit\u00e9 de l&rsquo;\u00e9cole sal\u00e9sienne en Am\u00e9rique","author":"Sr Martha Seide","date":"7 ao\u00fbt 2021","format":false,"excerpt":"L\u2019\u00c9cole Sal\u00e9sienne am\u00e9ricaine, pr\u00e9sente sur tout le continent, est compos\u00e9e des \u00e9coles des Provinces am\u00e9ricaines, organis\u00e9es en quatre r\u00e9gions: Nous d\u00e9veloppons notre mission au Canada, aux \u00c9tats-Unis d\u2019Am\u00e9rique et dans tous les pays d\u2019Am\u00e9rique latine, avec une pr\u00e9sence \u00e9ducative de plus de 900 \u00e9coles et Centres de Formation Technique professionnelle,\u2026","rel":"","context":"Article similaire","block_context":{"text":"Article similaire","link":""},"img":{"alt_text":"","src":"https:\/\/i0.wp.com\/fmahaiti.org\/site\/wp-content\/uploads\/2021\/08\/carte-didentite-de-lecole-salesienne-en-Amerique.jpg?fit=952%2C415&ssl=1&resize=350%2C200","width":350,"height":200,"srcset":"https:\/\/i0.wp.com\/fmahaiti.org\/site\/wp-content\/uploads\/2021\/08\/carte-didentite-de-lecole-salesienne-en-Amerique.jpg?fit=952%2C415&ssl=1&resize=350%2C200 1x, https:\/\/i0.wp.com\/fmahaiti.org\/site\/wp-content\/uploads\/2021\/08\/carte-didentite-de-lecole-salesienne-en-Amerique.jpg?fit=952%2C415&ssl=1&resize=525%2C300 1.5x, https:\/\/i0.wp.com\/fmahaiti.org\/site\/wp-content\/uploads\/2021\/08\/carte-didentite-de-lecole-salesienne-en-Amerique.jpg?fit=952%2C415&ssl=1&resize=700%2C400 2x"},"classes":[]},{"id":1038,"url":"https:\/\/fmahaiti.org\/site\/education\/","url_meta":{"origin":1065,"position":4},"title":"Education","author":"fmahaiti","date":"28 mars 2021","format":false,"excerpt":"La mission sal\u00e9sienne privil\u00e9gie l\u2019\u00e9ducation de ceux qui se trouvent en situation de pauvret\u00e9 et de risque.\u00a0 Pour cela, elle implique tous ceux qui sont engag\u00e9s dans la promotion de la formation int\u00e9grale. Suivant les traces de Saint Jean Bosco et Sainte Marie Dominique Mazzarello, les FMA ont toujours d\u00e9montr\u00e9\u2026","rel":"","context":"Article similaire","block_context":{"text":"Article similaire","link":""},"img":{"alt_text":"","src":"https:\/\/i0.wp.com\/fmahaiti.org\/site\/wp-content\/uploads\/2021\/08\/logocombine.jpg?resize=350%2C200&ssl=1","width":350,"height":200,"srcset":"https:\/\/i0.wp.com\/fmahaiti.org\/site\/wp-content\/uploads\/2021\/08\/logocombine.jpg?resize=350%2C200&ssl=1 1x, https:\/\/i0.wp.com\/fmahaiti.org\/site\/wp-content\/uploads\/2021\/08\/logocombine.jpg?resize=525%2C300&ssl=1 1.5x, https:\/\/i0.wp.com\/fmahaiti.org\/site\/wp-content\/uploads\/2021\/08\/logocombine.jpg?resize=700%2C400&ssl=1 2x, https:\/\/i0.wp.com\/fmahaiti.org\/site\/wp-content\/uploads\/2021\/08\/logocombine.jpg?resize=1050%2C600&ssl=1 3x, https:\/\/i0.wp.com\/fmahaiti.org\/site\/wp-content\/uploads\/2021\/08\/logocombine.jpg?resize=1400%2C800&ssl=1 4x"},"classes":[]},{"id":670,"url":"https:\/\/fmahaiti.org\/site\/","url_meta":{"origin":1065,"position":5},"title":"Bienvenue sur le site des FMA d&rsquo;Haiti","author":"fmahaiti","date":"3 octobre 2024","format":false,"excerpt":"Page d'accueil du site officiel des Filles de Marie Auxiliatrice ou S\u0153urs Sal\u00e9siennes de Don Bosco \u0153uvrant en Haiti et en Guadeloupe.","rel":"","context":"Article similaire","block_context":{"text":"Article similaire","link":""},"img":{"alt_text":"","src":"https:\/\/i0.wp.com\/fmahaiti.org\/site\/wp-content\/uploads\/2026\/05\/logo-reseau.png?resize=350%2C200&ssl=1","width":350,"height":200},"classes":[]}],"_links":{"self":[{"href":"https:\/\/fmahaiti.org\/site\/wp-json\/wp\/v2\/pages\/1065","targetHints":{"allow":["GET"]}}],"collection":[{"href":"https:\/\/fmahaiti.org\/site\/wp-json\/wp\/v2\/pages"}],"about":[{"href":"https:\/\/fmahaiti.org\/site\/wp-json\/wp\/v2\/types\/page"}],"author":[{"embeddable":true,"href":"https:\/\/fmahaiti.org\/site\/wp-json\/wp\/v2\/users\/2"}],"replies":[{"embeddable":true,"href":"https:\/\/fmahaiti.org\/site\/wp-json\/wp\/v2\/comments?post=1065"}],"version-history":[{"count":3,"href":"https:\/\/fmahaiti.org\/site\/wp-json\/wp\/v2\/pages\/1065\/revisions"}],"predecessor-version":[{"id":1944,"href":"https:\/\/fmahaiti.org\/site\/wp-json\/wp\/v2\/pages\/1065\/revisions\/1944"}],"up":[{"embeddable":true,"href":"https:\/\/fmahaiti.org\/site\/wp-json\/wp\/v2\/pages\/1038"}],"wp:attachment":[{"href":"https:\/\/fmahaiti.org\/site\/wp-json\/wp\/v2\/media?parent=1065"}],"curies":[{"name":"wp","href":"https:\/\/api.w.org\/{rel}","templated":true}]}}