{"id":1038,"date":"2021-03-28T17:24:28","date_gmt":"2021-03-28T21:24:28","guid":{"rendered":"https:\/\/fmahaiti.org\/site\/?page_id=1038"},"modified":"2021-08-08T11:00:16","modified_gmt":"2021-08-08T15:00:16","slug":"education","status":"publish","type":"page","link":"https:\/\/fmahaiti.org\/site\/education\/","title":{"rendered":"Education"},"content":{"rendered":"<p><img data-recalc-dims=\"1\" loading=\"lazy\" decoding=\"async\" class=\"alignnone wp-image-1967 size-full\" src=\"https:\/\/i0.wp.com\/fmahaiti.org\/site\/wp-content\/uploads\/2021\/08\/logocombine.jpg?resize=843%2C264&#038;ssl=1\" alt=\"\" width=\"843\" height=\"264\" srcset=\"https:\/\/i0.wp.com\/fmahaiti.org\/site\/wp-content\/uploads\/2021\/08\/logocombine.jpg?w=2332&amp;ssl=1 2332w, https:\/\/i0.wp.com\/fmahaiti.org\/site\/wp-content\/uploads\/2021\/08\/logocombine.jpg?resize=300%2C94&amp;ssl=1 300w, https:\/\/i0.wp.com\/fmahaiti.org\/site\/wp-content\/uploads\/2021\/08\/logocombine.jpg?resize=1024%2C320&amp;ssl=1 1024w, https:\/\/i0.wp.com\/fmahaiti.org\/site\/wp-content\/uploads\/2021\/08\/logocombine.jpg?resize=768%2C240&amp;ssl=1 768w, https:\/\/i0.wp.com\/fmahaiti.org\/site\/wp-content\/uploads\/2021\/08\/logocombine.jpg?resize=1536%2C480&amp;ssl=1 1536w, https:\/\/i0.wp.com\/fmahaiti.org\/site\/wp-content\/uploads\/2021\/08\/logocombine.jpg?resize=2048%2C640&amp;ssl=1 2048w, https:\/\/i0.wp.com\/fmahaiti.org\/site\/wp-content\/uploads\/2021\/08\/logocombine.jpg?w=1686&amp;ssl=1 1686w\" sizes=\"auto, (max-width: 843px) 100vw, 843px\" \/><\/p>\n<p>La mission sal\u00e9sienne privil\u00e9gie l\u2019\u00e9ducation de ceux qui se trouvent en situation de pauvret\u00e9 et de risque.\u00a0 Pour cela, elle implique tous ceux qui sont engag\u00e9s dans la promotion de la formation int\u00e9grale.<img data-recalc-dims=\"1\" loading=\"lazy\" decoding=\"async\" class=\"size-medium wp-image-1191 alignright\" src=\"https:\/\/i0.wp.com\/fmahaiti.org\/site\/wp-content\/uploads\/2021\/04\/EHMA3.jpg?resize=300%2C225&#038;ssl=1\" alt=\"\" width=\"300\" height=\"225\" srcset=\"https:\/\/i0.wp.com\/fmahaiti.org\/site\/wp-content\/uploads\/2021\/04\/EHMA3.jpg?resize=300%2C225&amp;ssl=1 300w, https:\/\/i0.wp.com\/fmahaiti.org\/site\/wp-content\/uploads\/2021\/04\/EHMA3.jpg?w=512&amp;ssl=1 512w\" sizes=\"auto, (max-width: 300px) 100vw, 300px\" \/><\/p>\n<p>Suivant les traces de Saint Jean Bosco et Sainte Marie Dominique Mazzarello, les FMA ont toujours d\u00e9montr\u00e9 de l\u2019int\u00e9r\u00eat pour la formation professionnelle en vue de l&rsquo;insertion des jeunes dans le monde du travail et dans la soci\u00e9t\u00e9.<\/p>\n<p>C&rsquo;est ce qui explique pourquoi elles \u0153uvrent, aujourd&rsquo;hui, dans la formation technique et professionnelle des jeunes vuln\u00e9rables d&rsquo;Ha\u00efti.<\/p>\n<p>Parall\u00e8lement, elles jouent un r\u00f4le pr\u00e9pond\u00e9rant dans l&rsquo;\u00e9ducation\u00a0\u00a0classique gr\u00e2ce \u00e0 des \u00e9coles de qualit\u00e9 qui tournent autour du slogan: \u201c<em>Former de bons chr\u00e9tiens et d&rsquo;honn\u00eates citoyens<\/em>\u201d.<\/p>\n<p><img data-recalc-dims=\"1\" loading=\"lazy\" decoding=\"async\" class=\"size-medium wp-image-1192 alignleft\" src=\"https:\/\/i0.wp.com\/fmahaiti.org\/site\/wp-content\/uploads\/2021\/04\/EHMA1.jpg?resize=300%2C200&#038;ssl=1\" alt=\"\" width=\"300\" height=\"200\" srcset=\"https:\/\/i0.wp.com\/fmahaiti.org\/site\/wp-content\/uploads\/2021\/04\/EHMA1.jpg?resize=300%2C200&amp;ssl=1 300w, https:\/\/i0.wp.com\/fmahaiti.org\/site\/wp-content\/uploads\/2021\/04\/EHMA1.jpg?resize=1024%2C683&amp;ssl=1 1024w, https:\/\/i0.wp.com\/fmahaiti.org\/site\/wp-content\/uploads\/2021\/04\/EHMA1.jpg?resize=768%2C512&amp;ssl=1 768w, https:\/\/i0.wp.com\/fmahaiti.org\/site\/wp-content\/uploads\/2021\/04\/EHMA1.jpg?resize=1536%2C1024&amp;ssl=1 1536w, https:\/\/i0.wp.com\/fmahaiti.org\/site\/wp-content\/uploads\/2021\/04\/EHMA1.jpg?w=2048&amp;ssl=1 2048w, https:\/\/i0.wp.com\/fmahaiti.org\/site\/wp-content\/uploads\/2021\/04\/EHMA1.jpg?w=1686&amp;ssl=1 1686w\" sizes=\"auto, (max-width: 300px) 100vw, 300px\" \/>Aujourd&rsquo;hui, les FMA op\u00e8rent dans tous les champs \u00e9ducatifs: \u00e9ducation formelle,\u00a0non formelle,\u00a0alphab\u00e9tisation, formation professionnelle,\u00a0activit\u00e9s g\u00e9n\u00e9ratrices de revenu (AGR).<\/p>\n<p>Les activit\u00e9s (activit\u00e9s artisanales, culturelles, conf\u00e9rences, loisirs, sport, \u00e9cologie) visent en g\u00e9n\u00e9ral la promotion de la femme; l\u2019am\u00e9lioration du cadre d\u2019apprentissage et d\u2019int\u00e9gration des composantes culturelles, sociales et spirituelles dans la formation des jeunes.<\/p>\n<p>&nbsp;<\/p>\n<p><a href=\"https:\/\/fmahaiti.org\/site\/wp-content\/uploads\/2021\/08\/Carte-didentite-ecole-en-Amerique.pdf\"><img data-recalc-dims=\"1\" loading=\"lazy\" decoding=\"async\" class=\"alignnone wp-image-1936 size-full\" src=\"https:\/\/i0.wp.com\/fmahaiti.org\/site\/wp-content\/uploads\/2021\/08\/carte-didentite-de-lecole-salesienne-en-Amerique.jpg?resize=843%2C367&#038;ssl=1\" alt=\"\" width=\"843\" height=\"367\" srcset=\"https:\/\/i0.wp.com\/fmahaiti.org\/site\/wp-content\/uploads\/2021\/08\/carte-didentite-de-lecole-salesienne-en-Amerique.jpg?w=952&amp;ssl=1 952w, https:\/\/i0.wp.com\/fmahaiti.org\/site\/wp-content\/uploads\/2021\/08\/carte-didentite-de-lecole-salesienne-en-Amerique.jpg?resize=300%2C131&amp;ssl=1 300w, https:\/\/i0.wp.com\/fmahaiti.org\/site\/wp-content\/uploads\/2021\/08\/carte-didentite-de-lecole-salesienne-en-Amerique.jpg?resize=768%2C335&amp;ssl=1 768w\" sizes=\"auto, (max-width: 843px) 100vw, 843px\" \/><\/a><\/p>\n","protected":false},"excerpt":{"rendered":"<p>La mission sal\u00e9sienne privil\u00e9gie l\u2019\u00e9ducation de ceux qui se trouvent en situation de pauvret\u00e9 et de risque.\u00a0 Pour cela, elle implique tous ceux qui sont&hellip;<\/p>\n","protected":false},"author":1,"featured_media":0,"parent":0,"menu_order":4,"comment_status":"closed","ping_status":"closed","template":"","meta":{"footnotes":""},"class_list":["post-1038","page","type-page","status-publish","hentry"],"jetpack_sharing_enabled":true,"jetpack_shortlink":"https:\/\/wp.me\/PcR5kd-gK","jetpack-related-posts":[{"id":1935,"url":"https:\/\/fmahaiti.org\/site\/education\/carte-didentite-de-lecole-salesienne-en-amerique\/","url_meta":{"origin":1038,"position":0},"title":"Carte d&rsquo;identit\u00e9 de l&rsquo;\u00e9cole sal\u00e9sienne en Am\u00e9rique","author":"Sr Martha Seide","date":"7 ao\u00fbt 2021","format":false,"excerpt":"L\u2019\u00c9cole Sal\u00e9sienne am\u00e9ricaine, pr\u00e9sente sur tout le continent, est compos\u00e9e des \u00e9coles des Provinces am\u00e9ricaines, organis\u00e9es en quatre r\u00e9gions: Nous d\u00e9veloppons notre mission au Canada, aux \u00c9tats-Unis d\u2019Am\u00e9rique et dans tous les pays d\u2019Am\u00e9rique latine, avec une pr\u00e9sence \u00e9ducative de plus de 900 \u00e9coles et Centres de Formation Technique professionnelle,\u2026","rel":"","context":"Article similaire","block_context":{"text":"Article similaire","link":""},"img":{"alt_text":"","src":"https:\/\/i0.wp.com\/fmahaiti.org\/site\/wp-content\/uploads\/2021\/08\/carte-didentite-de-lecole-salesienne-en-Amerique.jpg?fit=952%2C415&ssl=1&resize=350%2C200","width":350,"height":200,"srcset":"https:\/\/i0.wp.com\/fmahaiti.org\/site\/wp-content\/uploads\/2021\/08\/carte-didentite-de-lecole-salesienne-en-Amerique.jpg?fit=952%2C415&ssl=1&resize=350%2C200 1x, https:\/\/i0.wp.com\/fmahaiti.org\/site\/wp-content\/uploads\/2021\/08\/carte-didentite-de-lecole-salesienne-en-Amerique.jpg?fit=952%2C415&ssl=1&resize=525%2C300 1.5x, https:\/\/i0.wp.com\/fmahaiti.org\/site\/wp-content\/uploads\/2021\/08\/carte-didentite-de-lecole-salesienne-en-Amerique.jpg?fit=952%2C415&ssl=1&resize=700%2C400 2x"},"classes":[]},{"id":250,"url":"https:\/\/fmahaiti.org\/site\/origine\/mission\/","url_meta":{"origin":1038,"position":1},"title":"Mission","author":"fmahaiti","date":"7 mars 2021","format":false,"excerpt":"Nous op\u00e9rons dans des champs d\u2019activit\u00e9s vari\u00e9es : \u00e9ducation formelle, non formelle, alphab\u00e9tisation ; formation professionnelle ; activit\u00e9s g\u00e9n\u00e9ratrices de revenu (AGR). Les activit\u00e9s (activit\u00e9s artisanales, culturelles, conf\u00e9rences, loisirs, sport, \u00e9cologie) visent en g\u00e9n\u00e9ral la promotion de la femme. l\u2019am\u00e9lioration du cadre d\u2019apprentissage et d\u2019int\u00e9gration des composantes culturelles, sociales et\u2026","rel":"","context":"Article similaire","block_context":{"text":"Article similaire","link":""},"img":{"alt_text":"","src":"https:\/\/i0.wp.com\/fmahaiti.org\/images\/destinataires.jpg?resize=350%2C200","width":350,"height":200},"classes":[]},{"id":670,"url":"https:\/\/fmahaiti.org\/site\/","url_meta":{"origin":1038,"position":2},"title":"Bienvenue sur le site des FMA d&rsquo;Haiti","author":"fmahaiti","date":"3 octobre 2024","format":false,"excerpt":"Page d'accueil du site officiel des Filles de Marie Auxiliatrice ou S\u0153urs Sal\u00e9siennes de Don Bosco \u0153uvrant en Haiti et en Guadeloupe.","rel":"","context":"Article similaire","block_context":{"text":"Article similaire","link":""},"img":{"alt_text":"","src":"https:\/\/i0.wp.com\/fmahaiti.org\/site\/wp-content\/uploads\/2026\/05\/logo-reseau.png?resize=350%2C200&ssl=1","width":350,"height":200},"classes":[]},{"id":339,"url":"https:\/\/fmahaiti.org\/site\/nos-communautes\/","url_meta":{"origin":1038,"position":3},"title":"Nos Communaut\u00e9s","author":"fmahaiti","date":"9 mars 2021","format":false,"excerpt":"Les Filles de Marie Auxiliatrice d\u2019Ha\u00efti animent 18 communaut\u00e9s \u00e9ducatives avec une pr\u00e9sence dans 8 des 10 d\u00e9partements de la R\u00e9publique d'Haiti et en Guadeloupe (Saint-Martin \u2013 Marigot)...","rel":"","context":"Article similaire","block_context":{"text":"Article similaire","link":""},"img":{"alt_text":"","src":"https:\/\/i0.wp.com\/fmahaiti.org\/site\/wp-content\/uploads\/2024\/12\/IMG-20240201-WA0018-300x225.jpg?resize=350%2C200&ssl=1","width":350,"height":200},"classes":[]},{"id":602,"url":"https:\/\/fmahaiti.org\/site\/famille-salesienne\/vdb\/","url_meta":{"origin":1038,"position":4},"title":"Les Volontaires de Don Bosco","author":"fmahaiti","date":"14 mars 2021","format":false,"excerpt":"Consacr\u00e9es par la profession des\u00a0conseils \u00e9vang\u00e9liques\u00a0v\u00e9cus dans le monde, elles font\u00a0v\u0153u\u00a0de chastet\u00e9, pauvret\u00e9 et ob\u00e9issance\u00a0et s\u2019engagent \u00e0 \u00eatre des t\u00e9moins de la radicalit\u00e9 de l\u2019amour, sans se distinguer des gens de leur milieu...","rel":"","context":"Article similaire","block_context":{"text":"Article similaire","link":""},"img":{"alt_text":"","src":"","width":0,"height":0},"classes":[]},{"id":407,"url":"https:\/\/fmahaiti.org\/site\/origine\/animation-et-services\/","url_meta":{"origin":1038,"position":5},"title":"Province NDPS: Animation et services","author":"fmahaiti","date":"11 mars 2021","format":false,"excerpt":"L'animation de la Province d'Haiti plac\u00e9e sous la protection de Notre-Dame du Perp\u00e9tuel secours est assur\u00e9e par un Conseil provincial assist\u00e9 d'une \u00e9quipe de coordinatrices et de plusieurs noyaux ou commissions...","rel":"","context":"Article similaire","block_context":{"text":"Article similaire","link":""},"img":{"alt_text":"","src":"https:\/\/i0.wp.com\/fmahaiti.org\/images\/title_line.png?resize=350%2C200&ssl=1","width":350,"height":200,"srcset":"https:\/\/i0.wp.com\/fmahaiti.org\/images\/title_line.png?resize=350%2C200&ssl=1 1x, https:\/\/i0.wp.com\/fmahaiti.org\/images\/title_line.png?resize=525%2C300&ssl=1 1.5x, https:\/\/i0.wp.com\/fmahaiti.org\/images\/title_line.png?resize=700%2C400&ssl=1 2x"},"classes":[]}],"_links":{"self":[{"href":"https:\/\/fmahaiti.org\/site\/wp-json\/wp\/v2\/pages\/1038","targetHints":{"allow":["GET"]}}],"collection":[{"href":"https:\/\/fmahaiti.org\/site\/wp-json\/wp\/v2\/pages"}],"about":[{"href":"https:\/\/fmahaiti.org\/site\/wp-json\/wp\/v2\/types\/page"}],"author":[{"embeddable":true,"href":"https:\/\/fmahaiti.org\/site\/wp-json\/wp\/v2\/users\/1"}],"replies":[{"embeddable":true,"href":"https:\/\/fmahaiti.org\/site\/wp-json\/wp\/v2\/comments?post=1038"}],"version-history":[{"count":4,"href":"https:\/\/fmahaiti.org\/site\/wp-json\/wp\/v2\/pages\/1038\/revisions"}],"predecessor-version":[{"id":1974,"href":"https:\/\/fmahaiti.org\/site\/wp-json\/wp\/v2\/pages\/1038\/revisions\/1974"}],"wp:attachment":[{"href":"https:\/\/fmahaiti.org\/site\/wp-json\/wp\/v2\/media?parent=1038"}],"curies":[{"name":"wp","href":"https:\/\/api.w.org\/{rel}","templated":true}]}}